{"id":256254,"date":"2026-01-10T22:45:00","date_gmt":"2026-01-10T19:45:00","guid":{"rendered":"https:\/\/baldumarket.lt\/product\/naomi-na11-lawa\/"},"modified":"2026-02-11T18:30:39","modified_gmt":"2026-02-11T15:30:39","slug":"naomi-na11-lawa","status":"publish","type":"product","link":"https:\/\/baldumarket.lt\/lt\/product\/naomi-na11-lawa\/","title":{"rendered":"NAOMI NA11 SUOLAS"},"content":{"rendered":"<p>NAOMI NA11 kavos staliukas puikiai papildys j\u016bs\u0173 svetain\u0119 ar miegam\u0105j\u012f. Didelis stalvir\u0161is idealiai tinka darbui, mokymuisi, pokalbiams su draugais ar poilsiui su m\u0117gstama arbata ar kava. Prakti\u0161ka lentyna po stalvir\u0161iu padeda palaikyti tvark\u0105. Dekoratyvios, \u0161velniai apvalios venge spalvos lentjuost\u0117s kartu su rie\u0161utmed\u017eiu papildo plat\u0173 spalv\u0173 spektr\u0105 ir atveria daugyb\u0119 dizaino galimybi\u0173. Kavos staliukas idealiai tinka derinti su kitais NAOMI serijos baldais arba naudoti kaip atskiras baldas, prisitaikantis prie j\u016bs\u0173 kambario interjero.<\/p>\n<p>Plotis 67 cm Ilgis 107 cm Auk\u0161tis 45 cm Produkto svoris su pakuote 22,3 kg Gamintojo kodas \/ simbolis NA-11 Kolekcijos pavadinimas NAOMI I\u0161traukiama NE Produkto pakuo\u010di\u0173 skai\u010dius 2 Stilius Moderni \u012franga Surinkimo instrukcijos \/ surinkimo priedai Surinkimas Savaranki\u0161kam surinkimui Korpuso spalva rie\u0161utmedis Stalvir\u0161io med\u017eiaga \/ tipas \/ storis med\u017eio dro\u017eli\u0173 plok\u0161t\u0117 18 mm \/ MDF 18 mm Korpuso med\u017eiaga \/ tipas \/ storis Laminuota med\u017eio dro\u017eli\u0173 plok\u0161t\u0117 16 mm<\/p>","protected":false},"excerpt":{"rendered":"<p>NAOMI NA11 kavos staliukas puikiai papildys j\u016bs\u0173 svetain\u0119 ar miegam\u0105j\u012f. Didelis stalvir\u0161is idealiai tinka darbui, mokymuisi, pokalbiams su draugais ar poilsiui su m\u0117gstama arbata ar kava. Prakti\u0161ka lentyna po stalvir\u0161iu padeda palaikyti tvark\u0105. Dekoratyvios, \u0161velniai apvalios venge spalvos lentjuost\u0117s, derinamos su rie\u0161utmed\u017eio [\u2026]<\/p>","protected":false},"featured_media":254794,"comment_status":"open","ping_status":"open","template":"","meta":[],"product_brand":[],"product_cat":[866,2457],"product_tag":[],"class_list":{"0":"post-256254","1":"product","2":"type-product","3":"status-publish","4":"has-post-thumbnail","6":"product_cat-coffee-tables","7":"product_cat-liveo","9":"first","10":"instock","11":"purchasable","12":"product-type-simple"},"_links":{"self":[{"href":"https:\/\/baldumarket.lt\/lt\/wp-json\/wp\/v2\/product\/256254","targetHints":{"allow":["GET"]}}],"collection":[{"href":"https:\/\/baldumarket.lt\/lt\/wp-json\/wp\/v2\/product"}],"about":[{"href":"https:\/\/baldumarket.lt\/lt\/wp-json\/wp\/v2\/types\/product"}],"replies":[{"embeddable":true,"href":"https:\/\/baldumarket.lt\/lt\/wp-json\/wp\/v2\/comments?post=256254"}],"wp:featuredmedia":[{"embeddable":true,"href":"https:\/\/baldumarket.lt\/lt\/wp-json\/wp\/v2\/media\/254794"}],"wp:attachment":[{"href":"https:\/\/baldumarket.lt\/lt\/wp-json\/wp\/v2\/media?parent=256254"}],"wp:term":[{"taxonomy":"product_brand","embeddable":true,"href":"https:\/\/baldumarket.lt\/lt\/wp-json\/wp\/v2\/product_brand?post=256254"},{"taxonomy":"product_cat","embeddable":true,"href":"https:\/\/baldumarket.lt\/lt\/wp-json\/wp\/v2\/product_cat?post=256254"},{"taxonomy":"product_tag","embeddable":true,"href":"https:\/\/baldumarket.lt\/lt\/wp-json\/wp\/v2\/product_tag?post=256254"}],"curies":[{"name":"wp","href":"https:\/\/api.w.org\/{rel}","templated":true}]}}