{"id":256253,"date":"2026-01-10T22:44:58","date_gmt":"2026-01-10T19:44:58","guid":{"rendered":"https:\/\/baldumarket.lt\/product\/naomi-na10-lustro\/"},"modified":"2026-02-11T18:30:39","modified_gmt":"2026-02-11T15:30:39","slug":"naomi-na10-lustro","status":"publish","type":"product","link":"https:\/\/baldumarket.lt\/lt\/product\/naomi-na10-lustro\/","title":{"rendered":"NAOMI NA10 VEIDRODIS"},"content":{"rendered":"<p>NAOMI NA10 veidrodis puikiai tiks bet kokiam interjerui. Klasikinis sta\u010diakampis r\u0117mas der\u0117s prie \u012fvairi\u0173 kambari\u0173. NAOMI veidrodis praskaidrins, vizualiai padidins ir gra\u017eiai papuo\u0161 bet kok\u012f interjer\u0105. Dekoratyvios, \u0161velniai apvalios venge spalvos juostel\u0117s, derinamos su rie\u0161utmed\u017eiu, puikiai dera su \u012fvairiomis spalvomis ir atveria pla\u010dias dizaino galimybes. Veidrodis idealiai tinka derinant su kitais NAOMI serijos baldais arba kaip atskiras baldas, prisitaikantis prie j\u016bs\u0173 kambario dekoro.<\/p>\n<p>Plotis 108 cm Gylis 1,8 cm Auk\u0161tis 74 cm Gaminio svoris su pakuote 10,45 kg Gamintojo kodas \/ simbolis NA-10 Kolekcijos pavadinimas NAOMI Gaminio pakuo\u010di\u0173 skai\u010dius 1 Stilius Moderni \u012franga Surinkimo instrukcijos \/ surinkimo priedai Surinkimas Savaranki\u0161kam surinkimui Korpuso spalva rie\u0161utmedis \/ venge Korpuso med\u017eiaga \/ tipas \/ storis med\u017eio dro\u017eli\u0173 plok\u0161t\u0117 16 mm \/ MDF18 mm<\/p>","protected":false},"excerpt":{"rendered":"<p>NAOMI NA10 veidrodis puikiai papildys bet kok\u012f interjer\u0105. Jo klasikinis sta\u010diakampis r\u0117mas der\u0117s prie \u012fvairi\u0173 kambari\u0173. NAOMI veidrodis praskaidrins, vizualiai padidins ir gra\u017eiai papuo\u0161 bet kok\u012f interjer\u0105. Dekoratyvios, \u0161velniai apvalios venge spalvos juostel\u0117s, derinamos su rie\u0161utmed\u017eiu, papildo \u012fvairias spalvas ir atveria pla\u010dias dizaino galimybes. [\u2026]<\/p>","protected":false},"featured_media":256245,"comment_status":"open","ping_status":"open","template":"","meta":[],"product_brand":[],"product_cat":[2457,1108],"product_tag":[],"class_list":{"0":"post-256253","1":"product","2":"type-product","3":"status-publish","4":"has-post-thumbnail","6":"product_cat-liveo","7":"product_cat-mirrors","9":"first","10":"instock","11":"purchasable","12":"product-type-simple"},"_links":{"self":[{"href":"https:\/\/baldumarket.lt\/lt\/wp-json\/wp\/v2\/product\/256253","targetHints":{"allow":["GET"]}}],"collection":[{"href":"https:\/\/baldumarket.lt\/lt\/wp-json\/wp\/v2\/product"}],"about":[{"href":"https:\/\/baldumarket.lt\/lt\/wp-json\/wp\/v2\/types\/product"}],"replies":[{"embeddable":true,"href":"https:\/\/baldumarket.lt\/lt\/wp-json\/wp\/v2\/comments?post=256253"}],"wp:featuredmedia":[{"embeddable":true,"href":"https:\/\/baldumarket.lt\/lt\/wp-json\/wp\/v2\/media\/256245"}],"wp:attachment":[{"href":"https:\/\/baldumarket.lt\/lt\/wp-json\/wp\/v2\/media?parent=256253"}],"wp:term":[{"taxonomy":"product_brand","embeddable":true,"href":"https:\/\/baldumarket.lt\/lt\/wp-json\/wp\/v2\/product_brand?post=256253"},{"taxonomy":"product_cat","embeddable":true,"href":"https:\/\/baldumarket.lt\/lt\/wp-json\/wp\/v2\/product_cat?post=256253"},{"taxonomy":"product_tag","embeddable":true,"href":"https:\/\/baldumarket.lt\/lt\/wp-json\/wp\/v2\/product_tag?post=256253"}],"curies":[{"name":"wp","href":"https:\/\/api.w.org\/{rel}","templated":true}]}}