{"id":256252,"date":"2026-01-10T22:44:56","date_gmt":"2026-01-10T19:44:56","guid":{"rendered":"https:\/\/baldumarket.lt\/product\/naomi-na09-polka-wiszaca\/"},"modified":"2026-02-11T18:30:39","modified_gmt":"2026-02-11T15:30:39","slug":"naomi-na09-polka-wiszaca","status":"publish","type":"product","link":"https:\/\/baldumarket.lt\/lt\/product\/naomi-na09-polka-wiszaca\/","title":{"rendered":"NAOMI NA09 PAKABINAMA LENTYNA"},"content":{"rendered":"<p>NAOMI NA09 lentyna puikiai tinka jaunimo kambariui, valgomajam, svetainei ar miegamajam. Patogus 153,5 cm plo\u010dio stalvir\u0161is suteikia daug vietos knygoms, nuotraukoms ir kitiems nieku\u010diams laikyti. Dekoratyvios, \u0161velniai apvalios venge spalvos lentjuost\u0117s, derinamos su rie\u0161utmed\u017eiu, dera su \u012fvairiomis spalvomis ir atveria daugyb\u0119 dizaino galimybi\u0173. Lentyna idealiai tinka derinti su kitais NAOMI serijos baldais arba naudoti kaip atskiras baldas.<\/p>\n<p>Plotis 153,5 cm Gylis 23 cm Auk\u0161tis 21 cm Gaminio svoris su pakuote 8,25 kg Gamintojo kodas \/ simbolis NA-9 Kolekcijos pavadinimas NAOMI Gaminio pakuo\u010di\u0173 skai\u010dius 1 Stilius Moderni \u012franga Surinkimo instrukcijos \/ surinkimo priedai Surinkimas Savaranki\u0161kam surinkimui Korpuso spalva rie\u0161utmedis \/ wenge Stalvir\u0161io med\u017eiaga \/ tipas \/ storis laminuota med\u017eio dro\u017eli\u0173 plok\u0161t\u0117 16 mm Korpuso med\u017eiaga \/ tipas \/ storis MED\u017dIO PLOK\u0160T\u0116 16MM \/ MDF18MM<\/p>","protected":false},"excerpt":{"rendered":"<p>NAOMI NA09 lentyna puikiai tinka jaunimo kambariui, valgomajam, svetainei ar miegamajam. Patogus 153,5 cm plo\u010dio stalvir\u0161is suteikia daug vietos knygoms, nuotraukoms ir kitiems nieku\u010diams laikyti. Dekoratyvios, \u0161velniai apvalios venge spalvos lentjuost\u0117s, derinamos su rie\u0161utmed\u017eio mediena, dera su \u012fvairiomis spalvomis ir atveria daugyb\u0119 dizaino galimybi\u0173. Lentyna [\u2026]<\/p>","protected":false},"featured_media":256234,"comment_status":"open","ping_status":"open","template":"","meta":[],"product_brand":[],"product_cat":[1174,2457],"product_tag":[],"class_list":{"0":"post-256252","1":"product","2":"type-product","3":"status-publish","4":"has-post-thumbnail","6":"product_cat-hanging-shelves","7":"product_cat-liveo","9":"first","10":"instock","11":"purchasable","12":"product-type-simple"},"_links":{"self":[{"href":"https:\/\/baldumarket.lt\/lt\/wp-json\/wp\/v2\/product\/256252","targetHints":{"allow":["GET"]}}],"collection":[{"href":"https:\/\/baldumarket.lt\/lt\/wp-json\/wp\/v2\/product"}],"about":[{"href":"https:\/\/baldumarket.lt\/lt\/wp-json\/wp\/v2\/types\/product"}],"replies":[{"embeddable":true,"href":"https:\/\/baldumarket.lt\/lt\/wp-json\/wp\/v2\/comments?post=256252"}],"wp:featuredmedia":[{"embeddable":true,"href":"https:\/\/baldumarket.lt\/lt\/wp-json\/wp\/v2\/media\/256234"}],"wp:attachment":[{"href":"https:\/\/baldumarket.lt\/lt\/wp-json\/wp\/v2\/media?parent=256252"}],"wp:term":[{"taxonomy":"product_brand","embeddable":true,"href":"https:\/\/baldumarket.lt\/lt\/wp-json\/wp\/v2\/product_brand?post=256252"},{"taxonomy":"product_cat","embeddable":true,"href":"https:\/\/baldumarket.lt\/lt\/wp-json\/wp\/v2\/product_cat?post=256252"},{"taxonomy":"product_tag","embeddable":true,"href":"https:\/\/baldumarket.lt\/lt\/wp-json\/wp\/v2\/product_tag?post=256252"}],"curies":[{"name":"wp","href":"https:\/\/api.w.org\/{rel}","templated":true}]}}