{"id":256251,"date":"2026-01-10T22:44:54","date_gmt":"2026-01-10T19:44:54","guid":{"rendered":"https:\/\/baldumarket.lt\/product\/naomi-na08-szafa\/"},"modified":"2026-02-11T18:30:39","modified_gmt":"2026-02-11T15:30:39","slug":"naomi-na08-szafa","status":"publish","type":"product","link":"https:\/\/baldumarket.lt\/lt\/product\/naomi-na08-szafa\/","title":{"rendered":"NAOMI NA08 DRABU\u017dIN\u0116"},"content":{"rendered":"<p>Spinta NAOMI NA08 \u2013 tai plati, trij\u0173 dur\u0173, veidrodin\u0117 spinta su erdviu vidumi, puikiai tinkanti miegamajam, persirengimo kambariui ar prie\u0161kambariui. Spintos vidus yra itin funkcionalus. Vienoje pus\u0117je rasite erdvias drabu\u017ei\u0173 lentynas, o kitoje \u2013 lentyn\u0105 ir pakab\u0105. Patogiai susid\u0117kite b\u016btiniausius daiktus. Vidurin\u0117se duryse yra veidrodis, kuris vizualiai padidins kambar\u012f. \u0160ilt\u0105 rie\u0161utmed\u017eio spalv\u0173 r\u0117m\u0173 ir fasad\u0173 gam\u0105 pary\u0161kina unikalios apdailos detal\u0117s. Dekoratyvios, \u0161velniai u\u017eapvalintos venge spalvos lentjuost\u0117s, stilingos medin\u0117s kojel\u0117s su chromo intarpais ir patogios metalin\u0117s rankenos suteikia spintai modernumo. Spinta idealiai tinka derinti su kitais NAOMI serijos baldais arba kaip atskiras baldas, leid\u017eiantis j\u0105 pritaikyti prie savo kambario dizaino.<\/p>\n<p>Plotis 159,5 cm Gylis 56,5 cm Auk\u0161tis 204 cm Produkto svoris su pakuote 131,6 kg Gamintojo kodas \/ simbolis NA-8 Kolekcijos pavadinimas NAOMI Produkto pakuo\u010di\u0173 skai\u010dius 4 Stilius Moderni \u012franga Surinkimo instrukcijos \/ surinkimo priedai Surinkimas Savaranki\u0161kam surinkimui Korpuso spalva rie\u0161utmed\u017eio Vir\u0161utin\u0117 med\u017eiaga \/ tipas \/ storis laminuota med\u017eio dro\u017eli\u0173 plok\u0161t\u0117 16 mm Korpuso med\u017eiaga \/ tipas \/ storis laminuota med\u017eio dro\u017eli\u0173 plok\u0161t\u0117 16 mm Galin\u0117s sienel\u0117s matomos dalies spalva rie\u0161utmed\u017eio plok\u0161t\u0117 Priekin\u0117s spalvos rie\u0161utmed\u017eio\/vengo plok\u0161t\u0117 Priekin\u0117s med\u017eiagos \/ tipas \/ storis MDF plok\u0161t\u0117 18 mm Priekin\u0117 dalis su veidrod\u017eiu TAIP Priekin\u0117s dalies su veidrod\u017eiu kiekis 1 Priekin\u0117 rankena \/ tipas \/ spalva metalin\u0117 Kojel\u0117 \/ tipas \/ spalva medin\u0117 su chromuotu \u012fd\u0117klu nereguliuojama U\u017edar\u0173 ni\u0161\u0173 skai\u010dius 6<\/p>","protected":false},"excerpt":{"rendered":"<p>Spinta NAOMI NA08 \u2013 tai plati, trij\u0173 dur\u0173, veidrodin\u0117 spinta su erdviu vidumi, puikiai tinkanti miegamajam, persirengimo kambariui ar prie\u0161kambariui. Spintos vidus yra itin funkcionalus. Vienoje pus\u0117je rasite erdvias lentynas drabu\u017eiams, o kitoje \u2013 lentyn\u0105 ir pakab\u0105 drabu\u017eiams. \u010cia lengvai susid\u0117kite b\u016btiniausius daiktus. Vidurin\u0117s durys turi [\u2026]<\/p>","protected":false},"featured_media":256238,"comment_status":"open","ping_status":"open","template":"","meta":[],"product_brand":[],"product_cat":[2457,1177],"product_tag":[],"class_list":{"0":"post-256251","1":"product","2":"type-product","3":"status-publish","4":"has-post-thumbnail","6":"product_cat-liveo","7":"product_cat-wardrobes","9":"first","10":"instock","11":"purchasable","12":"product-type-simple"},"_links":{"self":[{"href":"https:\/\/baldumarket.lt\/lt\/wp-json\/wp\/v2\/product\/256251","targetHints":{"allow":["GET"]}}],"collection":[{"href":"https:\/\/baldumarket.lt\/lt\/wp-json\/wp\/v2\/product"}],"about":[{"href":"https:\/\/baldumarket.lt\/lt\/wp-json\/wp\/v2\/types\/product"}],"replies":[{"embeddable":true,"href":"https:\/\/baldumarket.lt\/lt\/wp-json\/wp\/v2\/comments?post=256251"}],"wp:featuredmedia":[{"embeddable":true,"href":"https:\/\/baldumarket.lt\/lt\/wp-json\/wp\/v2\/media\/256238"}],"wp:attachment":[{"href":"https:\/\/baldumarket.lt\/lt\/wp-json\/wp\/v2\/media?parent=256251"}],"wp:term":[{"taxonomy":"product_brand","embeddable":true,"href":"https:\/\/baldumarket.lt\/lt\/wp-json\/wp\/v2\/product_brand?post=256251"},{"taxonomy":"product_cat","embeddable":true,"href":"https:\/\/baldumarket.lt\/lt\/wp-json\/wp\/v2\/product_cat?post=256251"},{"taxonomy":"product_tag","embeddable":true,"href":"https:\/\/baldumarket.lt\/lt\/wp-json\/wp\/v2\/product_tag?post=256251"}],"curies":[{"name":"wp","href":"https:\/\/api.w.org\/{rel}","templated":true}]}}