{"id":256249,"date":"2026-01-10T22:44:52","date_gmt":"2026-01-10T19:44:52","guid":{"rendered":"https:\/\/baldumarket.lt\/product\/naomi-na07-szafa\/"},"modified":"2026-02-11T18:30:39","modified_gmt":"2026-02-11T15:30:39","slug":"naomi-na07-szafa","status":"publish","type":"product","link":"https:\/\/baldumarket.lt\/lt\/product\/naomi-na07-szafa\/","title":{"rendered":"NAOMI NA07 DRABU\u017dIN\u0116"},"content":{"rendered":"<p>Spinta NAOMI NA07 \u2013 tai klasikin\u0117 dviej\u0173 dur\u0173 spinta, ypa\u010d rekomenduojama svetainei arba ma\u017eam miegamajam. Ji pasi\u017eymi funkcionalia erdve, nes viduje yra per vis\u0105 plot\u012f per vis\u0105 drabu\u017ei\u0173 skersin\u012f esantis pakabos, leid\u017eiantis patogiai laikyti drabu\u017eius ant pakab\u0173. Vir\u0161 skersinio esanti papildoma lentyna taupo viet\u0105 kitiems drabu\u017ei\u0173 spintos daiktams. Tuo pa\u010diu metu baldas taupo viet\u0105 ir yra labai universalus. \u0160ilta rie\u0161utmed\u017eio spalvos r\u0117mus ir fasadus pary\u0161kina unikalios apdailos detal\u0117s. Dekoratyvios, \u0161velniai u\u017eapvalintos venge spalvos lentjuost\u0117s, stilingos medin\u0117s kojel\u0117s su chromo intarpais ir patogios metalin\u0117s rankenos suteikia spintai modernumo. Spinta idealiai tinka derinti su kitais NAOMI serijos baldais arba naudoti kaip atskiras baldas, tod\u0117l galite j\u0105 pritaikyti prie savo kambario dizaino.<\/p>\n<p>Plotis 90 cm Gylis 56,5 cm Auk\u0161tis 194 cm Produkto svoris su pakuote 71,9 kg Gamintojo kodas \/ simbolis NA-7 Kolekcijos pavadinimas NAOMI Produkto pakuo\u010di\u0173 skai\u010dius 3 Stilius Moderni \u012eranga Surinkimo instrukcijos \/ surinkimo priedai Surinkimas Savaranki\u0161kam surinkimui Stalvir\u0161io med\u017eiaga \/ tipas \/ storis laminuota med\u017eio dro\u017eli\u0173 plok\u0161t\u0117 16 mm Korpuso med\u017eiaga \/ tipas \/ storis laminuota med\u017eio dro\u017eli\u0173 plok\u0161t\u0117 16 mm Galin\u0117s sienel\u0117s matomos dalies spalva rie\u0161utmedis Priekin\u0117s spalvos rie\u0161utmedis\/veng\u0117 Priekin\u0117s med\u017eiagos \/ tipas \/ storis MDF plok\u0161t\u0117 18 mm Priekin\u0117 rankena \/ dizainas \/ spalva metalin\u0117 Kojel\u0117 \/ dizainas \/ spalva medin\u0117 su chromuotu \u012fd\u0117klu nereguliuojama U\u017edar\u0173 ni\u0161\u0173 skai\u010dius 1 Korpuso \u012franga Standartin\u0117 pakabos rankena<\/p>","protected":false},"excerpt":{"rendered":"<p>Spinta NAOMI NA07 \u2013 tai klasikin\u0117 dviej\u0173 dur\u0173 spinta, ypa\u010d rekomenduojama svetainei arba ma\u017eam miegamajam. Ji pasi\u017eymi funkcionalia erdve, nes viduje yra per vis\u0105 plot\u012f esantis drabu\u017ei\u0173 pakabos, leid\u017eiantis patogiai laikyti drabu\u017eius ant pakab\u0173. Vir\u0161 pakabos esanti papildoma lentyna taupo viet\u0105 kitiems drabu\u017ei\u0173 spintos daiktams. Tuo pa\u010diu metu, \u0161i spintel\u0117 [\u2026]<\/p>","protected":false},"featured_media":256243,"comment_status":"open","ping_status":"open","template":"","meta":[],"product_brand":[],"product_cat":[2457,1177],"product_tag":[],"class_list":{"0":"post-256249","1":"product","2":"type-product","3":"status-publish","4":"has-post-thumbnail","6":"product_cat-liveo","7":"product_cat-wardrobes","9":"first","10":"instock","11":"purchasable","12":"product-type-simple"},"_links":{"self":[{"href":"https:\/\/baldumarket.lt\/lt\/wp-json\/wp\/v2\/product\/256249","targetHints":{"allow":["GET"]}}],"collection":[{"href":"https:\/\/baldumarket.lt\/lt\/wp-json\/wp\/v2\/product"}],"about":[{"href":"https:\/\/baldumarket.lt\/lt\/wp-json\/wp\/v2\/types\/product"}],"replies":[{"embeddable":true,"href":"https:\/\/baldumarket.lt\/lt\/wp-json\/wp\/v2\/comments?post=256249"}],"wp:featuredmedia":[{"embeddable":true,"href":"https:\/\/baldumarket.lt\/lt\/wp-json\/wp\/v2\/media\/256243"}],"wp:attachment":[{"href":"https:\/\/baldumarket.lt\/lt\/wp-json\/wp\/v2\/media?parent=256249"}],"wp:term":[{"taxonomy":"product_brand","embeddable":true,"href":"https:\/\/baldumarket.lt\/lt\/wp-json\/wp\/v2\/product_brand?post=256249"},{"taxonomy":"product_cat","embeddable":true,"href":"https:\/\/baldumarket.lt\/lt\/wp-json\/wp\/v2\/product_cat?post=256249"},{"taxonomy":"product_tag","embeddable":true,"href":"https:\/\/baldumarket.lt\/lt\/wp-json\/wp\/v2\/product_tag?post=256249"}],"curies":[{"name":"wp","href":"https:\/\/api.w.org\/{rel}","templated":true}]}}