{"id":256248,"date":"2026-01-10T22:44:50","date_gmt":"2026-01-10T19:44:50","guid":{"rendered":"https:\/\/baldumarket.lt\/product\/naomi-na05-szafka-l-p\/"},"modified":"2026-02-11T18:30:39","modified_gmt":"2026-02-11T15:30:39","slug":"naomi-na05-szafka-l-p","status":"publish","type":"product","link":"https:\/\/baldumarket.lt\/lt\/product\/naomi-na05-szafka-l-p\/","title":{"rendered":"NAOMI NA05 SPINTEL\u0116 K\/D"},"content":{"rendered":"<p>NAOMI NA05 L\/R spintel\u0117 \u2013 universalus ir labai funkcionalus baldas bet kokiam kambariui. Ji neu\u017eima daug vietos, ta\u010diau viduje labai erdvi. Spintel\u0117 turi dvi duris, kurios atsidaro \u012f de\u0161in\u0119 arba \u012f kair\u0119, o viduje yra penkios lentynos, kurios pad\u0117s sutvarkyti drabu\u017ei\u0173 spint\u0105 miegamajame, nam\u0173 tekstil\u0119 svetain\u0117je arba papildomus stalo \u012frankius valgomajame. \u0160ilt\u0105 rie\u0161utmed\u017eio spalv\u0105 pabr\u0117\u017eia unikalios apdailos detal\u0117s. Dekoratyvin\u0117s, \u0161velniai u\u017eapvalintos venge spalvos juostel\u0117s, stilingos medin\u0117s kojel\u0117s su chromo intarpais ir patogios metalin\u0117s rankenos suteikia spintelei modernumo. Spintel\u0117 idealiai tinka derinti su kitais NAOMI serijos baldais arba naudoti kaip atskiras baldas, leid\u017eiantis pritaikyti kambar\u012f pagal savo poreikius.<\/p>\n<p>Plotis 60 cm Gylis 41,5 cm Auk\u0161tis 194 cm Produkto svoris su pakuote 53,6 kg Gamintojo kodas \/ simbolis NA-5 Kolekcijos pavadinimas NAOMI Produkto pakuo\u010di\u0173 skai\u010dius 3 Stilius Moderni \u012franga Surinkimo instrukcijos \/ surinkimo priedai Surinkimas Savaranki\u0161kam surinkimui Korpuso spalva rie\u0161utmedis Vir\u0161utin\u0117s med\u017eiagos tipas \/ tipas \/ storis laminuota med\u017eio dro\u017eli\u0173 plok\u0161t\u0117 16 mm Korpuso med\u017eiaga \/ tipas \/ storis laminuota med\u017eio dro\u017eli\u0173 plok\u0161t\u0117 16 mm Lentynos spalva rie\u0161utmedis Lentynos med\u017eiaga \/ tipas \/ storis laminuota med\u017eio dro\u017eli\u0173 plok\u0161t\u0117 16 mm Lentyn\u0173 kiekis 3 Galin\u0117s sienel\u0117s matomos dalies spalva rie\u0161utmedis Priekin\u0117s spalvos rie\u0161utmedis\/veng\u0117 Priekin\u0117s med\u017eiagos tipas \/ tipas \/ storis MDF plok\u0161t\u0117 18 mm Priekin\u0117 rankena \/ med\u017eiaga \/ spalva metalin\u0117 Kojel\u0117 \/ med\u017eiaga \/ spalva medin\u0117 su chromuotu \u012fd\u0117klu nereguliuojama U\u017edar\u0173 ni\u0161\u0173 skai\u010dius 6<\/p>","protected":false},"excerpt":{"rendered":"<p>NAOMI NA05 L\/R spintel\u0117 yra universalus ir labai funkcionalus baldas bet kokiam kambariui. Ji neu\u017eima daug vietos, ta\u010diau viduje yra labai erdvi. Spintel\u0117 turi dvi duris, kurios atsidaro \u012f de\u0161in\u0119 arba \u012f kair\u0119, o viduje yra penkios lentynos, kurios pad\u0117s sutvarkyti drabu\u017ei\u0173 spint\u0105 miegamajame, nam\u0173 tekstil\u0119 [\u2026]<\/p>","protected":false},"featured_media":256235,"comment_status":"open","ping_status":"open","template":"","meta":[],"product_brand":[],"product_cat":[2457,1177],"product_tag":[],"class_list":{"0":"post-256248","1":"product","2":"type-product","3":"status-publish","4":"has-post-thumbnail","6":"product_cat-liveo","7":"product_cat-wardrobes","9":"first","10":"instock","11":"purchasable","12":"product-type-simple"},"_links":{"self":[{"href":"https:\/\/baldumarket.lt\/lt\/wp-json\/wp\/v2\/product\/256248","targetHints":{"allow":["GET"]}}],"collection":[{"href":"https:\/\/baldumarket.lt\/lt\/wp-json\/wp\/v2\/product"}],"about":[{"href":"https:\/\/baldumarket.lt\/lt\/wp-json\/wp\/v2\/types\/product"}],"replies":[{"embeddable":true,"href":"https:\/\/baldumarket.lt\/lt\/wp-json\/wp\/v2\/comments?post=256248"}],"wp:featuredmedia":[{"embeddable":true,"href":"https:\/\/baldumarket.lt\/lt\/wp-json\/wp\/v2\/media\/256235"}],"wp:attachment":[{"href":"https:\/\/baldumarket.lt\/lt\/wp-json\/wp\/v2\/media?parent=256248"}],"wp:term":[{"taxonomy":"product_brand","embeddable":true,"href":"https:\/\/baldumarket.lt\/lt\/wp-json\/wp\/v2\/product_brand?post=256248"},{"taxonomy":"product_cat","embeddable":true,"href":"https:\/\/baldumarket.lt\/lt\/wp-json\/wp\/v2\/product_cat?post=256248"},{"taxonomy":"product_tag","embeddable":true,"href":"https:\/\/baldumarket.lt\/lt\/wp-json\/wp\/v2\/product_tag?post=256248"}],"curies":[{"name":"wp","href":"https:\/\/api.w.org\/{rel}","templated":true}]}}