{"id":256246,"date":"2026-01-10T22:44:47","date_gmt":"2026-01-10T19:44:47","guid":{"rendered":"https:\/\/baldumarket.lt\/product\/naomi-na04-kredens\/"},"modified":"2026-02-11T18:30:39","modified_gmt":"2026-02-11T15:30:39","slug":"naomi-na04-kredens","status":"publish","type":"product","link":"https:\/\/baldumarket.lt\/lt\/product\/naomi-na04-kredens\/","title":{"rendered":"NAOMI NA04 indauja"},"content":{"rendered":"<p>NAOMI NA04 komoda \u2013 tai modernus baldas, derinantis funkcionalum\u0105 ir elegancij\u0105, suteikiantis charakterio bet kokiam interjerui, tod\u0117l jis unikalus ir nepakartojamas. Viduje stiklin\u0117s lentynos u\u017e i\u0161 dalies \u012fstiklint\u0173 dureli\u0173, stal\u010dius ir dvi ma\u017eos spintel\u0117s u\u017e tvirt\u0173 dureli\u0173 u\u017etikrina patog\u0173 daikt\u0173 laikym\u0105. Ji puikiai tinka eksponavimui. Tiek viduje, tiek ant stalvir\u0161io galite laikyti ir eksponuoti stalo \u012frankius, stiklinius indus ar dekoratyvinius daiktus. Stiklin\u0117s dalies viduje galima \u012frengti LED ap\u0161vietim\u0105, sukuriant\u012f unikali\u0105 atmosfer\u0105. Papildomas privalumas \u2013 galimyb\u0117 \u012fsigyti stal\u010di\u0173 stabd\u017eius, u\u017etikrinan\u010dius tyl\u0173 u\u017edarym\u0105. \u0160ilt\u0105 rie\u0161utmed\u017eio korpus\u0173 ir fasad\u0173 spalv\u0173 gam\u0105 pabr\u0117\u017eia unikalios apdailos detal\u0117s. Dekoratyvios, \u0161velniai u\u017eapvalintos venge spalvos apdailos detal\u0117s, stilingos medin\u0117s kojel\u0117s su chromo intarpais ir patogios metalin\u0117s rankenos suteikia modernumo. Komoda puikiai der\u0117s su kitais NAOMI serijos baldais arba kaip atskiras baldas, kur\u012f galima pritaikyti prie j\u016bs\u0173 kambario i\u0161d\u0117stymo.<\/p>\n<p>Plotis 159,5 cm Gylis 39,5 cm Auk\u0161tis 96 cm Produkto svoris su pakuote 68,45 kg Gamintojo kodas \/ simbolis NA-4 Kolekcijos pavadinimas NAOMI Produkto pakuo\u010di\u0173 skai\u010dius 4 Stilius Moderni \u012franga Surinkimo instrukcijos \/ surinkimo priedai Surinkimas Savaranki\u0161kam surinkimui Korpuso spalva rie\u0161utmedis Vir\u0161utin\u0117 med\u017eiaga \/ tipas \/ storis laminuota med\u017eio dro\u017eli\u0173 plok\u0161t\u0117 16 mm Korpuso med\u017eiaga \/ tipas \/ storis laminuota med\u017eio dro\u017eli\u0173 plok\u0161t\u0117 16 mm Galin\u0117s sienel\u0117s matomos dalies spalva rie\u0161utmedis Priekin\u0117 spalva RIE\u0160UTMEDIS\/VENGE Priekin\u0117 med\u017eiaga \/ tipas \/ storis MDF 18 mm Priekin\u0117 rankena \/ dizainas \/ spalva metalin\u0117 Glaz\u016bruoto priekinio stiklo dizainas \/ stiklo spalva Gr\u016bdintas \/ bespalvis Glaz\u016bruoto priekinio stiklo storis 4 mm Stiklin\u0117s lentynos stiklo spalva Bespalv\u0117 Stiklin\u0117s lentynos stiklo storis 6 mm Stiklini\u0173 lentyn\u0173 kiekis 4 Vidinio ap\u0161vietimo \u0161viesos spalva \u0160altai balta Stal\u010di\u0173 b\u0117geliai Rutulinis guolis Kojel\u0117 \/ dizainas \/ spalva MEDINIS SU CHROMUOTU \u012eD\u0116KLU NEREGULIUOJAMAS Stal\u010di\u0173 skai\u010dius: 3<\/p>","protected":false},"excerpt":{"rendered":"<p>NAOMI NA04 indauja \u2013 tai modernus baldas, kuriame dera funkcionalumas ir elegancija, suteikiantis charakterio bet kokiam interjerui, tod\u0117l jis unikalus ir nepakartojamas. Viduje stiklin\u0117s lentynos u\u017e i\u0161 dalies \u012fstiklint\u0173 dur\u0173, stal\u010dius ir dvi ma\u017eos spintel\u0117s u\u017e tvirt\u0173 dur\u0173 si\u016blo patog\u0173 daikt\u0173 laikym\u0105. Ji puikiai tinka eksponavimui. Tiek viduje, tiek ant stalvir\u0161io galite [\u2026]<\/p>","protected":false},"featured_media":256247,"comment_status":"open","ping_status":"open","template":"","meta":[],"product_brand":[],"product_cat":[2457,2006],"product_tag":[],"class_list":{"0":"post-256246","1":"product","2":"type-product","3":"status-publish","4":"has-post-thumbnail","6":"product_cat-liveo","7":"product_cat-vitrines","9":"first","10":"instock","11":"purchasable","12":"product-type-simple"},"_links":{"self":[{"href":"https:\/\/baldumarket.lt\/lt\/wp-json\/wp\/v2\/product\/256246","targetHints":{"allow":["GET"]}}],"collection":[{"href":"https:\/\/baldumarket.lt\/lt\/wp-json\/wp\/v2\/product"}],"about":[{"href":"https:\/\/baldumarket.lt\/lt\/wp-json\/wp\/v2\/types\/product"}],"replies":[{"embeddable":true,"href":"https:\/\/baldumarket.lt\/lt\/wp-json\/wp\/v2\/comments?post=256246"}],"wp:featuredmedia":[{"embeddable":true,"href":"https:\/\/baldumarket.lt\/lt\/wp-json\/wp\/v2\/media\/256247"}],"wp:attachment":[{"href":"https:\/\/baldumarket.lt\/lt\/wp-json\/wp\/v2\/media?parent=256246"}],"wp:term":[{"taxonomy":"product_brand","embeddable":true,"href":"https:\/\/baldumarket.lt\/lt\/wp-json\/wp\/v2\/product_brand?post=256246"},{"taxonomy":"product_cat","embeddable":true,"href":"https:\/\/baldumarket.lt\/lt\/wp-json\/wp\/v2\/product_cat?post=256246"},{"taxonomy":"product_tag","embeddable":true,"href":"https:\/\/baldumarket.lt\/lt\/wp-json\/wp\/v2\/product_tag?post=256246"}],"curies":[{"name":"wp","href":"https:\/\/api.w.org\/{rel}","templated":true}]}}