{"id":256242,"date":"2026-01-10T22:44:44","date_gmt":"2026-01-10T19:44:44","guid":{"rendered":"https:\/\/baldumarket.lt\/product\/naomi-na03-komoda\/"},"modified":"2026-02-11T18:30:39","modified_gmt":"2026-02-11T15:30:39","slug":"naomi-na03-komoda","status":"publish","type":"product","link":"https:\/\/baldumarket.lt\/lt\/product\/naomi-na03-komoda\/","title":{"rendered":"NAOMI NA03 komoda"},"content":{"rendered":"<p>Komoda NAOMI NA03 puikiai papildys j\u016bs\u0173 svetain\u0117s ar bet kurio kito kambario interjer\u0105. Erdvus interjeras yra i\u0161skirtinai funkcionalus. Centre yra keturi erdv\u016bs stal\u010diai, o u\u017erakinamos spintel\u0117s su lentynomis \u0161onuose tilps dauguma j\u016bs\u0173 b\u016btiniausi\u0173 daikt\u0173. Didelis naudingas pavir\u0161ius leid\u017eia gra\u017eiai eksponuoti savo kambario nieku\u010dius. Papildomas privalumas \u2013 galimyb\u0117 \u012fsigyti stal\u010di\u0173 stabd\u017eius, kurie leid\u017eia tyliai u\u017esidaryti. \u0160ilt\u0105 rie\u0161utmed\u017eio r\u0117m\u0173 ir fasad\u0173 spalv\u0105 pary\u0161kina unikalios apdailos detal\u0117s. Dekoratyvin\u0117s, \u0161velniai u\u017eapvalintos venge spalvos lentjuost\u0117s, stilingos medin\u0117s kojel\u0117s su chromo intarpais ir patogios metalin\u0117s rankenos suteikia komodai modern\u0173 vaizd\u0105. Komoda puikiai der\u0117s su kitais NAOMI serijos baldais arba bus atskiras baldas, tod\u0117l gal\u0117site j\u0105 pritaikyti prie savo kambario dizaino.<\/p>\n<p>Plotis 153,5 cm Gylis 39,5 cm Auk\u0161tis 84,5 cm Produkto svoris su pakuote 61,8 kg Gamintojo kodas \/ simbolis NA-3 Kolekcijos pavadinimas NAOMI Produkto pakuo\u010di\u0173 skai\u010dius 3 Stilius Moderni \u012franga Surinkimo instrukcijos \/ surinkimo priedai Surinkimas Savaranki\u0161kam surinkimui Korpuso spalva rie\u0161utmed\u017eio Vir\u0161utin\u0117s med\u017eiagos tipas \/ tipas \/ storis laminuota med\u017eio dro\u017eli\u0173 plok\u0161t\u0117 16 mm Korpuso med\u017eiaga \/ tipas \/ storis laminuota med\u017eio dro\u017eli\u0173 plok\u0161t\u0117 16 mm Priekin\u0117s spalvos rie\u0161utmed\u017eio\/veng\u0117s spalva Priekin\u0117s med\u017eiagos tipas \/ tipas \/ storis MDF plok\u0161t\u0117 18 mm Priekin\u0117 rankena \/ tipas \/ spalva metalin\u0117 Stal\u010di\u0173 b\u0117geliai su rutuliniu guoliu Kojel\u0117 \/ tipas \/ spalva MEDIN\u0116 SU CHROMUOTU \u012eD\u0116KLU NEREGULIUOJAMAS Stal\u010di\u0173 skai\u010dius 4<\/p>","protected":false},"excerpt":{"rendered":"<p>Komoda NAOMI NA03 puikiai papildys j\u016bs\u0173 svetain\u0117s ar bet kurio kito kambario interjer\u0105. Erdvus interjeras yra i\u0161skirtinai funkcionalus. Centre yra keturi erdv\u016bs stal\u010diai, o u\u017erakinamose spintel\u0117se su lentynomis \u0161onuose tilps dauguma j\u016bs\u0173 b\u016btiniausi\u0173 daikt\u0173. Didelis naudingas pavir\u0161ius leid\u017eia [\u2026]<\/p>","protected":false},"featured_media":256236,"comment_status":"open","ping_status":"open","template":"","meta":[],"product_brand":[],"product_cat":[1173,2457],"product_tag":[],"class_list":{"0":"post-256242","1":"product","2":"type-product","3":"status-publish","4":"has-post-thumbnail","6":"product_cat-chests-of-drawers","7":"product_cat-liveo","9":"first","10":"instock","11":"purchasable","12":"product-type-simple"},"_links":{"self":[{"href":"https:\/\/baldumarket.lt\/lt\/wp-json\/wp\/v2\/product\/256242","targetHints":{"allow":["GET"]}}],"collection":[{"href":"https:\/\/baldumarket.lt\/lt\/wp-json\/wp\/v2\/product"}],"about":[{"href":"https:\/\/baldumarket.lt\/lt\/wp-json\/wp\/v2\/types\/product"}],"replies":[{"embeddable":true,"href":"https:\/\/baldumarket.lt\/lt\/wp-json\/wp\/v2\/comments?post=256242"}],"wp:featuredmedia":[{"embeddable":true,"href":"https:\/\/baldumarket.lt\/lt\/wp-json\/wp\/v2\/media\/256236"}],"wp:attachment":[{"href":"https:\/\/baldumarket.lt\/lt\/wp-json\/wp\/v2\/media?parent=256242"}],"wp:term":[{"taxonomy":"product_brand","embeddable":true,"href":"https:\/\/baldumarket.lt\/lt\/wp-json\/wp\/v2\/product_brand?post=256242"},{"taxonomy":"product_cat","embeddable":true,"href":"https:\/\/baldumarket.lt\/lt\/wp-json\/wp\/v2\/product_cat?post=256242"},{"taxonomy":"product_tag","embeddable":true,"href":"https:\/\/baldumarket.lt\/lt\/wp-json\/wp\/v2\/product_tag?post=256242"}],"curies":[{"name":"wp","href":"https:\/\/api.w.org\/{rel}","templated":true}]}}