{"id":256240,"date":"2026-01-10T22:44:42","date_gmt":"2026-01-10T19:44:42","guid":{"rendered":"https:\/\/baldumarket.lt\/product\/naomi-na02-komoda\/"},"modified":"2026-02-11T18:30:39","modified_gmt":"2026-02-11T15:30:39","slug":"naomi-na02-komoda","status":"publish","type":"product","link":"https:\/\/baldumarket.lt\/lt\/product\/naomi-na02-komoda\/","title":{"rendered":"NAOMI NA02 komoda"},"content":{"rendered":"<p>Komoda NAOMI NA02 \u2013 eleganti\u0161kas ir funkcionalus baldas, kuris puikiai papildys svetain\u0119, valgom\u0105j\u012f, miegam\u0105j\u012f ar biur\u0105 ir kartu bus dekoratyvinis elementas. Komoda padalinta \u012f dvi dalis. Vienoje yra rakinama spintel\u0117 su erdvia lentyna drabu\u017eiams ar dokumentams. Kitoje dalyje yra keturi prakti\u0161ki stal\u010diai, kuriuose gal\u0117site lengvai susid\u0117ti visus b\u016btiniausius daiktus. Stal\u010diai u\u017esidaro tyliai, nes turi stabd\u017eius. \u0160ilt\u0105 rie\u0161utmed\u017eio spalvos r\u0117mus ir fasadus pary\u0161kina unikalios apdailos detal\u0117s. Dekoratyvios, \u0161velniai u\u017eapvalintos venge spalvos lentjuost\u0117s, stilingos medin\u0117s kojel\u0117s su chromo intarpais ir patogios metalin\u0117s ranken\u0117l\u0117s suteikia komodai modernumo. Komoda idealiai tinka derinti su kitais NAOMI serijos baldais arba naudoti kaip atskir\u0105 bald\u0105, leid\u017eiant\u012f pritaikyti savo kambario dizain\u0105.<\/p>\n<p>Plotis 108 cm Gylis 39,5 cm Auk\u0161tis 84,5 cm Produkto svoris su pakuote 46,55 kg Gamintojo kodas \/ simbolis NA-2 Kolekcijos pavadinimas NAOMI Produkto pakuo\u010di\u0173 skai\u010dius 3 Stilius Moderni \u012franga Surinkimo instrukcijos \/ surinkimo priedai Surinkimas Savaranki\u0161kam surinkimui Korpuso spalva rie\u0161utmed\u017eio Vir\u0161utin\u0117s dalies med\u017eiaga \/ tipas \/ storis laminuota med\u017eio dro\u017eli\u0173 plok\u0161t\u0117 16 mm Korpuso med\u017eiaga \/ tipas \/ storis laminuota med\u017eio dro\u017eli\u0173 plok\u0161t\u0117 16 mm Priekin\u0117s dalies spalva rie\u0161utmed\u017eio\/veng\u0117s spalva Priekin\u0117s dalies med\u017eiaga \/ tipas \/ storis MDF plok\u0161t\u0117 18 mm Priekin\u0117 rankena \/ tipas \/ spalva metalin\u0117 Stal\u010di\u0173 b\u0117geliai su rutuliniu guoliu Kojel\u0117 \/ tipas \/ spalva MEDIN\u0116 SU CHROMUOTU \u012eD\u0116KLU NEREGULIUOJAMAS Dureli\u0173 skai\u010dius 1 Stal\u010di\u0173 skai\u010dius 4<\/p>","protected":false},"excerpt":{"rendered":"<p>Komoda NAOMI NA02 yra eleganti\u0161kas ir funkcionalus baldas, kuris puikiai papildys svetain\u0119, valgom\u0105j\u012f, miegam\u0105j\u012f ar biur\u0105 ir kartu bus dekoratyvinis elementas. Komoda yra padalinta \u012f dvi dalis. Vienoje yra rakinama spintel\u0117 su erdvia lentyna drabu\u017eiams ar dokumentams. [\u2026]<\/p>","protected":false},"featured_media":256237,"comment_status":"open","ping_status":"open","template":"","meta":[],"product_brand":[],"product_cat":[1173,2457],"product_tag":[],"class_list":{"0":"post-256240","1":"product","2":"type-product","3":"status-publish","4":"has-post-thumbnail","6":"product_cat-chests-of-drawers","7":"product_cat-liveo","9":"first","10":"instock","11":"purchasable","12":"product-type-simple"},"_links":{"self":[{"href":"https:\/\/baldumarket.lt\/lt\/wp-json\/wp\/v2\/product\/256240","targetHints":{"allow":["GET"]}}],"collection":[{"href":"https:\/\/baldumarket.lt\/lt\/wp-json\/wp\/v2\/product"}],"about":[{"href":"https:\/\/baldumarket.lt\/lt\/wp-json\/wp\/v2\/types\/product"}],"replies":[{"embeddable":true,"href":"https:\/\/baldumarket.lt\/lt\/wp-json\/wp\/v2\/comments?post=256240"}],"wp:featuredmedia":[{"embeddable":true,"href":"https:\/\/baldumarket.lt\/lt\/wp-json\/wp\/v2\/media\/256237"}],"wp:attachment":[{"href":"https:\/\/baldumarket.lt\/lt\/wp-json\/wp\/v2\/media?parent=256240"}],"wp:term":[{"taxonomy":"product_brand","embeddable":true,"href":"https:\/\/baldumarket.lt\/lt\/wp-json\/wp\/v2\/product_brand?post=256240"},{"taxonomy":"product_cat","embeddable":true,"href":"https:\/\/baldumarket.lt\/lt\/wp-json\/wp\/v2\/product_cat?post=256240"},{"taxonomy":"product_tag","embeddable":true,"href":"https:\/\/baldumarket.lt\/lt\/wp-json\/wp\/v2\/product_tag?post=256240"}],"curies":[{"name":"wp","href":"https:\/\/api.w.org\/{rel}","templated":true}]}}