{"id":256232,"date":"2026-01-10T22:44:38","date_gmt":"2026-01-10T19:44:38","guid":{"rendered":"https:\/\/baldumarket.lt\/product\/naomi-na01-rtv\/"},"modified":"2026-02-11T18:30:39","modified_gmt":"2026-02-11T15:30:39","slug":"naomi-na01-rtv","status":"publish","type":"product","link":"https:\/\/baldumarket.lt\/lt\/product\/naomi-na01-rtv\/","title":{"rendered":"NAOMI NA01 RTV"},"content":{"rendered":"<p>NAOMI NA01 televizoriaus staliukas \u2013 eleganti\u0161kas ir funkcionalus televizoriaus staliukas, kuris puikiai atrodys svetain\u0117je, darbo kambaryje ar miegamajame. Viduje yra atvira lentyna garso \u012frangai, prakti\u0161kas stal\u010dius smulkiems daiktams ir erdvios rakinamos spintel\u0117s. Platus stalvir\u0161is leid\u017eia laikyti televizori\u0173 arba eksponuoti stilingas dekoracijas. Papildomas privalumas \u2013 galimyb\u0117 \u012fsigyti stal\u010di\u0173 stabd\u017eius, u\u017etikrinan\u010dius tyl\u0173 u\u017esidarym\u0105. \u0160ilt\u0105 rie\u0161utmed\u017eio spalvos r\u0117m\u0173 ir fasad\u0173 gam\u0105 pary\u0161kina unikalios apdailos detal\u0117s. Dekoratyvios, \u0161velniai u\u017eapvalintos venge spalvos lentjuost\u0117s, stilingos medin\u0117s kojel\u0117s su chromo intarpais ir patogios metalin\u0117s rankenos suteikia staliukui modern\u0173 vaizd\u0105. Televizoriaus staliukas idealiai tinka naudoti su kitais NAOMI serijos baldais arba kaip atskiras baldas, prisitaikantis prie j\u016bs\u0173 kambario interjero.<\/p>\n<p>Plotis 159,5 cm Gylis 49,5 cm Auk\u0161tis 40 cm Produkto svoris su pakuote 38,9 kg Gamintojo kodas \/ simbolis NA-1 Kolekcijos pavadinimas NAOMI Produkto pakuo\u010di\u0173 skai\u010dius 2 Stilius Moderni \u012franga Surinkimo instrukcijos \/ surinkimo priedai Surinkimas Savaranki\u0161kam surinkimui Korpuso spalva RIE\u0160UTMEDIS Vir\u0161utin\u0117 med\u017eiaga \/ tipas \/ storis laminuota med\u017eio dro\u017eli\u0173 plok\u0161t\u0117 16 mm Korpuso med\u017eiaga \/ tipas \/ storis Laminuota med\u017eio dro\u017eli\u0173 plok\u0161t\u0117 16 mm Matomos galin\u0117s sienel\u0117s dalis RIE\u0160UTMEDIS Priekin\u0117 spalva RIE\u0160UTMEDIS\/VENGE Priekin\u0117 med\u017eiaga \/ tipas \/ storis 18 MM MDF PLOK\u0160T\u0116 Priekin\u0117 rankena \/ tipas \/ spalva metalin\u0117 Stal\u010di\u0173 b\u0117geliai su rutuliniu guoliu Kojel\u0117 \/ tipas \/ spalva MEDIN\u0116 SU CHROMUOTU \u012eD\u0116KLU NEREGULIUOJAMAS Stal\u010di\u0173 skai\u010dius 1<\/p>","protected":false},"excerpt":{"rendered":"<p>NAOMI NA01 televizoriaus staliukas yra eleganti\u0161kas ir funkcionalus televizoriaus staliukas, kuris puikiai atrodys svetain\u0117je, darbo kambaryje ar miegamajame. Viduje yra atvira lentyna garso \u012frangai, prakti\u0161kas stal\u010dius smulkiems daiktams ir erdvios u\u017erakinamos spintel\u0117s. Platus stalvir\u0161is gali tilpti televizori\u0173 arba eksponuoti stilingas dekoracijas. Papildomas [\u2026]<\/p>","protected":false},"featured_media":256233,"comment_status":"open","ping_status":"open","template":"","meta":[],"product_brand":[],"product_cat":[2457,1175],"product_tag":[],"class_list":{"0":"post-256232","1":"product","2":"type-product","3":"status-publish","4":"has-post-thumbnail","6":"product_cat-liveo","7":"product_cat-tv-stands","9":"first","10":"instock","11":"purchasable","12":"product-type-simple"},"_links":{"self":[{"href":"https:\/\/baldumarket.lt\/lt\/wp-json\/wp\/v2\/product\/256232","targetHints":{"allow":["GET"]}}],"collection":[{"href":"https:\/\/baldumarket.lt\/lt\/wp-json\/wp\/v2\/product"}],"about":[{"href":"https:\/\/baldumarket.lt\/lt\/wp-json\/wp\/v2\/types\/product"}],"replies":[{"embeddable":true,"href":"https:\/\/baldumarket.lt\/lt\/wp-json\/wp\/v2\/comments?post=256232"}],"wp:featuredmedia":[{"embeddable":true,"href":"https:\/\/baldumarket.lt\/lt\/wp-json\/wp\/v2\/media\/256233"}],"wp:attachment":[{"href":"https:\/\/baldumarket.lt\/lt\/wp-json\/wp\/v2\/media?parent=256232"}],"wp:term":[{"taxonomy":"product_brand","embeddable":true,"href":"https:\/\/baldumarket.lt\/lt\/wp-json\/wp\/v2\/product_brand?post=256232"},{"taxonomy":"product_cat","embeddable":true,"href":"https:\/\/baldumarket.lt\/lt\/wp-json\/wp\/v2\/product_cat?post=256232"},{"taxonomy":"product_tag","embeddable":true,"href":"https:\/\/baldumarket.lt\/lt\/wp-json\/wp\/v2\/product_tag?post=256232"}],"curies":[{"name":"wp","href":"https:\/\/api.w.org\/{rel}","templated":true}]}}