{"id":256231,"date":"2026-01-10T22:44:36","date_gmt":"2026-01-10T19:44:36","guid":{"rendered":"https:\/\/baldumarket.lt\/product\/montana-mt06-polki-wewnetrzne-do-szafy-mt03-oraz-mt04-2-szt\/"},"modified":"2026-02-11T18:30:39","modified_gmt":"2026-02-11T15:30:39","slug":"montana-mt06-polki-wewnetrzne-do-szafy-mt03-oraz-mt04-2-szt","status":"publish","type":"product","link":"https:\/\/baldumarket.lt\/lt\/product\/montana-mt06-polki-wewnetrzne-do-szafy-mt03-oraz-mt04-2-szt\/","title":{"rendered":"MONTANA MT06 VIDIN\u0116S LENTYNOS SPINTOMS MT03 IR MT04 2 VNT"},"content":{"rendered":"<p>Dviej\u0173 dali\u0173 komplekte esan\u010dios lentynos MONTANA MT06 yra papildomas elementas prie spintos MONTANA MT03 MT04, kurios \u012frengimas yra vertas d\u0117mesio, siekiant i\u0161pl\u0117sti jos funkcionalum\u0105.<\/p>\n<p>Plotis 77,4 cm Gylis 45 cm Auk\u0161tis 1,6 cm Produkto svoris su pakuote 8,10 kg Gamintojo kodas \/ simbolis MT06 Kolekcijos pavadinimas MONTANA Pavadinimas b2b sistemoje MONTANA MT06 LENTYNOS SPINTEL\u0116S MT03 MT04 BALTA KOMPLEKTAS MONTANA MT06 LENTYNOS SPINTEL\u0116S MT03 MT04 \u0104\u017dUOLO EVOKE KOMPLEKTAS Produkto pakuo\u010di\u0173 skai\u010dius 1 \u012eranga Surinkimo instrukcijos \/ surinkimo priedai Surinkimas Savaranki\u0161kam surinkimui Lentyn\u0173 spalva Balta arba \u0105\u017euolo evoke Lentyn\u0173 med\u017eiaga \/ tipas \/ storis 16 mm baldin\u0117 plok\u0161t\u0117 Lentyn\u0173 kiekis 2<\/p>","protected":false},"excerpt":{"rendered":"<p>Dviej\u0173 dali\u0173 komplekte esan\u010dios lentynos MONTANA MT06 yra papildomas elementas prie spintos MONTANA MT03 MT04, kurios \u012frengimas yra vertas d\u0117mesio siekiant i\u0161pl\u0117sti jos funkcionalum\u0105. Plotis 77,4 cm Gylis 45 cm Auk\u0161tis 1,6 cm Gaminio svoris su pakuote 8,10 kg Gamintojo kodas \/ simbolis MT06 Kolekcijos pavadinimas [\u2026]<\/p>","protected":false},"featured_media":256230,"comment_status":"open","ping_status":"open","template":"","meta":[],"product_brand":[],"product_cat":[1043,2457],"product_tag":[],"class_list":{"0":"post-256231","1":"product","2":"type-product","3":"status-publish","4":"has-post-thumbnail","6":"product_cat-extras","7":"product_cat-liveo","9":"first","10":"instock","11":"purchasable","12":"product-type-simple"},"_links":{"self":[{"href":"https:\/\/baldumarket.lt\/lt\/wp-json\/wp\/v2\/product\/256231","targetHints":{"allow":["GET"]}}],"collection":[{"href":"https:\/\/baldumarket.lt\/lt\/wp-json\/wp\/v2\/product"}],"about":[{"href":"https:\/\/baldumarket.lt\/lt\/wp-json\/wp\/v2\/types\/product"}],"replies":[{"embeddable":true,"href":"https:\/\/baldumarket.lt\/lt\/wp-json\/wp\/v2\/comments?post=256231"}],"wp:featuredmedia":[{"embeddable":true,"href":"https:\/\/baldumarket.lt\/lt\/wp-json\/wp\/v2\/media\/256230"}],"wp:attachment":[{"href":"https:\/\/baldumarket.lt\/lt\/wp-json\/wp\/v2\/media?parent=256231"}],"wp:term":[{"taxonomy":"product_brand","embeddable":true,"href":"https:\/\/baldumarket.lt\/lt\/wp-json\/wp\/v2\/product_brand?post=256231"},{"taxonomy":"product_cat","embeddable":true,"href":"https:\/\/baldumarket.lt\/lt\/wp-json\/wp\/v2\/product_cat?post=256231"},{"taxonomy":"product_tag","embeddable":true,"href":"https:\/\/baldumarket.lt\/lt\/wp-json\/wp\/v2\/product_tag?post=256231"}],"curies":[{"name":"wp","href":"https:\/\/api.w.org\/{rel}","templated":true}]}}