{"id":256228,"date":"2026-01-10T22:44:33","date_gmt":"2026-01-10T19:44:33","guid":{"rendered":"https:\/\/baldumarket.lt\/product\/montana-mt05-polki-wewnetrzne-do-szafy-mt01-2-szt\/"},"modified":"2026-02-11T18:30:40","modified_gmt":"2026-02-11T15:30:40","slug":"montana-mt05-polki-wewnetrzne-do-szafy-mt01-2-szt","status":"publish","type":"product","link":"https:\/\/baldumarket.lt\/lt\/product\/montana-mt05-polki-wewnetrzne-do-szafy-mt01-2-szt\/","title":{"rendered":"MONTANA MT05 VIDIN\u0116S LENTYNOS MT01 SPINTAI, 2 VNT"},"content":{"rendered":"<p>Dviej\u0173 dali\u0173 komplekte esan\u010dios lentynos MONTANA MT05 yra spintos MONTANA MT01 papildantis elementas, tod\u0117l verta apsvarstyti j\u0173 \u012frengim\u0105, siekiant i\u0161pl\u0117sti jos funkcionalum\u0105.<\/p>\n<p>Plotis 76,5 cm Gylis 45 cm Auk\u0161tis 1,6 cm Produkto svoris su pakuote 8,10 kg Gamintojo kodas \/ simbolis MT05 Kolekcijos pavadinimas MONTANA Pavadinimas b2b sistemoje MONTANA MT05 LENTYNOS SPINTEL\u0116 MT01 BALTA KOMPLEKTAS MONTANA MT05 LENTYNOS SPINTEL\u0116 MT01 \u0104\u017dUOLO EVOKE KOMPLEKTAS Produkto pakuo\u010di\u0173 skai\u010dius 1 \u012eranga Surinkimo instrukcijos \/ surinkimo priedai Surinkimas Savaranki\u0161kam surinkimui Lentyn\u0173 spalva Balta arba Evoke \u0105\u017euolo Lentyn\u0173 med\u017eiaga \/ tipas \/ storis 16 mm baldin\u0117 plok\u0161t\u0117 Lentyn\u0173 kiekis 2<\/p>","protected":false},"excerpt":{"rendered":"<p>Dviej\u0173 dali\u0173 komplekte esan\u010dios lentynos MONTANA MT05 yra MONTANA MT01 spintos papildantis elementas, tod\u0117l verta apsvarstyti j\u0173 \u012frengim\u0105, siekiant i\u0161pl\u0117sti jos funkcionalum\u0105. Plotis 76,5 cm Gylis 45 cm Auk\u0161tis 1,6 cm Gaminio svoris su pakuote 8,10 kg Gamintojo kodas \/ simbolis MT05 Kolekcijos pavadinimas MONTANA Pavadinimas [\u2026]<\/p>","protected":false},"featured_media":256229,"comment_status":"open","ping_status":"open","template":"","meta":[],"product_brand":[],"product_cat":[1043,2457],"product_tag":[],"class_list":{"0":"post-256228","1":"product","2":"type-product","3":"status-publish","4":"has-post-thumbnail","6":"product_cat-extras","7":"product_cat-liveo","9":"first","10":"instock","11":"purchasable","12":"product-type-simple"},"_links":{"self":[{"href":"https:\/\/baldumarket.lt\/lt\/wp-json\/wp\/v2\/product\/256228","targetHints":{"allow":["GET"]}}],"collection":[{"href":"https:\/\/baldumarket.lt\/lt\/wp-json\/wp\/v2\/product"}],"about":[{"href":"https:\/\/baldumarket.lt\/lt\/wp-json\/wp\/v2\/types\/product"}],"replies":[{"embeddable":true,"href":"https:\/\/baldumarket.lt\/lt\/wp-json\/wp\/v2\/comments?post=256228"}],"wp:featuredmedia":[{"embeddable":true,"href":"https:\/\/baldumarket.lt\/lt\/wp-json\/wp\/v2\/media\/256229"}],"wp:attachment":[{"href":"https:\/\/baldumarket.lt\/lt\/wp-json\/wp\/v2\/media?parent=256228"}],"wp:term":[{"taxonomy":"product_brand","embeddable":true,"href":"https:\/\/baldumarket.lt\/lt\/wp-json\/wp\/v2\/product_brand?post=256228"},{"taxonomy":"product_cat","embeddable":true,"href":"https:\/\/baldumarket.lt\/lt\/wp-json\/wp\/v2\/product_cat?post=256228"},{"taxonomy":"product_tag","embeddable":true,"href":"https:\/\/baldumarket.lt\/lt\/wp-json\/wp\/v2\/product_tag?post=256228"}],"curies":[{"name":"wp","href":"https:\/\/api.w.org\/{rel}","templated":true}]}}