{"id":256188,"date":"2026-01-10T22:44:14","date_gmt":"2026-01-10T19:44:14","guid":{"rendered":"https:\/\/baldumarket.lt\/product\/montana-mt02-2\/"},"modified":"2026-02-11T18:30:40","modified_gmt":"2026-02-11T15:30:40","slug":"montana-mt02-2","status":"publish","type":"product","link":"https:\/\/baldumarket.lt\/lt\/product\/montana-mt02-2\/","title":{"rendered":"MONTANA MT02"},"content":{"rendered":"<p>MONTANA MT02 spinta papildys j\u016bs\u0173 prie\u0161kambario, r\u016bbin\u0117s ar miegamojo stili\u0173. Dviej\u0173 dur\u0173 spinta turi du b\u0117gelius, leid\u017eian\u010dius lengvai pasiekti atskirus spintos daiktus. Be praktin\u0117s funkcijos, spinta su veidrod\u017eiu vizualiai padidins kambar\u012f, kuriame ji yra. De\u0161in\u0117je dalyje yra keturios ni\u0161os drabu\u017eiams susid\u0117ti. Ji taip pat turi du stal\u010dius smulkiems aksesuarams. Taip pat galite pasirinkti priekin\u0117s dalies spalv\u0105: BALTA arba EVOKE OAK.<\/p>\n<p>Plotis 80 cm Gylis 52 cm Auk\u0161tis 204,7 cm Produkto svoris su pakuote 79,50 kg Gamintojo kodas \/ simbolis MT02 Kolekcijos pavadinimas MONTANA Pavadinimas b2b sistemoje MONTANA MT02 SPINTEL\u0116 BALTA\/BALTA KOMPLEKTAS Produkt\u0173 pakuo\u010di\u0173 skai\u010dius 3 Stilius Moderni \u012franga Surinkimo instrukcijos \/ surinkimo priedai Surinkimas Savaranki\u0161kam surinkimui Korpuso spalva Balta Korpuso apdailos med\u017eiaga \/ tipas \/ storis 16 mm baldin\u0117 plok\u0161t\u0117 Korpuso vir\u0161utin\u0117s dalies apdaila \/ med\u017eiaga \/ tipas \/ storis 16 mm baldin\u0117 plok\u0161t\u0117 Korpuso apdailos apatin\u0117 dalis \/ med\u017eiaga \/ tipas \/ storis 16 mm baldin\u0117 plok\u0161t\u0117 Lentynos spalva Balta Lentynos apdailos med\u017eiaga \/ tipas \/ storis 16 mm baldin\u0117 plok\u0161t\u0117 Lentyn\u0173 kiekis 2 Lentyn\u0173 kar\u016bn\u0117l\u0117s tipo dalis 1 Galin\u0117s sienel\u0117s apdailos med\u017eiaga \/ tipas \/ storis 2,5 mm HDF baldin\u0117 plok\u0161t\u0117 Galin\u0117s sienel\u0117s matomos dalies spalva Balta Priekin\u0117s spalvos Balta Priekin\u0117s apdailos med\u017eiaga \/ tipas \/ storis 16 mm baldin\u0117 plok\u0161t\u0117 Priekin\u0117 dalis su veidrod\u017eiu TAIP Priekin\u0117 dalis su veidrod\u017eiu 1 Priekinis vyris \u2300 35 mm, reguliuojamas trijose plok\u0161tumose Priekin\u0117 rankena \/ apdaila \/ spalva Plastikin\u0117 \/ juoda Pilno i\u0161traukimo stal\u010di\u0173 b\u0117geliai Kojel\u0117 \/ apdaila \/ spalva Nereguliuojama \/ Bald\u0173 b\u0117geliai \/ plastikas \/ juodas Dureli\u0173 skai\u010dius 2 Stal\u010di\u0173 skai\u010dius 2 U\u017edar\u0173 ni\u0161\u0173 skai\u010dius 5 Korpuso \u012franga Standartin\u0117 2 pakabinimo b\u0117geliai<\/p>","protected":false},"excerpt":{"rendered":"<p>MONTANA MT02 spinta papildys j\u016bs\u0173 prie\u0161kambario, persirengimo kambario ar miegamojo stili\u0173. Dviej\u0173 dur\u0173 spinta turi du b\u0117gelius, leid\u017eian\u010dius lengvai pasiekti atskirus spintos elementus. Be praktin\u0117s funkcijos, spinta su veidrod\u017eiu vizualiai padidins kambar\u012f, kuriame ji yra. De\u0161in\u0117je dalyje yra keturios [\u2026]<\/p>","protected":false},"featured_media":256189,"comment_status":"open","ping_status":"open","template":"","meta":[],"product_brand":[],"product_cat":[2457,1177],"product_tag":[],"class_list":{"0":"post-256188","1":"product","2":"type-product","3":"status-publish","4":"has-post-thumbnail","6":"product_cat-liveo","7":"product_cat-wardrobes","9":"first","10":"instock","11":"purchasable","12":"product-type-simple"},"_links":{"self":[{"href":"https:\/\/baldumarket.lt\/lt\/wp-json\/wp\/v2\/product\/256188","targetHints":{"allow":["GET"]}}],"collection":[{"href":"https:\/\/baldumarket.lt\/lt\/wp-json\/wp\/v2\/product"}],"about":[{"href":"https:\/\/baldumarket.lt\/lt\/wp-json\/wp\/v2\/types\/product"}],"replies":[{"embeddable":true,"href":"https:\/\/baldumarket.lt\/lt\/wp-json\/wp\/v2\/comments?post=256188"}],"wp:featuredmedia":[{"embeddable":true,"href":"https:\/\/baldumarket.lt\/lt\/wp-json\/wp\/v2\/media\/256189"}],"wp:attachment":[{"href":"https:\/\/baldumarket.lt\/lt\/wp-json\/wp\/v2\/media?parent=256188"}],"wp:term":[{"taxonomy":"product_brand","embeddable":true,"href":"https:\/\/baldumarket.lt\/lt\/wp-json\/wp\/v2\/product_brand?post=256188"},{"taxonomy":"product_cat","embeddable":true,"href":"https:\/\/baldumarket.lt\/lt\/wp-json\/wp\/v2\/product_cat?post=256188"},{"taxonomy":"product_tag","embeddable":true,"href":"https:\/\/baldumarket.lt\/lt\/wp-json\/wp\/v2\/product_tag?post=256188"}],"curies":[{"name":"wp","href":"https:\/\/api.w.org\/{rel}","templated":true}]}}