{"id":256180,"date":"2026-01-10T22:44:06","date_gmt":"2026-01-10T19:44:06","guid":{"rendered":"https:\/\/baldumarket.lt\/product\/montana-mt02\/"},"modified":"2026-02-11T18:30:40","modified_gmt":"2026-02-11T15:30:40","slug":"montana-mt02","status":"publish","type":"product","link":"https:\/\/baldumarket.lt\/lt\/product\/montana-mt02\/","title":{"rendered":"MONTANA MT02"},"content":{"rendered":"<p>MONTANA MT02 spinta papildys j\u016bs\u0173 prie\u0161kambario, r\u016bbin\u0117s ar miegamojo stili\u0173. Dviej\u0173 dur\u0173 spinta turi du b\u0117gelius, leid\u017eian\u010dius lengvai pasiekti atskirus spintos daiktus. Be praktin\u0117s funkcijos, spinta su veidrod\u017eiu vizualiai padidins kambar\u012f, kuriame ji yra. De\u0161in\u0117je dalyje yra keturios ni\u0161os drabu\u017eiams susid\u0117ti. Ji taip pat turi du stal\u010dius smulkiems aksesuarams. Taip pat galite pasirinkti priekin\u0117s dalies spalv\u0105: BALTA arba EVOKE OAK.<\/p>\n<p>Plotis 80 cm Gylis 52 cm Auk\u0161tis 204,7 cm Produkto svoris su pakuote 79,50 kg Gamintojo kodas \/ simbolis MT02 Kolekcijos pavadinimas MONTANA Pavadinimas b2b sistemoje MONTANA MT02 SPINTEL\u0116 \u0104\u017dUOLAS EVOKE\/\u0104\u017dUOLAS EVOKE KOMPLEKTAS Produkt\u0173 pakuo\u010di\u0173 skai\u010dius 3 Stilius Modernus \u012eranga Surinkimo instrukcijos \/ surinkimo priedai Surinkimas Savaranki\u0161kam surinkimui Korpuso spalva Evoke Oak Korpuso apdailos med\u017eiaga \/ tipas \/ storis 16 mm baldin\u0117 lenta Vir\u0161utin\u0117 korpuso apdaila \/ med\u017eiaga \/ tipas \/ storis 16 mm baldin\u0117 lenta Korpuso apdailos apatin\u0117 dalis \/ med\u017eiaga \/ tipas \/ storis 16 mm baldin\u0117 lenta Lentynos spalva Evoke Oak Lentynos apdailos med\u017eiaga \/ tipas \/ storis 16 mm baldin\u0117 lenta Lentyn\u0173 kiekis 2 Lentyn\u0173 kar\u016bnos kiekis 1 Galin\u0117s sienel\u0117s apdailos med\u017eiaga \/ tipas \/ storis 2,5 mm HDF baldin\u0117 lenta Matoma galin\u0117s sienel\u0117s dalis Evoke Oak Priekin\u0117 spalva Evoke Oak Priekin\u0117s apdailos med\u017eiaga \/ tipas \/ storis 16 mm baldin\u0117 lenta Priekin\u0117 dalis su veidrod\u017eiu TAIP Priekin\u0117 dalis su veidrod\u017eiu kiekis 1 Priekinis vyris \u2300 35 mm, reguliuojamas trijose plok\u0161tumose Priekin\u0117 rankena \/ apdaila \/ spalva Plastikas \/ juoda Pilno i\u0161traukimo stal\u010di\u0173 b\u0117geliai Kojel\u0117 \/ apdaila \/ spalva Nereguliuojamas \/ Bald\u0173 b\u0117geliai \/ plastikas \/ juoda Dureli\u0173 skai\u010dius 2 Stal\u010di\u0173 skai\u010dius 2 U\u017edar\u0173 ni\u0161\u0173 skai\u010dius 5 Korpuso \u012franga Standartin\u0117 2 pakabos strypai<\/p>","protected":false},"excerpt":{"rendered":"<p>MONTANA MT02 spinta papildys j\u016bs\u0173 prie\u0161kambario, persirengimo kambario ar miegamojo stili\u0173. Dviej\u0173 dur\u0173 spinta turi du b\u0117gelius, leid\u017eian\u010dius lengvai pasiekti atskirus spintos elementus. Be praktin\u0117s funkcijos, spinta su veidrod\u017eiu vizualiai padidins kambar\u012f, kuriame ji yra. De\u0161in\u0117je dalyje yra keturios [\u2026]<\/p>","protected":false},"featured_media":256181,"comment_status":"open","ping_status":"open","template":"","meta":[],"product_brand":[],"product_cat":[2457,1177],"product_tag":[],"class_list":{"0":"post-256180","1":"product","2":"type-product","3":"status-publish","4":"has-post-thumbnail","6":"product_cat-liveo","7":"product_cat-wardrobes","9":"first","10":"instock","11":"purchasable","12":"product-type-simple"},"_links":{"self":[{"href":"https:\/\/baldumarket.lt\/lt\/wp-json\/wp\/v2\/product\/256180","targetHints":{"allow":["GET"]}}],"collection":[{"href":"https:\/\/baldumarket.lt\/lt\/wp-json\/wp\/v2\/product"}],"about":[{"href":"https:\/\/baldumarket.lt\/lt\/wp-json\/wp\/v2\/types\/product"}],"replies":[{"embeddable":true,"href":"https:\/\/baldumarket.lt\/lt\/wp-json\/wp\/v2\/comments?post=256180"}],"wp:featuredmedia":[{"embeddable":true,"href":"https:\/\/baldumarket.lt\/lt\/wp-json\/wp\/v2\/media\/256181"}],"wp:attachment":[{"href":"https:\/\/baldumarket.lt\/lt\/wp-json\/wp\/v2\/media?parent=256180"}],"wp:term":[{"taxonomy":"product_brand","embeddable":true,"href":"https:\/\/baldumarket.lt\/lt\/wp-json\/wp\/v2\/product_brand?post=256180"},{"taxonomy":"product_cat","embeddable":true,"href":"https:\/\/baldumarket.lt\/lt\/wp-json\/wp\/v2\/product_cat?post=256180"},{"taxonomy":"product_tag","embeddable":true,"href":"https:\/\/baldumarket.lt\/lt\/wp-json\/wp\/v2\/product_tag?post=256180"}],"curies":[{"name":"wp","href":"https:\/\/api.w.org\/{rel}","templated":true}]}}