{"id":256172,"date":"2026-01-10T22:44:02","date_gmt":"2026-01-10T19:44:02","guid":{"rendered":"https:\/\/baldumarket.lt\/product\/montana-mt01-2\/"},"modified":"2026-02-11T18:30:40","modified_gmt":"2026-02-11T15:30:40","slug":"montana-mt01-2","status":"publish","type":"product","link":"https:\/\/baldumarket.lt\/lt\/product\/montana-mt01-2\/","title":{"rendered":"MONTANA MT01"},"content":{"rendered":"<p>MONTANA MT01 spinta papildys j\u016bs\u0173 prie\u0161kambario, r\u016bbin\u0117s ar miegamojo stili\u0173. Dvidur\u0117 spinta turi du pakabos b\u0117gelius, kurie leid\u017eia lengvai pasiekti j\u016bs\u0173 spint\u0105. Spint\u0105 galima papildyti MONTANA MT05 lentynomis, kad b\u016bt\u0173 lengviau sutvarkyti j\u016bs\u0173 spint\u0105. Taip pat galite pasirinkti priekin\u0117s dalies spalv\u0105: BALTA arba EVOKE \u0104\u017dUOLAS.<\/p>\n<p>Plotis 80 cm Gylis 52 cm Auk\u0161tis 204,7 cm Produkto svoris su pakuote 59,50 kg Gamintojo kodas \/ simbolis MT01 Kolekcijos pavadinimas MONTANA Pavadinimas b2b sistemoje MONTANA MT01 SPINTEL\u0116 BALTA\/BALTA KOMPLEKTAS Produkt\u0173 pakuo\u010di\u0173 skai\u010dius 2 Stilius Modernus \u012eranga Surinkimo instrukcijos \/ surinkimo priedai Surinkimas Savaranki\u0161kam surinkimui Korpuso spalva Balta Korpuso apdailos med\u017eiaga \/ tipas \/ storis 16 mm baldin\u0117 plok\u0161t\u0117 Korpuso vir\u0161utin\u0117s dalies apdaila \/ med\u017eiaga \/ tipas \/ storis 16 mm baldin\u0117 plok\u0161t\u0117 Korpuso apatin\u0117s dalies apdaila \/ med\u017eiaga \/ tipas \/ storis 16 mm baldin\u0117 plok\u0161t\u0117 Galin\u0117s sienel\u0117s apdailos med\u017eiaga \/ tipas \/ storis 2,5 mm HDF baldin\u0117 plok\u0161t\u0117 Galin\u0117s sienel\u0117s matomos dalies spalva Balta Priekin\u0117s spalvos Balta Priekin\u0117s apdailos med\u017eiaga \/ tipas \/ storis 16 mm baldin\u0117 plok\u0161t\u0117 Priekinis vyris \u2300 35 mm reguliuojamas trijose plok\u0161tumose Priekin\u0117 rankena \/ apdaila \/ spalva Plastikas \/ juoda Kojel\u0117 \/ apdaila \/ Spalvos: Be reguliavimo \/ Bald\u0173 b\u0117geliai \/ Plastikas \/ Juoda Dur\u0173 skai\u010dius: 2 U\u017edar\u0173 ni\u0161\u0173 skai\u010dius: 1 standarti\u0161kai \/ i\u0161ple\u010diama iki 5 Korpuso \u012franga: 2 pakabos kaip standartin\u0117 \u012franga<\/p>","protected":false},"excerpt":{"rendered":"<p>MONTANA MT01 spinta papildys j\u016bs\u0173 prie\u0161kambario, persirengimo kambario ar miegamojo stili\u0173. Dviej\u0173 dur\u0173 spinta turi du pakabinimo b\u0117gelius, kurie leid\u017eia lengvai pasiekti j\u016bs\u0173 spint\u0105. Spint\u0105 galima komplektuoti su papildomomis MONTANA MT05 lentynomis, kad b\u016bt\u0173 lengviau sutvarkyti j\u016bs\u0173 spint\u0105. Taip pat galite pasirinkti priekin\u0117s dalies spalv\u0105: BALT\u0104 arba [\u2026]<\/p>","protected":false},"featured_media":256173,"comment_status":"open","ping_status":"open","template":"","meta":[],"product_brand":[],"product_cat":[2457,1177],"product_tag":[],"class_list":{"0":"post-256172","1":"product","2":"type-product","3":"status-publish","4":"has-post-thumbnail","6":"product_cat-liveo","7":"product_cat-wardrobes","9":"first","10":"instock","11":"purchasable","12":"product-type-simple"},"_links":{"self":[{"href":"https:\/\/baldumarket.lt\/lt\/wp-json\/wp\/v2\/product\/256172","targetHints":{"allow":["GET"]}}],"collection":[{"href":"https:\/\/baldumarket.lt\/lt\/wp-json\/wp\/v2\/product"}],"about":[{"href":"https:\/\/baldumarket.lt\/lt\/wp-json\/wp\/v2\/types\/product"}],"replies":[{"embeddable":true,"href":"https:\/\/baldumarket.lt\/lt\/wp-json\/wp\/v2\/comments?post=256172"}],"wp:featuredmedia":[{"embeddable":true,"href":"https:\/\/baldumarket.lt\/lt\/wp-json\/wp\/v2\/media\/256173"}],"wp:attachment":[{"href":"https:\/\/baldumarket.lt\/lt\/wp-json\/wp\/v2\/media?parent=256172"}],"wp:term":[{"taxonomy":"product_brand","embeddable":true,"href":"https:\/\/baldumarket.lt\/lt\/wp-json\/wp\/v2\/product_brand?post=256172"},{"taxonomy":"product_cat","embeddable":true,"href":"https:\/\/baldumarket.lt\/lt\/wp-json\/wp\/v2\/product_cat?post=256172"},{"taxonomy":"product_tag","embeddable":true,"href":"https:\/\/baldumarket.lt\/lt\/wp-json\/wp\/v2\/product_tag?post=256172"}],"curies":[{"name":"wp","href":"https:\/\/api.w.org\/{rel}","templated":true}]}}