{"id":256162,"date":"2026-01-10T22:43:56","date_gmt":"2026-01-10T19:43:56","guid":{"rendered":"https:\/\/baldumarket.lt\/product\/modena-zakonczenie-uniwersalne-listwy-przyblatowej\/"},"modified":"2026-02-11T18:30:40","modified_gmt":"2026-02-11T15:30:40","slug":"modena-zakonczenie-uniwersalne-listwy-przyblatowej","status":"publish","type":"product","link":"https:\/\/baldumarket.lt\/lt\/product\/modena-zakonczenie-uniwersalne-listwy-przyblatowej\/","title":{"rendered":"UNIVERSALI MODENA STALVIR\u0160IO JUOSTEL\u0116S APDAILA"},"content":{"rendered":"<p>Universalus stalvir\u0161io juostel\u0117s kairysis\/de\u0161inysis galas leis tinkamai pritvirtinti tiek de\u0161in\u012fj\u012f, tiek kair\u012fj\u012f juostel\u0117s galus.<\/p>\n<p>\u012eranga Surinkimo instrukcijos \/ tvirtinimo priedai Surinkimas Savaranki\u0161kam surinkimui<\/p>","protected":false},"excerpt":{"rendered":"<p>Universalus stalvir\u0161io juostel\u0117s kairysis\/de\u0161inysis galas leis tinkamai pritvirtinti tiek de\u0161in\u012fj\u012f, tiek kair\u012fj\u012f juostel\u0117s galus. \u012eranga Surinkimo instrukcijos \/ tvirtinimo priedai Surinkimas Savaranki\u0161kam surinkimui<\/p>","protected":false},"featured_media":256163,"comment_status":"open","ping_status":"open","template":"","meta":[],"product_brand":[],"product_cat":[1043,2457],"product_tag":[],"class_list":{"0":"post-256162","1":"product","2":"type-product","3":"status-publish","4":"has-post-thumbnail","6":"product_cat-extras","7":"product_cat-liveo","9":"first","10":"instock","11":"product-type-simple"},"_links":{"self":[{"href":"https:\/\/baldumarket.lt\/lt\/wp-json\/wp\/v2\/product\/256162","targetHints":{"allow":["GET"]}}],"collection":[{"href":"https:\/\/baldumarket.lt\/lt\/wp-json\/wp\/v2\/product"}],"about":[{"href":"https:\/\/baldumarket.lt\/lt\/wp-json\/wp\/v2\/types\/product"}],"replies":[{"embeddable":true,"href":"https:\/\/baldumarket.lt\/lt\/wp-json\/wp\/v2\/comments?post=256162"}],"wp:featuredmedia":[{"embeddable":true,"href":"https:\/\/baldumarket.lt\/lt\/wp-json\/wp\/v2\/media\/256163"}],"wp:attachment":[{"href":"https:\/\/baldumarket.lt\/lt\/wp-json\/wp\/v2\/media?parent=256162"}],"wp:term":[{"taxonomy":"product_brand","embeddable":true,"href":"https:\/\/baldumarket.lt\/lt\/wp-json\/wp\/v2\/product_brand?post=256162"},{"taxonomy":"product_cat","embeddable":true,"href":"https:\/\/baldumarket.lt\/lt\/wp-json\/wp\/v2\/product_cat?post=256162"},{"taxonomy":"product_tag","embeddable":true,"href":"https:\/\/baldumarket.lt\/lt\/wp-json\/wp\/v2\/product_tag?post=256162"}],"curies":[{"name":"wp","href":"https:\/\/api.w.org\/{rel}","templated":true}]}}