{"id":256160,"date":"2026-01-10T22:43:51","date_gmt":"2026-01-10T19:43:51","guid":{"rendered":"https:\/\/baldumarket.lt\/product\/modena-naroznik-wewnetrzny-90-listwy-przyblatowej\/"},"modified":"2026-02-11T18:30:41","modified_gmt":"2026-02-11T15:30:41","slug":"modena-naroznik-wewnetrzny-90-listwy-przyblatowej","status":"publish","type":"product","link":"https:\/\/baldumarket.lt\/lt\/product\/modena-naroznik-wewnetrzny-90-listwy-przyblatowej\/","title":{"rendered":"MODENA VIDINIS KAMPAS 90\u00b0 STALVIR\u0160IO JUOSTEL\u0116"},"content":{"rendered":"<p>Vidinis juostel\u0117s kampas leis tinkamai apsaugoti juosteli\u0173 kampus ir jungtis.<\/p>\n<p>\u012eranga Surinkimo instrukcijos \/ tvirtinimo priedai Surinkimas Savaranki\u0161kam surinkimui<\/p>","protected":false},"excerpt":{"rendered":"<p>Vidinis juostel\u0117s kampas leis tinkamai apsaugoti juost\u0173 kampus ir jungtis. \u012eranga Surinkimo instrukcijos \/ tvirtinimo priedai Surinkimas Savaranki\u0161kam surinkimui<\/p>","protected":false},"featured_media":252982,"comment_status":"open","ping_status":"open","template":"","meta":[],"product_brand":[],"product_cat":[1043,2457],"product_tag":[],"class_list":{"0":"post-256160","1":"product","2":"type-product","3":"status-publish","4":"has-post-thumbnail","6":"product_cat-extras","7":"product_cat-liveo","9":"first","10":"instock","11":"product-type-simple"},"_links":{"self":[{"href":"https:\/\/baldumarket.lt\/lt\/wp-json\/wp\/v2\/product\/256160","targetHints":{"allow":["GET"]}}],"collection":[{"href":"https:\/\/baldumarket.lt\/lt\/wp-json\/wp\/v2\/product"}],"about":[{"href":"https:\/\/baldumarket.lt\/lt\/wp-json\/wp\/v2\/types\/product"}],"replies":[{"embeddable":true,"href":"https:\/\/baldumarket.lt\/lt\/wp-json\/wp\/v2\/comments?post=256160"}],"wp:featuredmedia":[{"embeddable":true,"href":"https:\/\/baldumarket.lt\/lt\/wp-json\/wp\/v2\/media\/252982"}],"wp:attachment":[{"href":"https:\/\/baldumarket.lt\/lt\/wp-json\/wp\/v2\/media?parent=256160"}],"wp:term":[{"taxonomy":"product_brand","embeddable":true,"href":"https:\/\/baldumarket.lt\/lt\/wp-json\/wp\/v2\/product_brand?post=256160"},{"taxonomy":"product_cat","embeddable":true,"href":"https:\/\/baldumarket.lt\/lt\/wp-json\/wp\/v2\/product_cat?post=256160"},{"taxonomy":"product_tag","embeddable":true,"href":"https:\/\/baldumarket.lt\/lt\/wp-json\/wp\/v2\/product_tag?post=256160"}],"curies":[{"name":"wp","href":"https:\/\/api.w.org\/{rel}","templated":true}]}}