{"id":256153,"date":"2026-01-10T22:43:46","date_gmt":"2026-01-10T19:43:46","guid":{"rendered":"https:\/\/baldumarket.lt\/product\/modena-md9g80w-front-kpl-rijeka-jasna-rijeka-ciemna\/"},"modified":"2026-02-11T18:30:41","modified_gmt":"2026-02-11T15:30:41","slug":"modena-md9g80w-front-kpl-rijeka-jasna-rijeka-ciemna","status":"publish","type":"product","link":"https:\/\/baldumarket.lt\/lt\/product\/modena-md9g80w-front-kpl-rijeka-jasna-rijeka-ciemna\/","title":{"rendered":"MODENA MD9|G80w FRONT KPL. RIJEKA LIGHT \/ RIJEKA DARK"},"content":{"rendered":"<p>Vir\u0161utin\u0117 spintel\u0117 MD9\/G80W i\u0161 \u201eModena\u201c virtuv\u0117s kolekcijos. \u0160ioje dviej\u0173 lygi\u0173, i\u0161 dalies \u012fstiklintoje sienin\u0117je spintel\u0117je, kuri atsidaro \u012f vir\u0161\u0173 dujini\u0173 keltuv\u0173 d\u0117ka, tikrai tilps visi j\u016bs\u0173 reikalingi virtuv\u0117s reikmenys. Stiklinis priekis gra\u017eiai i\u0161ry\u0161kina stalo \u012frankius ir stiklinius indus. Papildoma spintel\u0117s savyb\u0117 \u2013 galimyb\u0117 \u012fmontuoti pasirenkam\u0105 ind\u0173 d\u017eiovykl\u0119. 80 cm plo\u010dio ir 72 cm auk\u0161\u010dio ji puikiai papildo vir\u0161utin\u012f virtuv\u0117s segment\u0105. Spintel\u0119 reikia \u012fsigyti dviem atskiromis dalimis (priekine dalimi ir korpusu). Priekin\u0117 dalis yra \u0161viesios \u201eRijeka\u201c, tamsios \u201eRijeka\u201c, buko \/ blizgios baltos ir blizgios baltos \/ matinio grafito spalvos, o korpusas \u2013 \u0161viesios \u201eRijeka\u201c spalvos. Galimos priekin\u0117s dalies spalvos leid\u017eia pritaikyti dizain\u0105 pagal individualius poreikius. Vis\u0105 kolekcij\u0105 sudaro atskiri elementai, kuriuos galite pasirinkti ir surinkti patys arba rinktis i\u0161 keli\u0173 paruo\u0161t\u0173 rinkini\u0173. Papildomi kolekcijos privalumai: reguliuojamos kojel\u0117s apatin\u0117se spintel\u0117se, trima\u010diai reguliuojami pakabos laikikliai vir\u0161utin\u0117se spintel\u0117se ir auk\u0161tos kokyb\u0117s priedai. \u0160i spintel\u0117, kaip ir visa \u201eModena\u201c bald\u0173 kolekcija, buvo kruop\u0161\u010diai suprojektuota taip, kad b\u016bt\u0173 pakankamai vietos daiktams susid\u0117ti ir ilgaam\u017e\u0117.<\/p>\n<p>Plotis 80 cm Gylis 1,5 cm Auk\u0161tis 72 cm Produkto svoris su pakuote 9,55 kg Gamintojo kodas \/ simbolis MD09 Kolekcijos pavadinimas MODENA KITCHEN Produkto pakuo\u010di\u0173 skai\u010dius 1 Stilius UNIVERSAL \u012eranga Surinkimo instrukcijos \/ surinkimo priedai Surinkimas Savaranki\u0161kam surinkimui Priekin\u0117s spalvos RIJEKA LIGHT \/ RIJEKA DARK Priekin\u0117s dalies med\u017eiaga \/ tipas \/ storis laminuota med\u017eio dro\u017eli\u0173 plok\u0161t\u0117 15 mm Priekin\u0117s rankenos med\u017eiaga \/ spalva plastikas \/ aliuminis Glaz\u016bruotos priekin\u0117s dalies med\u017eiaga \/ stiklo spalva Gr\u016bdintas \/ bespalvis Glaz\u016bruoto priekinio stiklo storis 3 mm<\/p>","protected":false},"excerpt":{"rendered":"<p>Vir\u0161utin\u0117 spintel\u0117 MD9\/G80W yra i\u0161 \u201eModena\u201c virtuv\u0117s kolekcijos. \u0160ioje dviej\u0173 lygi\u0173, i\u0161 dalies \u012fstiklintoje sienin\u0117je spintel\u0117je, kuri atsidaro \u012f vir\u0161\u0173 dujini\u0173 keltuv\u0173 d\u0117ka, tikrai tilps visi j\u016bs\u0173 reikalingi virtuv\u0117s reikmenys. Stiklinis priekis gra\u017eiai i\u0161ry\u0161kina stalo \u012frankius ir stiklinius indus. Papildoma spintel\u0117s ypatyb\u0117 \u2013 galimyb\u0117 \u012fmontuoti pasirinktinai \u012frengt\u0105 ind\u0173 d\u017eiovykl\u0119. [\u2026]<\/p>","protected":false},"featured_media":252939,"comment_status":"open","ping_status":"open","template":"","meta":[],"product_brand":[],"product_cat":[1043,2457],"product_tag":[],"class_list":{"0":"post-256153","1":"product","2":"type-product","3":"status-publish","4":"has-post-thumbnail","6":"product_cat-extras","7":"product_cat-liveo","9":"first","10":"instock","11":"purchasable","12":"product-type-simple"},"_links":{"self":[{"href":"https:\/\/baldumarket.lt\/lt\/wp-json\/wp\/v2\/product\/256153","targetHints":{"allow":["GET"]}}],"collection":[{"href":"https:\/\/baldumarket.lt\/lt\/wp-json\/wp\/v2\/product"}],"about":[{"href":"https:\/\/baldumarket.lt\/lt\/wp-json\/wp\/v2\/types\/product"}],"replies":[{"embeddable":true,"href":"https:\/\/baldumarket.lt\/lt\/wp-json\/wp\/v2\/comments?post=256153"}],"wp:featuredmedia":[{"embeddable":true,"href":"https:\/\/baldumarket.lt\/lt\/wp-json\/wp\/v2\/media\/252939"}],"wp:attachment":[{"href":"https:\/\/baldumarket.lt\/lt\/wp-json\/wp\/v2\/media?parent=256153"}],"wp:term":[{"taxonomy":"product_brand","embeddable":true,"href":"https:\/\/baldumarket.lt\/lt\/wp-json\/wp\/v2\/product_brand?post=256153"},{"taxonomy":"product_cat","embeddable":true,"href":"https:\/\/baldumarket.lt\/lt\/wp-json\/wp\/v2\/product_cat?post=256153"},{"taxonomy":"product_tag","embeddable":true,"href":"https:\/\/baldumarket.lt\/lt\/wp-json\/wp\/v2\/product_tag?post=256153"}],"curies":[{"name":"wp","href":"https:\/\/api.w.org\/{rel}","templated":true}]}}