{"id":256125,"date":"2026-01-10T22:43:18","date_gmt":"2026-01-10T19:43:18","guid":{"rendered":"https:\/\/baldumarket.lt\/product\/modena-md7g60o-front-kpl-rijeka-ciemna-rijeka-jasna\/"},"modified":"2026-02-11T18:30:41","modified_gmt":"2026-02-11T15:30:41","slug":"modena-md7g60o-front-kpl-rijeka-ciemna-rijeka-jasna","status":"publish","type":"product","link":"https:\/\/baldumarket.lt\/lt\/product\/modena-md7g60o-front-kpl-rijeka-ciemna-rijeka-jasna\/","title":{"rendered":"MODENA MD7|G60o FRONT KPL. RIJEKA DARK \/ RIJEKA LIGHT"},"content":{"rendered":"<p>Vir\u0161utin\u0117 spintel\u0117 MD7\/G60o i\u0161 \u201eModena\u201c virtuv\u0117s kolekcijos. \u0160i vienpus\u0117 sienin\u0117 spintel\u0117, atsidaranti \u012f vir\u0161\u0173 dujini\u0173 keltuv\u0173 d\u0117ka ir pakabinama vir\u0161 gartraukio, idealiai tinka laikyti svarbiausius virtuv\u0117s reikmenis. 60 cm plo\u010dio ir 36 cm auk\u0161\u010dio ji puikiai papildo vir\u0161utin\u012f virtuv\u0117s bald\u0105. Spintel\u0119 reikia \u012fsigyti dviem atskiromis dalimis (priekine dalimi ir korpusu). Priekin\u0117 dalis yra \u0161viesios \u201eRijeka\u201c, tamsios \u201eRijeka\u201c, buko \/ blizgios baltos ir blizgios baltos \/ matin\u0117s grafito spalvos, o korpusas \u2013 \u0161viesios \u201eRijeka\u201c spalvos. Galimos priekin\u0117s dalies spalvos leid\u017eia pritaikyti dizain\u0105 pagal individualius poreikius. Vis\u0105 kolekcij\u0105 sudaro atskiri elementai, kuriuos galite pasirinkti ir surinkti patys arba rinktis i\u0161 keli\u0173 jau paruo\u0161t\u0173 komplekt\u0173. Papildomi kolekcijos privalumai: reguliuojamos apatini\u0173 spinteli\u0173 kojel\u0117s, trima\u010diai reguliuojami vir\u0161utini\u0173 spinteli\u0173 pakabos ir auk\u0161tos kokyb\u0117s aksesuarai. Spintel\u0117, kaip ir visa \u201eModena\u201c bald\u0173 kolekcija, buvo kruop\u0161\u010diai suprojektuota, siekiant u\u017etikrinti didel\u0119 daikt\u0173 laikymo erdv\u0119 ir ilgalaik\u012f naudojim\u0105.<\/p>\n<p>Plotis 60 cm Gylis 1,5 cm Auk\u0161tis 36 cm Produkto svoris su pakuote 3,15 kg Gamintojo kodas \/ simbolis MD07 Kolekcijos pavadinimas MODENA KITCHEN Produkto pakuo\u010di\u0173 skai\u010dius 1 Stilius UNIVERSAL \u012eranga Surinkimo instrukcijos \/ surinkimo priedai Surinkimas Savaranki\u0161kam surinkimui Priekin\u0117s dalies spalva RIJEKA DARK Priekin\u0117s apdailos med\u017eiaga \/ tipas \/ storis laminuota med\u017eio dro\u017eli\u0173 plok\u0161t\u0117 15 mm Priekin\u0117 rankena \/ apdaila \/ spalva plastikas \/ aliuminis<\/p>","protected":false},"excerpt":{"rendered":"<p>Vir\u0161utin\u0117 spintel\u0117 MD7\/G60o yra i\u0161 \u201eModena\u201c virtuv\u0117s kolekcijos. \u0160i vienpus\u0117 sienin\u0117 spintel\u0117, atsidaranti \u012f vir\u0161\u0173 dujini\u0173 keltuv\u0173 d\u0117ka ir pakabinta vir\u0161 gartraukio, idealiai tinka laikyti svarbiausius virtuv\u0117s reikmenis. 60 cm plo\u010dio ir 36 cm auk\u0161\u010dio ji puikiai papildo vir\u0161utin\u012f virtuv\u0117s bald\u0105. Spintel\u0119 reikia \u012fsigyti dviem atskirais [\u2026]<\/p>","protected":false},"featured_media":252866,"comment_status":"open","ping_status":"open","template":"","meta":[],"product_brand":[],"product_cat":[1043,2457],"product_tag":[],"class_list":{"0":"post-256125","1":"product","2":"type-product","3":"status-publish","4":"has-post-thumbnail","6":"product_cat-extras","7":"product_cat-liveo","9":"first","10":"instock","11":"purchasable","12":"product-type-simple"},"_links":{"self":[{"href":"https:\/\/baldumarket.lt\/lt\/wp-json\/wp\/v2\/product\/256125","targetHints":{"allow":["GET"]}}],"collection":[{"href":"https:\/\/baldumarket.lt\/lt\/wp-json\/wp\/v2\/product"}],"about":[{"href":"https:\/\/baldumarket.lt\/lt\/wp-json\/wp\/v2\/types\/product"}],"replies":[{"embeddable":true,"href":"https:\/\/baldumarket.lt\/lt\/wp-json\/wp\/v2\/comments?post=256125"}],"wp:featuredmedia":[{"embeddable":true,"href":"https:\/\/baldumarket.lt\/lt\/wp-json\/wp\/v2\/media\/252866"}],"wp:attachment":[{"href":"https:\/\/baldumarket.lt\/lt\/wp-json\/wp\/v2\/media?parent=256125"}],"wp:term":[{"taxonomy":"product_brand","embeddable":true,"href":"https:\/\/baldumarket.lt\/lt\/wp-json\/wp\/v2\/product_brand?post=256125"},{"taxonomy":"product_cat","embeddable":true,"href":"https:\/\/baldumarket.lt\/lt\/wp-json\/wp\/v2\/product_cat?post=256125"},{"taxonomy":"product_tag","embeddable":true,"href":"https:\/\/baldumarket.lt\/lt\/wp-json\/wp\/v2\/product_tag?post=256125"}],"curies":[{"name":"wp","href":"https:\/\/api.w.org\/{rel}","templated":true}]}}