{"id":256114,"date":"2026-01-10T22:43:08","date_gmt":"2026-01-10T19:43:08","guid":{"rendered":"https:\/\/baldumarket.lt\/product\/modena-md6g50o-front-kpl-rijeka-jasna-rijeka-ciemna\/"},"modified":"2026-02-11T18:30:41","modified_gmt":"2026-02-11T15:30:41","slug":"modena-md6g50o-front-kpl-rijeka-jasna-rijeka-ciemna","status":"publish","type":"product","link":"https:\/\/baldumarket.lt\/lt\/product\/modena-md6g50o-front-kpl-rijeka-jasna-rijeka-ciemna\/","title":{"rendered":"MODENA MD6|G50o FRONT KPL. RIJEKA LIGHT \/ RIJEKA DARK"},"content":{"rendered":"<p>Vir\u0161utin\u0117 spintel\u0117 MD6\/G50o yra i\u0161 \u201eModena\u201c virtuv\u0117s kolekcijos. \u0160i vienpus\u0117 sienin\u0117 spintel\u0117, atsidaranti \u012f vir\u0161\u0173 dujini\u0173 keltuv\u0173 d\u0117ka, talpina visus b\u016btiniausius virtuv\u0117s reikmenis. 50 cm plo\u010dio ir 36 cm auk\u0161\u010dio ji puikiai papildo vir\u0161utin\u012f virtuv\u0117s segment\u0105. Spintel\u0119 reikia \u012fsigyti dviem atskiromis dalimis (priekine dalimi ir korpusu). Priekin\u0117 dalis yra \u0161viesios \u201eRijeka\u201c, tamsios \u201eRijeka\u201c, buko \/ blizgios baltos ir blizgios baltos \/ matin\u0117s grafito spalvos, o korpusas \u2013 \u0161viesios \u201eRijeka\u201c spalvos. Galimos priekin\u0117s dalies spalvos leid\u017eia pritaikyti dizain\u0105 pagal individualius poreikius. Vis\u0105 kolekcij\u0105 sudaro atskiri elementai, kuriuos galite pasirinkti ir surinkti patys arba rinktis i\u0161 keli\u0173 jau paruo\u0161t\u0173 rinkini\u0173. Papildomi kolekcijos privalumai: reguliuojamos apatini\u0173 spinteli\u0173 kojel\u0117s, trima\u010diai reguliuojami vir\u0161utini\u0173 spinteli\u0173 pakabos ir auk\u0161tos kokyb\u0117s aksesuarai. \u0160i spintel\u0117, kaip ir visa \u201eModena\u201c bald\u0173 kolekcija, buvo kruop\u0161\u010diai suprojektuota taip, kad b\u016bt\u0173 pakankamai vietos daiktams susid\u0117ti ir ilgaam\u017e\u0117.<\/p>\n<p>Plotis 50 cm Gylis 1,5 cm Auk\u0161tis 36 cm Gaminio svoris su pakuote 1,9 kg Gamintojo kodas \/ simbolis MD06 Kolekcijos pavadinimas MODENA KITCHEN Gaminio pakuo\u010di\u0173 skai\u010dius 1 Stilius UNIVERSAL \u012eranga Surinkimo instrukcijos \/ surinkimo priedai Surinkimas Savaranki\u0161kam surinkimui Priekin\u0117s dalies spalva RIJEKA LIGHT Priekin\u0117s apdailos med\u017eiaga \/ tipas \/ storis laminuota med\u017eio dro\u017eli\u0173 plok\u0161t\u0117 15 mm Priekin\u0117 rankena \/ apdaila \/ spalva plastikas \/ aliuminis<\/p>","protected":false},"excerpt":{"rendered":"<p>Vir\u0161utin\u0117 spintel\u0117 MD6\/G50o yra i\u0161 \u201eModena\u201c virtuv\u0117s kolekcijos. \u0160ioje vienpus\u0117je sienin\u0117je spintel\u0117je, kuri atsidaro \u012f vir\u0161\u0173 dujini\u0173 keltuv\u0173 d\u0117ka, telpa visi b\u016btini virtuv\u0117s reikmenys. 50 cm plo\u010dio ir 36 cm auk\u0161\u010dio ji puikiai papildo vir\u0161utin\u012f virtuv\u0117s segment\u0105. Spintel\u0119 reikia \u012fsigyti dviem atskiromis dalimis (priekine ir korpusine dalimi). Priekin\u0117 dalis yra [\u2026]<\/p>","protected":false},"featured_media":252945,"comment_status":"open","ping_status":"open","template":"","meta":[],"product_brand":[],"product_cat":[1043,2457],"product_tag":[],"class_list":{"0":"post-256114","1":"product","2":"type-product","3":"status-publish","4":"has-post-thumbnail","6":"product_cat-extras","7":"product_cat-liveo","9":"first","10":"instock","11":"purchasable","12":"product-type-simple"},"_links":{"self":[{"href":"https:\/\/baldumarket.lt\/lt\/wp-json\/wp\/v2\/product\/256114","targetHints":{"allow":["GET"]}}],"collection":[{"href":"https:\/\/baldumarket.lt\/lt\/wp-json\/wp\/v2\/product"}],"about":[{"href":"https:\/\/baldumarket.lt\/lt\/wp-json\/wp\/v2\/types\/product"}],"replies":[{"embeddable":true,"href":"https:\/\/baldumarket.lt\/lt\/wp-json\/wp\/v2\/comments?post=256114"}],"wp:featuredmedia":[{"embeddable":true,"href":"https:\/\/baldumarket.lt\/lt\/wp-json\/wp\/v2\/media\/252945"}],"wp:attachment":[{"href":"https:\/\/baldumarket.lt\/lt\/wp-json\/wp\/v2\/media?parent=256114"}],"wp:term":[{"taxonomy":"product_brand","embeddable":true,"href":"https:\/\/baldumarket.lt\/lt\/wp-json\/wp\/v2\/product_brand?post=256114"},{"taxonomy":"product_cat","embeddable":true,"href":"https:\/\/baldumarket.lt\/lt\/wp-json\/wp\/v2\/product_cat?post=256114"},{"taxonomy":"product_tag","embeddable":true,"href":"https:\/\/baldumarket.lt\/lt\/wp-json\/wp\/v2\/product_tag?post=256114"}],"curies":[{"name":"wp","href":"https:\/\/api.w.org\/{rel}","templated":true}]}}