{"id":256062,"date":"2026-01-10T22:42:17","date_gmt":"2026-01-10T19:42:17","guid":{"rendered":"https:\/\/baldumarket.lt\/product\/modena-md29d60p-korpus-kpl-rijeka-jasna\/"},"modified":"2026-02-11T18:30:43","modified_gmt":"2026-02-11T15:30:43","slug":"modena-md29d60p-korpus-kpl-rijeka-jasna","status":"publish","type":"product","link":"https:\/\/baldumarket.lt\/lt\/product\/modena-md29d60p-korpus-kpl-rijeka-jasna\/","title":{"rendered":"MODENA MD29|D60P K\u0116bulo RINKINYS. RIJEKA JASNA"},"content":{"rendered":"<p>Kairysis\/de\u0161inysis orkait\u0117s stulpelis MD29\/D60P priklauso \u201eModena\u201c virtuv\u0117s bald\u0173 kolekcijai. Tai puikus vietos taupymo sprendimas \u012fmontuojamiems prietaisams, tokiems kaip orkait\u0117s. Jis ne tik funkcionalus, bet ir prakti\u0161kas. Dvi spintel\u0117s, viena vir\u0161uje, kita apa\u010dioje su lentyna, leid\u017eia laikyti visus b\u016btiniausius virtuv\u0117s reikmenis. 60 cm plo\u010dio ir 210 cm auk\u0161\u010dio, ji puikiai papildo apatin\u012f virtuv\u0117s spintel\u0117s komplekt\u0105. Spintel\u0119 reikia \u012fsigyti dviem atskirais komplektais (priekine dalimi ir korpusu). Priekin\u0117 dalis gali b\u016bti \u0161viesios \u201eRijeka\u201c, tamsios \u201eRijeka\u201c, buko \/ blizgios baltos ir blizgios baltos \/ matin\u0117s grafito spalvos, o korpusas \u2013 \u0161viesios \u201eRijeka\u201c spalvos. Galimos priekin\u0117s dalies spalvos leid\u017eia pritaikyti dizain\u0105 pagal individualius poreikius. Vis\u0105 kolekcij\u0105 sudaro atskiri elementai, kuriuos galite pasirinkti arba rinktis i\u0161 keli\u0173 jau paruo\u0161t\u0173 rinkini\u0173. Papildomi kolekcijos privalumai: reguliuojamos kojel\u0117s apatin\u0117se spintel\u0117se, trima\u010diai reguliuojami pakabos laikikliai vir\u0161utin\u0117se spintel\u0117se ir auk\u0161tos kokyb\u0117s priedai. \u0160i spintel\u0117, kaip ir visa \u201eModena\u201c bald\u0173 kolekcija, buvo kruop\u0161\u010diai suprojektuota taip, kad b\u016bt\u0173 pakankamai vietos daiktams susid\u0117ti ir ilgaam\u017e\u0117.<\/p>\n<p>Plotis 60 cm Gylis 58 cm Auk\u0161tis 210 cm Gaminio svoris su pakuote 43,5 kg Gamintojo kodas \/ simbolis MD29 Kolekcijos pavadinimas MODENA KITCHEN Gaminio pakuo\u010di\u0173 skai\u010dius 2 Stilius UNIVERSAL \u012eranga Surinkimo instrukcijos \/ surinkimo priedai Surinkimas Savaranki\u0161kam surinkimui Korpuso spalva RIJEKA LIGHT Korpuso med\u017eiaga \/ tipas \/ storis laminuota med\u017eio dro\u017eli\u0173 plok\u0161t\u0117 15 mm Lentyn\u0173 spalva BALTA Lentyn\u0173 med\u017eiaga \/ tipas \/ storis laminuota med\u017eio dro\u017eli\u0173 plok\u0161t\u0117 15 mm Lentyn\u0173 kiekis 2 Galin\u0117s sienel\u0117s matomos dalies spalva BALTA Kojel\u0117 \/ med\u017eiaga \/ spalva SLYDINTUVAI<\/p>","protected":false},"excerpt":{"rendered":"<p>Kairysis\/de\u0161inysis orkait\u0117s stulpelis MD29\/D60P yra i\u0161 \u201eModena\u201c virtuv\u0117s bald\u0173 kolekcijos. Tai puikus vietos taupymo baldas \u012fmontuojamiems prietaisams, pavyzd\u017eiui, orkait\u0117ms. Jis ne tik funkcionalus, bet ir prakti\u0161kas. Dvi spintel\u0117s, viena vir\u0161uje ir viena apa\u010dioje su lentyna, leid\u017eia laikyti visus b\u016btiniausius virtuv\u0117s reikmenis. Matmenys 60 [\u2026]<\/p>","protected":false},"featured_media":252834,"comment_status":"open","ping_status":"open","template":"","meta":[],"product_brand":[],"product_cat":[1043,2457],"product_tag":[],"class_list":{"0":"post-256062","1":"product","2":"type-product","3":"status-publish","4":"has-post-thumbnail","6":"product_cat-extras","7":"product_cat-liveo","9":"first","10":"instock","11":"purchasable","12":"product-type-simple"},"_links":{"self":[{"href":"https:\/\/baldumarket.lt\/lt\/wp-json\/wp\/v2\/product\/256062","targetHints":{"allow":["GET"]}}],"collection":[{"href":"https:\/\/baldumarket.lt\/lt\/wp-json\/wp\/v2\/product"}],"about":[{"href":"https:\/\/baldumarket.lt\/lt\/wp-json\/wp\/v2\/types\/product"}],"replies":[{"embeddable":true,"href":"https:\/\/baldumarket.lt\/lt\/wp-json\/wp\/v2\/comments?post=256062"}],"wp:featuredmedia":[{"embeddable":true,"href":"https:\/\/baldumarket.lt\/lt\/wp-json\/wp\/v2\/media\/252834"}],"wp:attachment":[{"href":"https:\/\/baldumarket.lt\/lt\/wp-json\/wp\/v2\/media?parent=256062"}],"wp:term":[{"taxonomy":"product_brand","embeddable":true,"href":"https:\/\/baldumarket.lt\/lt\/wp-json\/wp\/v2\/product_brand?post=256062"},{"taxonomy":"product_cat","embeddable":true,"href":"https:\/\/baldumarket.lt\/lt\/wp-json\/wp\/v2\/product_cat?post=256062"},{"taxonomy":"product_tag","embeddable":true,"href":"https:\/\/baldumarket.lt\/lt\/wp-json\/wp\/v2\/product_tag?post=256062"}],"curies":[{"name":"wp","href":"https:\/\/api.w.org\/{rel}","templated":true}]}}