{"id":256045,"date":"2026-01-10T22:41:57","date_gmt":"2026-01-10T19:41:57","guid":{"rendered":"https:\/\/baldumarket.lt\/product\/modena-md28d80s3-front-kpl-rijeka-ciemna-rijeka-jasna\/"},"modified":"2026-05-01T17:05:12","modified_gmt":"2026-05-01T14:05:12","slug":"modena-md28d80s3-front-kpl-rijeka-ciemna-rijeka-jasna","status":"publish","type":"product","link":"https:\/\/baldumarket.lt\/lt\/product\/modena-md28d80s3-front-kpl-rijeka-ciemna-rijeka-jasna\/","title":{"rendered":"MODENA MD28|D80S3 PRIEKINIS KPL. RIJEKA DARK \/ RIJEKA LIGHT"},"content":{"rendered":"<p>Apatin\u0117 spintel\u0117 MD28\/D80S3 priklauso \u201eModena\u201c virtuv\u0117s kolekcijai. Trys erdv\u016bs stal\u010diai leid\u017eia sukurti vietos indams ir virtuv\u0117s priedams. Galite lengvai susid\u0117ti stiklainius ir stalo \u012frankius, kuriuos patogu tur\u0117ti po ranka ruo\u0161iant maist\u0105. 80 cm plo\u010dio ir 82 cm auk\u0161\u010dio spintel\u0117 puikiai dera prie apatin\u0117s virtuv\u0117s spintel\u0117s. Spintel\u0119 reikia \u012fsigyti dviem atskiromis dalimis (priekine dalimi ir korpusu). Priekin\u0117 dalis yra \u0161viesios \u201eRijeka\u201c, tamsios \u201eRijeka\u201c, buko \/ blizgios baltos ir blizgios baltos \/ matin\u0117s grafito spalvos, o korpusas \u2013 \u0161viesios \u201eRijeka\u201c spalvos. Galimos priekin\u0117s dalies spalvos leid\u017eia pritaikyti dizain\u0105 pagal individualius poreikius. Vis\u0105 kolekcij\u0105 sudaro atskiri elementai, kuriuos galite pasirinkti ir surinkti patys arba rinktis i\u0161 keli\u0173 jau paruo\u0161t\u0173 komplekt\u0173. Papildomi kolekcijos privalumai: reguliuojamos apatini\u0173 spinteli\u0173 kojel\u0117s, trima\u010diai reguliuojami vir\u0161utini\u0173 spinteli\u0173 pakabos laikikliai ir auk\u0161tos kokyb\u0117s priedai. Spintel\u0117, kaip ir visa \u201eModena\u201c bald\u0173 kolekcija, buvo kruop\u0161\u010diai suprojektuota, siekiant u\u017etikrinti didel\u0119 daikt\u0173 laikymo erdv\u0119 ir ilgalaik\u012f naudojim\u0105.<\/p>\n<p>Plotis 80 cm Gylis 1,5 cm Auk\u0161tis 71,3 cm Produkto svoris su pakuote 6,9 kg Gamintojo kodas \/ simbolis MD28 Kolekcijos pavadinimas MODENA KITCHEN Produkto pakuo\u010di\u0173 skai\u010dius 1 Stilius UNIVERSAL \u012eranga Surinkimo instrukcijos \/ surinkimo priedai Surinkimas Savaranki\u0161kam surinkimui Priekin\u0117s spalvos RIJEKA DARK \/ RIJEKA LIGHT Priekin\u0117s apdailos med\u017eiaga \/ tipas \/ storis laminuota med\u017eio dro\u017eli\u0173 plok\u0161t\u0117 15 mm Priekin\u0117 rankena \/ apdaila \/ spalvos plastikas \/ aliuminis<\/p>","protected":false},"excerpt":{"rendered":"<p>MD28\/D80S3 apatin\u0117 spintel\u0117 yra i\u0161 \u201eModena\u201c virtuv\u0117s kolekcijos. Trys erdv\u016bs stal\u010diai leid\u017eia sukurti vietos indams ir virtuv\u0117s reikmenims. Galite lengvai susid\u0117ti stiklainius ir stalo \u012frankius, kuriuos patogu tur\u0117ti po ranka ruo\u0161iant maist\u0105. 80 cm plo\u010dio ir 82 cm auk\u0161\u010dio ji puikiai dera su apatine virtuv\u0117s spintele. [\u2026]<\/p>","protected":false},"featured_media":255837,"comment_status":"open","ping_status":"open","template":"","meta":[],"product_brand":[],"product_cat":[10233,1043,2457],"product_tag":[],"class_list":{"0":"post-256045","1":"product","2":"type-product","3":"status-publish","4":"has-post-thumbnail","6":"product_cat-kitchen-system-modena-liveo","7":"product_cat-extras","8":"product_cat-liveo","10":"first","11":"instock","12":"purchasable","13":"product-type-simple"},"_links":{"self":[{"href":"https:\/\/baldumarket.lt\/lt\/wp-json\/wp\/v2\/product\/256045","targetHints":{"allow":["GET"]}}],"collection":[{"href":"https:\/\/baldumarket.lt\/lt\/wp-json\/wp\/v2\/product"}],"about":[{"href":"https:\/\/baldumarket.lt\/lt\/wp-json\/wp\/v2\/types\/product"}],"replies":[{"embeddable":true,"href":"https:\/\/baldumarket.lt\/lt\/wp-json\/wp\/v2\/comments?post=256045"}],"wp:featuredmedia":[{"embeddable":true,"href":"https:\/\/baldumarket.lt\/lt\/wp-json\/wp\/v2\/media\/255837"}],"wp:attachment":[{"href":"https:\/\/baldumarket.lt\/lt\/wp-json\/wp\/v2\/media?parent=256045"}],"wp:term":[{"taxonomy":"product_brand","embeddable":true,"href":"https:\/\/baldumarket.lt\/lt\/wp-json\/wp\/v2\/product_brand?post=256045"},{"taxonomy":"product_cat","embeddable":true,"href":"https:\/\/baldumarket.lt\/lt\/wp-json\/wp\/v2\/product_cat?post=256045"},{"taxonomy":"product_tag","embeddable":true,"href":"https:\/\/baldumarket.lt\/lt\/wp-json\/wp\/v2\/product_tag?post=256045"}],"curies":[{"name":"wp","href":"https:\/\/api.w.org\/{rel}","templated":true}]}}