{"id":256019,"date":"2026-01-10T22:41:34","date_gmt":"2026-01-10T19:41:34","guid":{"rendered":"https:\/\/baldumarket.lt\/product\/modena-md26g80-front-kpl-rijeka-jasna-rijeka-ciemna\/"},"modified":"2026-05-01T17:05:20","modified_gmt":"2026-05-01T14:05:20","slug":"modena-md26g80-front-kpl-rijeka-jasna-rijeka-ciemna","status":"publish","type":"product","link":"https:\/\/baldumarket.lt\/lt\/product\/modena-md26g80-front-kpl-rijeka-jasna-rijeka-ciemna\/","title":{"rendered":"MODENA MD26|G80 PRIEKINIS KPL. RIJEKA LIGHT \/ RIJEKA DARK"},"content":{"rendered":"<p>Vir\u0161utin\u0117 spintel\u0117 MD26\/G80 yra i\u0161 \u201eModena\u201c virtuv\u0117s kolekcijos. Dvigubo fasado vir\u0161utin\u0117 spintel\u0117 su dviem lentynomis sukuria erdvi\u0105 erdv\u0119, puikiai tinkan\u010di\u0105 laikyti b\u016btiniausius virtuv\u0117s reikmenis. 80 cm plo\u010dio ir 72 cm auk\u0161\u010dio ji puikiai papildo vir\u0161utin\u012f virtuv\u0117s bald\u0105. Spintel\u0119 reikia \u012fsigyti dviem atskiromis dalimis (priekine dalimi ir korpusu). Priekin\u0117 dalis yra \u0161viesios \u201eRijeka\u201c, tamsios \u201eRijeka\u201c, buko \/ blizgios baltos ir blizgios baltos \/ matin\u0117s grafito spalvos, o korpusas \u2013 \u0161viesios \u201eRijeka\u201c spalvos. Galimos priekin\u0117s dalies spalvos leid\u017eia pritaikyti dizain\u0105 pagal individualius poreikius. Vis\u0105 kolekcij\u0105 sudaro atskiri elementai, kuriuos galite rinktis, arba galite rinktis i\u0161 keli\u0173 jau paruo\u0161t\u0173 rinkini\u0173. Papildomos kolekcijos savyb\u0117s: reguliuojamos apatini\u0173 spinteli\u0173 kojel\u0117s, trima\u010diai reguliuojami vir\u0161utini\u0173 spinteli\u0173 pakabos ir auk\u0161tos kokyb\u0117s aksesuarai. Spintel\u0117, kaip ir visa \u201eModena\u201c bald\u0173 kolekcija, buvo kruop\u0161\u010diai suprojektuota, siekiant u\u017etikrinti didel\u0119 daikt\u0173 laikymo erdv\u0119 ir ilgalaik\u012f naudojim\u0105.<\/p>\n<p>Plotis 80 cm Gylis 1,5 cm Auk\u0161tis 72 cm Gaminio svoris su pakuote 7,4 kg Gamintojo kodas \/ simbolis MD26 Kolekcijos pavadinimas MODENA KITCHEN Gaminio pakuo\u010di\u0173 skai\u010dius 1 Stilius UNIVERSAL \u012eranga Surinkimo instrukcijos \/ surinkimo priedai Surinkimas Savaranki\u0161kam surinkimui Priekin\u0117s dalies spalva RIJEKA LIGHT Priekin\u0117s apdailos med\u017eiaga \/ tipas \/ storis laminuota med\u017eio dro\u017eli\u0173 plok\u0161t\u0117 15 mm Priekin\u0117 rankena \/ apdaila \/ spalva plastikas \/ aliuminis<\/p>","protected":false},"excerpt":{"rendered":"<p>Vir\u0161utin\u0117 spintel\u0117 MD26\/G80 yra i\u0161 \u201eModena\u201c virtuv\u0117s kolekcijos. Dvigubo fasado vir\u0161utin\u0117 spintel\u0117 su dviem lentynomis sukuria erdvi\u0105 erdv\u0119, puikiai tinkan\u010di\u0105 laikyti b\u016btiniausius virtuv\u0117s reikmenis. 80 cm plo\u010dio ir 72 cm auk\u0161\u010dio ji puikiai papildo vir\u0161utin\u012f virtuv\u0117s bald\u0105. Spintel\u0119 reikia \u012fsigyti dviem atskiromis dalimis (priekine ir korpusine dalimi). [\u2026]<\/p>","protected":false},"featured_media":255784,"comment_status":"open","ping_status":"open","template":"","meta":[],"product_brand":[],"product_cat":[10233,1043,2457],"product_tag":[],"class_list":{"0":"post-256019","1":"product","2":"type-product","3":"status-publish","4":"has-post-thumbnail","6":"product_cat-kitchen-system-modena-liveo","7":"product_cat-extras","8":"product_cat-liveo","10":"first","11":"instock","12":"purchasable","13":"product-type-simple"},"_links":{"self":[{"href":"https:\/\/baldumarket.lt\/lt\/wp-json\/wp\/v2\/product\/256019","targetHints":{"allow":["GET"]}}],"collection":[{"href":"https:\/\/baldumarket.lt\/lt\/wp-json\/wp\/v2\/product"}],"about":[{"href":"https:\/\/baldumarket.lt\/lt\/wp-json\/wp\/v2\/types\/product"}],"replies":[{"embeddable":true,"href":"https:\/\/baldumarket.lt\/lt\/wp-json\/wp\/v2\/comments?post=256019"}],"wp:featuredmedia":[{"embeddable":true,"href":"https:\/\/baldumarket.lt\/lt\/wp-json\/wp\/v2\/media\/255784"}],"wp:attachment":[{"href":"https:\/\/baldumarket.lt\/lt\/wp-json\/wp\/v2\/media?parent=256019"}],"wp:term":[{"taxonomy":"product_brand","embeddable":true,"href":"https:\/\/baldumarket.lt\/lt\/wp-json\/wp\/v2\/product_brand?post=256019"},{"taxonomy":"product_cat","embeddable":true,"href":"https:\/\/baldumarket.lt\/lt\/wp-json\/wp\/v2\/product_cat?post=256019"},{"taxonomy":"product_tag","embeddable":true,"href":"https:\/\/baldumarket.lt\/lt\/wp-json\/wp\/v2\/product_tag?post=256019"}],"curies":[{"name":"wp","href":"https:\/\/api.w.org\/{rel}","templated":true}]}}