{"id":256011,"date":"2026-01-10T22:41:25","date_gmt":"2026-01-10T19:41:25","guid":{"rendered":"https:\/\/baldumarket.lt\/product\/modena-md25-kpl-blenda-boczna-uniwersalna\/"},"modified":"2026-05-01T17:05:30","modified_gmt":"2026-05-01T14:05:30","slug":"modena-md25-kpl-blenda-boczna-uniwersalna","status":"publish","type":"product","link":"https:\/\/baldumarket.lt\/lt\/product\/modena-md25-kpl-blenda-boczna-uniwersalna\/","title":{"rendered":"MODENA MD25 UNIVERSALUS \u0160ONINIO MI\u0160INIMO RINKINYS"},"content":{"rendered":"<p>\u0160onin\u0117 panel\u0117 MD25 yra i\u0161 \u201eModena\u201c virtuv\u0117s bald\u0173 kolekcijos, skirta pasl\u0117pti tarp\u0105 tarp spintel\u0117s ir sienos. Vis\u0105 kolekcij\u0105 sudaro atskiri elementai, kuriuos galite surinkti patys arba pasirinkti i\u0161 keli\u0173 jau paruo\u0161t\u0173 komplekt\u0173. Papildomos savyb\u0117s: reguliuojamos apatini\u0173 spinteli\u0173 kojel\u0117s, trima\u010diai reguliuojami vir\u0161utini\u0173 spinteli\u0173 pakabinimo laikikliai ir auk\u0161tos kokyb\u0117s priedai. Visa \u201eModena\u201c bald\u0173 kolekcija buvo kruop\u0161\u010diai sukurta taip, kad b\u016bt\u0173 pakankamai vietos daiktams susid\u0117ti ir ilgaam\u017e\u0117.<\/p>\n<p>Plotis 9,6 cm Gylis 3 cm Auk\u0161tis 82 cm Gaminio svoris su pakuote 1,6 kg Gamintojo kodas \/ simbolis MD25 Kolekcijos pavadinimas MODENA KITCHEN Gaminio pakuo\u010di\u0173 skai\u010dius 1 Stilius UNIVERSAL \u012eranga Surinkimo instrukcijos \/ surinkimo priedai Surinkimas Savaranki\u0161kam surinkimui<\/p>","protected":false},"excerpt":{"rendered":"<p>\u0160onin\u0117 panel\u0117 MD25 yra i\u0161 \u201eModena\u201c virtuv\u0117s bald\u0173 kolekcijos, skirta pasl\u0117pti tarp\u0105 tarp spintel\u0117s ir sienos. Vis\u0105 kolekcij\u0105 sudaro atskiri elementai, kuriuos galite surinkti patys arba pasirinkti i\u0161 keli\u0173 jau paruo\u0161t\u0173 komplekt\u0173. Papildomos savyb\u0117s: reguliuojamos kojel\u0117s apatin\u0117ms spintel\u0117ms, trima\u010diai reguliuojami pakabinimo laikikliai [\u2026]<\/p>","protected":false},"featured_media":252864,"comment_status":"open","ping_status":"open","template":"","meta":[],"product_brand":[],"product_cat":[10233,1043,2457],"product_tag":[],"class_list":{"0":"post-256011","1":"product","2":"type-product","3":"status-publish","4":"has-post-thumbnail","6":"product_cat-kitchen-system-modena-liveo","7":"product_cat-extras","8":"product_cat-liveo","10":"first","11":"instock","12":"purchasable","13":"product-type-simple"},"_links":{"self":[{"href":"https:\/\/baldumarket.lt\/lt\/wp-json\/wp\/v2\/product\/256011","targetHints":{"allow":["GET"]}}],"collection":[{"href":"https:\/\/baldumarket.lt\/lt\/wp-json\/wp\/v2\/product"}],"about":[{"href":"https:\/\/baldumarket.lt\/lt\/wp-json\/wp\/v2\/types\/product"}],"replies":[{"embeddable":true,"href":"https:\/\/baldumarket.lt\/lt\/wp-json\/wp\/v2\/comments?post=256011"}],"wp:featuredmedia":[{"embeddable":true,"href":"https:\/\/baldumarket.lt\/lt\/wp-json\/wp\/v2\/media\/252864"}],"wp:attachment":[{"href":"https:\/\/baldumarket.lt\/lt\/wp-json\/wp\/v2\/media?parent=256011"}],"wp:term":[{"taxonomy":"product_brand","embeddable":true,"href":"https:\/\/baldumarket.lt\/lt\/wp-json\/wp\/v2\/product_brand?post=256011"},{"taxonomy":"product_cat","embeddable":true,"href":"https:\/\/baldumarket.lt\/lt\/wp-json\/wp\/v2\/product_cat?post=256011"},{"taxonomy":"product_tag","embeddable":true,"href":"https:\/\/baldumarket.lt\/lt\/wp-json\/wp\/v2\/product_tag?post=256011"}],"curies":[{"name":"wp","href":"https:\/\/api.w.org\/{rel}","templated":true}]}}