{"id":256009,"date":"2026-01-10T22:41:23","date_gmt":"2026-01-10T19:41:23","guid":{"rendered":"https:\/\/baldumarket.lt\/product\/modena-md24-front-kpl-rijeka-jasna-rijeka-ciemna\/"},"modified":"2026-05-01T17:05:30","modified_gmt":"2026-05-01T14:05:30","slug":"modena-md24-front-kpl-rijeka-jasna-rijeka-ciemna","status":"publish","type":"product","link":"https:\/\/baldumarket.lt\/lt\/product\/modena-md24-front-kpl-rijeka-jasna-rijeka-ciemna\/","title":{"rendered":"MODENA MD24 PRIEKINIS KOMPLEKTAS. RIJEKA LIGHT \/ RIJEKA DARK"},"content":{"rendered":"<p>Indaplov\u0117s priekin\u0117 dalis MD24 yra i\u0161 \u201eModena\u201c virtuv\u0117s bald\u0173 kolekcijos. \u0160i \u012fmontuojama indaplov\u0117s priekin\u0117 dalis su cokoliu ir atvira valdymo skydeliu skirta prietaisams, kuri\u0173 plotis iki 60 cm. Atvira plok\u0161t\u0117 suteikia prieig\u0105 prie mygtuk\u0173. 59,6 cm plo\u010dio ir 71,3 cm auk\u0161\u010dio ji puikiai dera prie apatin\u0117s virtuv\u0117s spintel\u0117s. Galima rinktis \u0161viesios \u201eRijeka\u201c, tamsios \u201eRijeka\u201c, buko \/ blizgios baltos ir blizgios baltos \/ matin\u0117s grafito spalvos. Galimos priekin\u0117s dalies spalvos leid\u017eia pritaikyti dizain\u0105 pagal individualius poreikius. Vis\u0105 kolekcij\u0105 sudaro atskiri elementai, kuriuos galite surinkti patys arba pasirinkti i\u0161 keli\u0173 jau paruo\u0161t\u0173 komplekt\u0173. Papildomos kolekcijos savyb\u0117s: reguliuojamos apatini\u0173 spinteli\u0173 kojel\u0117s, trima\u010diai reguliuojami vir\u0161utini\u0173 spinteli\u0173 pakabos ir auk\u0161tos kokyb\u0117s priedai. Priekin\u0117 dalis, kaip ir visa \u201eModena\u201c bald\u0173 kolekcija, buvo kruop\u0161\u010diai suprojektuota taip, kad b\u016bt\u0173 pakankamai vietos daiktams susid\u0117ti ir ilgaam\u017e\u0117.<\/p>\n<p>Plotis 59,6 cm Gylis 1,5 cm Auk\u0161tis 71,3 cm Produkto svoris su pakuote 5,3 kg Gamintojo kodas \/ simbolis MD24 Kolekcijos pavadinimas MODENA KITCHEN Produkto pakuo\u010di\u0173 skai\u010dius 1 Stilius UNIVERSAL \u012eranga Surinkimo instrukcijos \/ surinkimo priedai Surinkimas Savaranki\u0161kam surinkimui Priekin\u0117s spalvos RIJEKA LIGHT \/ RIJEKA DARK Priekin\u0117s apdailos med\u017eiaga \/ tipas \/ storis laminuota med\u017eio dro\u017eli\u0173 plok\u0161t\u0117 15 mm Priekin\u0117 rankena \/ apdaila \/ spalvos plastikas \/ aliuminis<\/p>","protected":false},"excerpt":{"rendered":"<p>Indaplov\u0117s priekin\u0117 dalis MD24 yra i\u0161 \u201eModena\u201c virtuv\u0117s bald\u0173 kolekcijos. \u0160i \u012fmontuojama indaplov\u0117s priekin\u0117 dalis su cokoliu ir atvira valdymo skydeliu skirta prietaisams, kuri\u0173 plotis iki 60 cm. Atvira valdymo skydelis suteikia prieig\u0105 prie mygtuk\u0173. 59,6 cm plo\u010dio ir 71,3 cm auk\u0161\u010dio ji puikiai dera prie apatin\u0117s virtuv\u0117s spintel\u0117s. Galima \u012fsigyti [\u2026]<\/p>","protected":false},"featured_media":256010,"comment_status":"open","ping_status":"open","template":"","meta":[],"product_brand":[],"product_cat":[10233,1043,2457],"product_tag":[],"class_list":{"0":"post-256009","1":"product","2":"type-product","3":"status-publish","4":"has-post-thumbnail","6":"product_cat-kitchen-system-modena-liveo","7":"product_cat-extras","8":"product_cat-liveo","10":"first","11":"instock","12":"purchasable","13":"product-type-simple"},"_links":{"self":[{"href":"https:\/\/baldumarket.lt\/lt\/wp-json\/wp\/v2\/product\/256009","targetHints":{"allow":["GET"]}}],"collection":[{"href":"https:\/\/baldumarket.lt\/lt\/wp-json\/wp\/v2\/product"}],"about":[{"href":"https:\/\/baldumarket.lt\/lt\/wp-json\/wp\/v2\/types\/product"}],"replies":[{"embeddable":true,"href":"https:\/\/baldumarket.lt\/lt\/wp-json\/wp\/v2\/comments?post=256009"}],"wp:featuredmedia":[{"embeddable":true,"href":"https:\/\/baldumarket.lt\/lt\/wp-json\/wp\/v2\/media\/256010"}],"wp:attachment":[{"href":"https:\/\/baldumarket.lt\/lt\/wp-json\/wp\/v2\/media?parent=256009"}],"wp:term":[{"taxonomy":"product_brand","embeddable":true,"href":"https:\/\/baldumarket.lt\/lt\/wp-json\/wp\/v2\/product_brand?post=256009"},{"taxonomy":"product_cat","embeddable":true,"href":"https:\/\/baldumarket.lt\/lt\/wp-json\/wp\/v2\/product_cat?post=256009"},{"taxonomy":"product_tag","embeddable":true,"href":"https:\/\/baldumarket.lt\/lt\/wp-json\/wp\/v2\/product_tag?post=256009"}],"curies":[{"name":"wp","href":"https:\/\/api.w.org\/{rel}","templated":true}]}}