{"id":256001,"date":"2026-01-10T22:41:04","date_gmt":"2026-01-10T19:41:04","guid":{"rendered":"https:\/\/baldumarket.lt\/product\/modena-md23-front-kpl-bialy-polysk-grafit\/"},"modified":"2026-05-01T17:05:39","modified_gmt":"2026-05-01T14:05:39","slug":"modena-md23-front-kpl-bialy-polysk-grafit","status":"publish","type":"product","link":"https:\/\/baldumarket.lt\/lt\/product\/modena-md23-front-kpl-bialy-polysk-grafit\/","title":{"rendered":"MODENA MD23 PRIEKINI\u0172 LENTELI\u0172 KOMPLEKTAS BALTA BLIZG\u0116 \/ GRAFITAS"},"content":{"rendered":"<p>Indaplov\u0117s priekin\u0117 dalis MD23 yra i\u0161 \u201eModena\u201c virtuv\u0117s bald\u0173 kolekcijos. \u012emontuojama indaplov\u0117s priekin\u0117 dalis su cokoliu ir atvira valdymo skydeliu skirta 45 cm plo\u010dio prietaisams. Atvira plok\u0161t\u0117 suteikia prieig\u0105 prie mygtuk\u0173. 44,6 cm plo\u010dio ir 71,3 cm auk\u0161\u010dio ji puikiai dera prie apatin\u0117s virtuv\u0117s spintel\u0117s. Priekin\u0117 dalis yra \u0161viesios \u201eRijeka\u201c, tamsios \u201eRijeka\u201c, buko \/ blizgios baltos ir blizgios baltos \/ matin\u0117s grafito spalvos. Galimos priekin\u0117s dalies spalvos leid\u017eia pritaikyti dizain\u0105 pagal individualius poreikius. Vis\u0105 kolekcij\u0105 sudaro atskiri elementai, kuriuos galite rinktis, arba galite rinktis i\u0161 keli\u0173 jau paruo\u0161t\u0173 rinkini\u0173. Papildomos kolekcijos savyb\u0117s: reguliuojamos apatini\u0173 spinteli\u0173 kojel\u0117s, trima\u010diai reguliuojami vir\u0161utini\u0173 spinteli\u0173 pakabos ir auk\u0161tos kokyb\u0117s aksesuarai. Priekin\u0117 dalis, kaip ir visa \u201eModena\u201c bald\u0173 kolekcija, buvo kruop\u0161\u010diai sukurta taip, kad b\u016bt\u0173 pakankamai vietos daiktams susid\u0117ti ir ilgaam\u017e\u0117.<\/p>\n<p>Plotis 44,6 cm Gylis 1,8 cm Auk\u0161tis 71,3 cm Produkto svoris su pakuote 5,75 kg Gamintojo kodas \/ simbolis MD23 Kolekcijos pavadinimas MODENA KITCHEN Produkto pakuo\u010di\u0173 skai\u010dius 1 Stilius UNIVERSAL \u012eranga Surinkimo instrukcijos \/ surinkimo priedai Surinkimas Savaranki\u0161kam surinkimui Priekin\u0117s dalies spalva BALTA BLIZGI \/ GRAFITAS Priekin\u0117s apdailos med\u017eiaga \/ tipas \/ storis mdf 18 mm<\/p>","protected":false},"excerpt":{"rendered":"<p>Indaplov\u0117s priekin\u0117 dalis MD23 yra i\u0161 \u201eModena\u201c virtuv\u0117s bald\u0173 kolekcijos. \u012emontuojama indaplov\u0117s priekin\u0117 dalis su cokoliu ir atvira valdymo skydeliu skirta 45 cm plo\u010dio prietaisams. Atvira panel\u0117 suteikia prieig\u0105 prie mygtuk\u0173. 44,6 cm plo\u010dio ir 71,3 cm auk\u0161\u010dio ji puikiai dera su apatine virtuv\u0117s spintele. Priekin\u0117 dalis yra [\u2026]<\/p>","protected":false},"featured_media":255912,"comment_status":"open","ping_status":"open","template":"","meta":[],"product_brand":[],"product_cat":[10233,1043,2457],"product_tag":[],"class_list":{"0":"post-256001","1":"product","2":"type-product","3":"status-publish","4":"has-post-thumbnail","6":"product_cat-kitchen-system-modena-liveo","7":"product_cat-extras","8":"product_cat-liveo","10":"first","11":"instock","12":"purchasable","13":"product-type-simple"},"_links":{"self":[{"href":"https:\/\/baldumarket.lt\/lt\/wp-json\/wp\/v2\/product\/256001","targetHints":{"allow":["GET"]}}],"collection":[{"href":"https:\/\/baldumarket.lt\/lt\/wp-json\/wp\/v2\/product"}],"about":[{"href":"https:\/\/baldumarket.lt\/lt\/wp-json\/wp\/v2\/types\/product"}],"replies":[{"embeddable":true,"href":"https:\/\/baldumarket.lt\/lt\/wp-json\/wp\/v2\/comments?post=256001"}],"wp:featuredmedia":[{"embeddable":true,"href":"https:\/\/baldumarket.lt\/lt\/wp-json\/wp\/v2\/media\/255912"}],"wp:attachment":[{"href":"https:\/\/baldumarket.lt\/lt\/wp-json\/wp\/v2\/media?parent=256001"}],"wp:term":[{"taxonomy":"product_brand","embeddable":true,"href":"https:\/\/baldumarket.lt\/lt\/wp-json\/wp\/v2\/product_brand?post=256001"},{"taxonomy":"product_cat","embeddable":true,"href":"https:\/\/baldumarket.lt\/lt\/wp-json\/wp\/v2\/product_cat?post=256001"},{"taxonomy":"product_tag","embeddable":true,"href":"https:\/\/baldumarket.lt\/lt\/wp-json\/wp\/v2\/product_tag?post=256001"}],"curies":[{"name":"wp","href":"https:\/\/api.w.org\/{rel}","templated":true}]}}