{"id":255995,"date":"2026-01-10T22:41:01","date_gmt":"2026-01-10T19:41:01","guid":{"rendered":"https:\/\/baldumarket.lt\/product\/modena-md22d60c-korpus-kpl-rijeka-jasna\/"},"modified":"2026-05-01T17:05:39","modified_gmt":"2026-05-01T14:05:39","slug":"modena-md22d60c-korpus-kpl-rijeka-jasna","status":"publish","type":"product","link":"https:\/\/baldumarket.lt\/lt\/product\/modena-md22d60c-korpus-kpl-rijeka-jasna\/","title":{"rendered":"MODENA MD22|D60C K\u0116bulo komplektas. RIJEKA JASNA"},"content":{"rendered":"<p>MD22\/D60C kair\u0117s\/de\u0161in\u0117s pus\u0117s kolonos apatin\u0117 spintel\u0117 priklauso \u201eModena\u201c virtuv\u0117s kolekcijai. Du fasadai ir daug vietos daiktams susid\u0117ti yra idealus virtuv\u0117s sprendimas, talpinantis daugyb\u0119 b\u016btiniausi\u0173 virtuv\u0117s reikmen\u0173 ma\u017eoje erdv\u0117je. Yra ind\u0173, valymo priemoni\u0173 ir maisto produkt\u0173. 60 cm plo\u010dio ir 210 cm auk\u0161\u010dio ji puikiai papildo apatin\u0119 virtuv\u0117s spintel\u0119. Spintel\u0119 reikia \u012fsigyti dviem atskirais elementais (priekine dalimi ir korpusu). Priekin\u0117 dalis yra \u0161viesios \u201eRijeka\u201c, tamsios \u201eRijeka\u201c, buko \/ blizgios baltos ir blizgios baltos \/ matin\u0117s grafito spalvos, o korpusas \u2013 \u0161viesios \u201eRijeka\u201c spalvos. Galimos fasado spalvos leid\u017eia pritaikyti dizain\u0105 pagal individualius poreikius. Vis\u0105 kolekcij\u0105 sudaro atskiri elementai, kuriuos galite rinktis, arba galite rinktis i\u0161 keli\u0173 jau paruo\u0161t\u0173 rinkini\u0173. Papildomi kolekcijos privalumai: reguliuojamos kojel\u0117s ant apatini\u0173 spinteli\u0173, trima\u010diai reguliuojami pakabos laikikliai ant vir\u0161utini\u0173 spinteli\u0173 ir auk\u0161tos kokyb\u0117s priedai. Spintel\u0117, kaip ir visa \u201eModena\u201c bald\u0173 kolekcija, buvo kruop\u0161\u010diai suprojektuota, siekiant u\u017etikrinti didel\u0119 erdv\u0119 daiktams susid\u0117ti ir ilgalaik\u012f naudojim\u0105.<\/p>\n<p>Plotis 60 cm Gylis 58 cm Auk\u0161tis 210 cm Produkto svoris su pakuote 45,55 kg Gamintojo kodas \/ simbolis MD22 Kolekcijos pavadinimas MODENA KITCHEN Produkto pakuo\u010di\u0173 skai\u010dius 2 Stilius UNIVERSAL \u012eranga Surinkimo instrukcijos \/ surinkimo priedai Surinkimas Savaranki\u0161kam surinkimui Korpuso spalva RIJEKA LIGHT Korpuso med\u017eiaga \/ tipas \/ storis laminuota med\u017eio dro\u017eli\u0173 plok\u0161t\u0117 15 mm Lentyn\u0173 spalva BALTA Lentyn\u0173 med\u017eiaga \/ tipas \/ storis laminuota med\u017eio dro\u017eli\u0173 plok\u0161t\u0117 15 mm Lentyn\u0173 kiekis 4 Galin\u0117s sienel\u0117s matomos dalies spalva BALTA Kojel\u0117 \/ med\u017eiaga \/ spalva SLYDINTUVAI<\/p>","protected":false},"excerpt":{"rendered":"<p>MD22\/D60C K\/D kolonos apatin\u0117 spintel\u0117 yra i\u0161 \u201eModena\u201c virtuv\u0117s kolekcijos. Du fasadai ir daug vietos daiktams susid\u0117ti yra idealus virtuv\u0117s sprendimas, talpinantis daugyb\u0119 b\u016btiniausi\u0173 virtuv\u0117s reikmen\u0173 ma\u017eoje erdv\u0117je. \u010cia rasite ind\u0173, valymo priemoni\u0173 ir maisto produkt\u0173. 60 cm plo\u010dio ir 210 cm auk\u0161\u010dio spintel\u0117 puikiai dera su apatine [\u2026]<\/p>","protected":false},"featured_media":255779,"comment_status":"open","ping_status":"open","template":"","meta":[],"product_brand":[],"product_cat":[10233,1043,2457],"product_tag":[],"class_list":{"0":"post-255995","1":"product","2":"type-product","3":"status-publish","4":"has-post-thumbnail","6":"product_cat-kitchen-system-modena-liveo","7":"product_cat-extras","8":"product_cat-liveo","10":"first","11":"instock","12":"purchasable","13":"product-type-simple"},"_links":{"self":[{"href":"https:\/\/baldumarket.lt\/lt\/wp-json\/wp\/v2\/product\/255995","targetHints":{"allow":["GET"]}}],"collection":[{"href":"https:\/\/baldumarket.lt\/lt\/wp-json\/wp\/v2\/product"}],"about":[{"href":"https:\/\/baldumarket.lt\/lt\/wp-json\/wp\/v2\/types\/product"}],"replies":[{"embeddable":true,"href":"https:\/\/baldumarket.lt\/lt\/wp-json\/wp\/v2\/comments?post=255995"}],"wp:featuredmedia":[{"embeddable":true,"href":"https:\/\/baldumarket.lt\/lt\/wp-json\/wp\/v2\/media\/255779"}],"wp:attachment":[{"href":"https:\/\/baldumarket.lt\/lt\/wp-json\/wp\/v2\/media?parent=255995"}],"wp:term":[{"taxonomy":"product_brand","embeddable":true,"href":"https:\/\/baldumarket.lt\/lt\/wp-json\/wp\/v2\/product_brand?post=255995"},{"taxonomy":"product_cat","embeddable":true,"href":"https:\/\/baldumarket.lt\/lt\/wp-json\/wp\/v2\/product_cat?post=255995"},{"taxonomy":"product_tag","embeddable":true,"href":"https:\/\/baldumarket.lt\/lt\/wp-json\/wp\/v2\/product_tag?post=255995"}],"curies":[{"name":"wp","href":"https:\/\/api.w.org\/{rel}","templated":true}]}}