{"id":255981,"date":"2026-01-10T22:40:47","date_gmt":"2026-01-10T19:40:47","guid":{"rendered":"https:\/\/baldumarket.lt\/product\/modena-md21d90nw-korpus-kpl-rijeka-jasna\/"},"modified":"2026-05-01T17:05:47","modified_gmt":"2026-05-01T14:05:47","slug":"modena-md21d90nw-korpus-kpl-rijeka-jasna","status":"publish","type":"product","link":"https:\/\/baldumarket.lt\/lt\/product\/modena-md21d90nw-korpus-kpl-rijeka-jasna\/","title":{"rendered":"MODENA MD21|D90NW K\u0116bulo komplektas. RIJEKA JASNA"},"content":{"rendered":"<p>MD21\/D90NWG20NZ apatin\u0117 spintel\u0117 yra i\u0161 \u201eModena\u201c virtuv\u0117s kolekcijos. Jei planuojate L arba U formos virtuv\u0119, tai puiki spintel\u0117, u\u017etikrinanti kompakti\u0161k\u0105, bet prakti\u0161k\u0105 bet koki\u0173 daikt\u0173 laikym\u0105. 82 cm gylio ir 82 cm auk\u0161\u010dio ji puikiai papildo apatin\u012f j\u016bs\u0173 virtuv\u0117s kamp\u0105, nepertraukdama esam\u0173 spinteli\u0173. Spintel\u0119 reikia \u012fsigyti dviem atskirais elementais (priekine dalimi ir korpusu). Priekin\u0117 dalis yra \u0161viesios \u201eRijeka\u201c, tamsios \u201eRijeka\u201c, buko \/ blizgios baltos ir blizgios baltos \/ matin\u0117s grafito spalvos, o korpusas - \u0161viesios \u201eRijeka\u201c spalvos. Galimos priekin\u0117s dalies spalvos leid\u017eia pritaikyti dizain\u0105 pagal individualius poreikius. Vis\u0105 kolekcij\u0105 sudaro atskiri elementai, kuriuos galite pasirinkti arba pasirinkti i\u0161 keli\u0173 jau paruo\u0161t\u0173 rinkini\u0173. Papildomos kolekcijos savyb\u0117s: reguliuojamos apatini\u0173 spinteli\u0173 kojel\u0117s, trima\u010diai reguliuojami vir\u0161utini\u0173 spinteli\u0173 pakabos laikikliai ir auk\u0161tos kokyb\u0117s priedai. Spintel\u0117, kaip ir visa \u201eModena\u201c bald\u0173 kolekcija, buvo kruop\u0161\u010diai suprojektuota, siekiant u\u017etikrinti didel\u0119 daikt\u0173 laikymo erdv\u0119 ir ilgalaik\u012f naudojim\u0105.<\/p>\n<p>Plotis 82 cm Gylis 82 cm Auk\u0161tis 82 cm Gaminio svoris su pakuote 28,6 kg Gamintojo kodas \/ simbolis MD21 Kolekcijos pavadinimas MODENA KITCHEN Gaminio pakuo\u010di\u0173 skai\u010dius 1 Stilius UNIVERSAL \u012eranga Surinkimo instrukcijos \/ surinkimo priedai Surinkimas Savaranki\u0161kam surinkimui Korpuso spalva RIJEKA LIGHT Korpuso med\u017eiaga \/ tipas \/ storis laminuota med\u017eio dro\u017eli\u0173 plok\u0161t\u0117 15 mm Lentyn\u0173 spalva BALTA Lentyn\u0173 med\u017eiaga \/ tipas \/ storis laminuota med\u017eio dro\u017eli\u0173 plok\u0161t\u0117 15 mm Lentyn\u0173 kiekis 1 Galin\u0117s sienel\u0117s matomos dalies spalva BALTA Kojel\u0117 \/ med\u017eiaga \/ spalva SLYDINTUVAI<\/p>","protected":false},"excerpt":{"rendered":"<p>MD21\/D90NWG20NZ apatin\u0117 spintel\u0117 yra i\u0161 \u201eModena\u201c virtuv\u0117s kolekcijos. Jei planuojate L arba U formos virtuv\u0119, tai puiki spintel\u0117, u\u017etikrinanti kompakti\u0161k\u0105, bet prakti\u0161k\u0105 bet koki\u0173 daikt\u0173 laikym\u0105. 82 cm gylio ir 82 cm auk\u0161\u010dio ji puikiai papildo apatin\u012f j\u016bs\u0173 virtuv\u0117s kamp\u0105, neu\u017edengdama esam\u0173 spinteli\u0173. Spintel\u0117 [\u2026]<\/p>","protected":false},"featured_media":252878,"comment_status":"open","ping_status":"open","template":"","meta":[],"product_brand":[],"product_cat":[10233,1043,2457],"product_tag":[],"class_list":{"0":"post-255981","1":"product","2":"type-product","3":"status-publish","4":"has-post-thumbnail","6":"product_cat-kitchen-system-modena-liveo","7":"product_cat-extras","8":"product_cat-liveo","10":"first","11":"instock","12":"purchasable","13":"product-type-simple"},"_links":{"self":[{"href":"https:\/\/baldumarket.lt\/lt\/wp-json\/wp\/v2\/product\/255981","targetHints":{"allow":["GET"]}}],"collection":[{"href":"https:\/\/baldumarket.lt\/lt\/wp-json\/wp\/v2\/product"}],"about":[{"href":"https:\/\/baldumarket.lt\/lt\/wp-json\/wp\/v2\/types\/product"}],"replies":[{"embeddable":true,"href":"https:\/\/baldumarket.lt\/lt\/wp-json\/wp\/v2\/comments?post=255981"}],"wp:featuredmedia":[{"embeddable":true,"href":"https:\/\/baldumarket.lt\/lt\/wp-json\/wp\/v2\/media\/252878"}],"wp:attachment":[{"href":"https:\/\/baldumarket.lt\/lt\/wp-json\/wp\/v2\/media?parent=255981"}],"wp:term":[{"taxonomy":"product_brand","embeddable":true,"href":"https:\/\/baldumarket.lt\/lt\/wp-json\/wp\/v2\/product_brand?post=255981"},{"taxonomy":"product_cat","embeddable":true,"href":"https:\/\/baldumarket.lt\/lt\/wp-json\/wp\/v2\/product_cat?post=255981"},{"taxonomy":"product_tag","embeddable":true,"href":"https:\/\/baldumarket.lt\/lt\/wp-json\/wp\/v2\/product_tag?post=255981"}],"curies":[{"name":"wp","href":"https:\/\/api.w.org\/{rel}","templated":true}]}}