{"id":255956,"date":"2026-01-10T22:40:24","date_gmt":"2026-01-10T19:40:24","guid":{"rendered":"https:\/\/baldumarket.lt\/product\/modena-md20d80s1-front-kpl-bialy-polysk-grafit\/"},"modified":"2026-05-01T17:05:56","modified_gmt":"2026-05-01T14:05:56","slug":"modena-md20d80s1-front-kpl-bialy-polysk-grafit","status":"publish","type":"product","link":"https:\/\/baldumarket.lt\/lt\/product\/modena-md20d80s1-front-kpl-bialy-polysk-grafit\/","title":{"rendered":"MODENA MD20|D80S1 PRIEKINI\u0172 DALYK\u0172 RINKINYS BALTA BLIZG\u0116 \/ GRAFITAS"},"content":{"rendered":"<p>\u201eModena\u201c virtuv\u0117s kolekcijos apatin\u0117 spintel\u0117 MD20\/D80S1 idealiai tinka laikyti didesnius priedus, valymo priemones ar puodus. Spintel\u0117s vid\u0173 padalina lentyna. Didelis, erdvus stal\u010dius yra tiesiai po stalvir\u0161iu. 80 cm plo\u010dio ir 82 cm auk\u0161\u010dio ji puikiai papildo apatin\u012f virtuv\u0117s bald\u0105. Spintel\u0119 reikia \u012fsigyti dviem atskiromis dalimis (priekine dalimi ir korpusu). Priekin\u0117 dalis yra \u0161viesios \u201eRijeka\u201c, tamsios \u201eRijeka\u201c, buko \/ blizgios baltos ir blizgios baltos \/ matin\u0117s grafito spalvos, o korpusas \u2013 \u0161viesios \u201eRijeka\u201c spalvos. Galimos priekin\u0117s dalies spalvos leid\u017eia pritaikyti dizain\u0105 pagal individualius poreikius. Vis\u0105 kolekcij\u0105 sudaro atskiri elementai, kuriuos galite pasirinkti ir surinkti patys arba rinktis i\u0161 keli\u0173 jau paruo\u0161t\u0173 komplekt\u0173. Papildomi kolekcijos privalumai: reguliuojamos apatini\u0173 spinteli\u0173 kojel\u0117s, trima\u010diai reguliuojami vir\u0161utini\u0173 spinteli\u0173 pakabos laikikliai ir auk\u0161tos kokyb\u0117s aksesuarai. Spintel\u0117, kaip ir visa \u201eModena\u201c bald\u0173 kolekcija, buvo kruop\u0161\u010diai suprojektuota, siekiant u\u017etikrinti didel\u0119 daikt\u0173 laikymo erdv\u0119 ir ilgalaik\u012f naudojim\u0105.<\/p>\n<p>Plotis 80 cm Gylis 1,8 cm Auk\u0161tis 71,3 cm Produkto svoris su pakuote 10,1 kg Gamintojo kodas \/ simbolis MD20 Kolekcijos pavadinimas MODENA KITCHEN Produkto pakuo\u010di\u0173 skai\u010dius 1 Stilius UNIVERSAL \u012eranga Surinkimo instrukcijos \/ surinkimo priedai Surinkimas Savaranki\u0161kam surinkimui Priekin\u0117s spalvos BALTA BLIZG\u0116 \/ GRAFITAS Priekin\u0117s apdailos med\u017eiaga \/ tipas \/ storis mdf 18 mm Priekin\u0117 rankena \/ apdaila \/ spalva plastikas \/ aliuminis<\/p>","protected":false},"excerpt":{"rendered":"<p>\u201eModena\u201c virtuv\u0117s kolekcijos apatin\u0117 spintel\u0117 MD20\/D80S1 idealiai tinka laikyti didesnius priedus, valymo priemones ar puodus. Spintel\u0117s vid\u0173 padalija lentyna. Didelis, erdvus stal\u010dius yra tiesiai po stalvir\u0161iu. 80 cm plo\u010dio ir 82 cm auk\u0161\u010dio, jis puikiai dera prie apatinio virtuv\u0117s spintel\u0117s. Spintel\u0117 turi [\u2026]<\/p>","protected":false},"featured_media":255831,"comment_status":"open","ping_status":"open","template":"","meta":[],"product_brand":[],"product_cat":[10233,1043,2457],"product_tag":[],"class_list":{"0":"post-255956","1":"product","2":"type-product","3":"status-publish","4":"has-post-thumbnail","6":"product_cat-kitchen-system-modena-liveo","7":"product_cat-extras","8":"product_cat-liveo","10":"first","11":"instock","12":"purchasable","13":"product-type-simple"},"_links":{"self":[{"href":"https:\/\/baldumarket.lt\/lt\/wp-json\/wp\/v2\/product\/255956","targetHints":{"allow":["GET"]}}],"collection":[{"href":"https:\/\/baldumarket.lt\/lt\/wp-json\/wp\/v2\/product"}],"about":[{"href":"https:\/\/baldumarket.lt\/lt\/wp-json\/wp\/v2\/types\/product"}],"replies":[{"embeddable":true,"href":"https:\/\/baldumarket.lt\/lt\/wp-json\/wp\/v2\/comments?post=255956"}],"wp:featuredmedia":[{"embeddable":true,"href":"https:\/\/baldumarket.lt\/lt\/wp-json\/wp\/v2\/media\/255831"}],"wp:attachment":[{"href":"https:\/\/baldumarket.lt\/lt\/wp-json\/wp\/v2\/media?parent=255956"}],"wp:term":[{"taxonomy":"product_brand","embeddable":true,"href":"https:\/\/baldumarket.lt\/lt\/wp-json\/wp\/v2\/product_brand?post=255956"},{"taxonomy":"product_cat","embeddable":true,"href":"https:\/\/baldumarket.lt\/lt\/wp-json\/wp\/v2\/product_cat?post=255956"},{"taxonomy":"product_tag","embeddable":true,"href":"https:\/\/baldumarket.lt\/lt\/wp-json\/wp\/v2\/product_tag?post=255956"}],"curies":[{"name":"wp","href":"https:\/\/api.w.org\/{rel}","templated":true}]}}