{"id":255931,"date":"2026-01-10T22:40:03","date_gmt":"2026-01-10T19:40:03","guid":{"rendered":"https:\/\/baldumarket.lt\/product\/modena-md19d80z-front-kpl-rijeka-ciemna-rijeka-jasna\/"},"modified":"2026-02-11T18:30:46","modified_gmt":"2026-02-11T15:30:46","slug":"modena-md19d80z-front-kpl-rijeka-ciemna-rijeka-jasna","status":"publish","type":"product","link":"https:\/\/baldumarket.lt\/lt\/product\/modena-md19d80z-front-kpl-rijeka-ciemna-rijeka-jasna\/","title":{"rendered":"MODENA MD19|D80Z PRIEKINIS KPL. RIJEKA DARK \/ RIJEKA LIGHT"},"content":{"rendered":"<p>Kriaukl\u0117s apatin\u0117 spintel\u0117 MD19\/D80Z yra i\u0161 \u201eModena\u201c virtuv\u0117s bald\u0173 kolekcijos. \u0160i dvigubo fasado spintel\u0117, skirta kriauklei, sukuria erdvi\u0105 erdv\u0119 valymo priemon\u0117ms laikyti arba \u0161iuk\u0161liad\u0117\u017eei pad\u0117ti. 80 cm plo\u010dio ir 82 cm auk\u0161\u010dio ji puikiai papildo apatin\u012f virtuv\u0117s bald\u0105. Spintel\u0119 reikia \u012fsigyti dviem atskirais elementais (priekine dalimi ir korpusu). Priekin\u0117 dalis yra \u0161viesios \u201eRijeka\u201c, tamsios \u201eRijeka\u201c, buko \/ blizgios baltos ir blizgios baltos \/ matin\u0117s grafito spalvos, o korpusas \u2013 \u0161viesios \u201eRijeka\u201c spalvos. Galimos fasado spalvos leid\u017eia pritaikyti dizain\u0105 pagal individualius poreikius. Vis\u0105 kolekcij\u0105 sudaro atskiri elementai, kuriuos galite rinktis, arba galite rinktis i\u0161 keli\u0173 jau paruo\u0161t\u0173 rinkini\u0173. Papildomos kolekcijos savyb\u0117s: reguliuojamos apatini\u0173 spinteli\u0173 kojel\u0117s, trima\u010diai reguliuojami pakabos ant vir\u0161utini\u0173 spinteli\u0173 ir auk\u0161tos kokyb\u0117s aksesuarai. Spintel\u0117, kaip ir visa \u201eModena\u201c bald\u0173 kolekcija, buvo kruop\u0161\u010diai suprojektuota, siekiant u\u017etikrinti didel\u0119 daikt\u0173 laikymo erdv\u0119 ir ilgalaik\u012f naudojim\u0105.<\/p>\n<p>Plotis 80 cm Gylis 1,5 cm Auk\u0161tis 71,3 cm Produkto svoris su pakuote 6,8 kg Gamintojo kodas \/ simbolis MD19 Kolekcijos pavadinimas MODENA KITCHEN Produkto pakuo\u010di\u0173 skai\u010dius 1 Stilius UNIVERSAL \u012eranga Surinkimo instrukcijos \/ surinkimo priedai Surinkimas Savaranki\u0161kam surinkimui Priekin\u0117s spalvos RIJEKA DARK \/ RIJEKA LIGHT Priekin\u0117s apdailos med\u017eiaga \/ tipas \/ storis laminuota med\u017eio dro\u017eli\u0173 plok\u0161t\u0117 15 mm Priekin\u0117 rankena \/ apdaila \/ spalvos plastikas \/ aliuminis<\/p>","protected":false},"excerpt":{"rendered":"<p>MD19\/D80Z apatin\u0117 kriaukl\u0117s spintel\u0117 yra i\u0161 \u201eModena\u201c virtuv\u0117s bald\u0173 kolekcijos. \u0160i dvigubo fasado spintel\u0117, skirta kriauklei, sukuria erdvi\u0105 erdv\u0119 valymo priemon\u0117ms laikyti arba \u0161iuk\u0161liad\u0117\u017eei pad\u0117ti. 80 cm plo\u010dio ir 82 cm auk\u0161\u010dio ji puikiai dera prie apatin\u0117s virtuv\u0117s spintel\u0117s. Spintel\u0119 reikia \u012fsigyti [\u2026]<\/p>","protected":false},"featured_media":255799,"comment_status":"open","ping_status":"open","template":"","meta":[],"product_brand":[],"product_cat":[1043,2457],"product_tag":[],"class_list":{"0":"post-255931","1":"product","2":"type-product","3":"status-publish","4":"has-post-thumbnail","6":"product_cat-extras","7":"product_cat-liveo","9":"first","10":"instock","11":"purchasable","12":"product-type-simple"},"_links":{"self":[{"href":"https:\/\/baldumarket.lt\/lt\/wp-json\/wp\/v2\/product\/255931","targetHints":{"allow":["GET"]}}],"collection":[{"href":"https:\/\/baldumarket.lt\/lt\/wp-json\/wp\/v2\/product"}],"about":[{"href":"https:\/\/baldumarket.lt\/lt\/wp-json\/wp\/v2\/types\/product"}],"replies":[{"embeddable":true,"href":"https:\/\/baldumarket.lt\/lt\/wp-json\/wp\/v2\/comments?post=255931"}],"wp:featuredmedia":[{"embeddable":true,"href":"https:\/\/baldumarket.lt\/lt\/wp-json\/wp\/v2\/media\/255799"}],"wp:attachment":[{"href":"https:\/\/baldumarket.lt\/lt\/wp-json\/wp\/v2\/media?parent=255931"}],"wp:term":[{"taxonomy":"product_brand","embeddable":true,"href":"https:\/\/baldumarket.lt\/lt\/wp-json\/wp\/v2\/product_brand?post=255931"},{"taxonomy":"product_cat","embeddable":true,"href":"https:\/\/baldumarket.lt\/lt\/wp-json\/wp\/v2\/product_cat?post=255931"},{"taxonomy":"product_tag","embeddable":true,"href":"https:\/\/baldumarket.lt\/lt\/wp-json\/wp\/v2\/product_tag?post=255931"}],"curies":[{"name":"wp","href":"https:\/\/api.w.org\/{rel}","templated":true}]}}