{"id":255896,"date":"2026-01-10T22:39:29","date_gmt":"2026-01-10T19:39:29","guid":{"rendered":"https:\/\/baldumarket.lt\/product\/modena-md17d60p-front-kpl-bialy-polysk-grafit\/"},"modified":"2026-02-11T18:30:46","modified_gmt":"2026-02-11T15:30:46","slug":"modena-md17d60p-front-kpl-bialy-polysk-grafit","status":"publish","type":"product","link":"https:\/\/baldumarket.lt\/lt\/product\/modena-md17d60p-front-kpl-bialy-polysk-grafit\/","title":{"rendered":"MODENA MD17|D60P PRIEKINIO DALYKO RINKINYS BALTA BLIZG\u0116 \/ GRAFITAS"},"content":{"rendered":"<p>Apatin\u0117 spintel\u0117 MD17\/D60SP yra i\u0161 \u201eModena\u201c virtuv\u0117s bald\u0173 kolekcijos. \u0160i \u012fmontuojama orkait\u0117s spintel\u0117 yra puikus pasirinkimas, norint derinti visus j\u016bs\u0173 baldus ir prietaisus tuo pa\u010diu stiliumi. Priekinis dangtis montuojamas be atidarymo galimyb\u0117s. 60 cm plo\u010dio ir 82 cm auk\u0161\u010dio, jis puikiai dera prie apatin\u0117s virtuv\u0117s spintel\u0117s. Priekinis dangtis yra \u0161viesios \u201eRijeka\u201c, tamsios \u201eRijeka\u201c, buko \/ blizgios baltos ir blizgios baltos \/ matin\u0117s grafito spalvos, o korpusas yra \u0161viesios \u201eRijeka\u201c spalvos. Vis\u0105 kolekcij\u0105 sudaro atskiri elementai, kuriuos galima surinkti atskirai arba pasirinkti i\u0161 keli\u0173 paruo\u0161t\u0173 rinkini\u0173. Papildomi kolekcijos privalumai: reguliuojamos apatini\u0173 spinteli\u0173 kojel\u0117s, trima\u010diai reguliuojami vir\u0161utini\u0173 spinteli\u0173 pakabos ir auk\u0161tos kokyb\u0117s priedai. Spintel\u0117, kaip ir visa \u201eModena\u201c bald\u0173 kolekcija, buvo kruop\u0161\u010diai suprojektuota taip, kad b\u016bt\u0173 pakankamai vietos daiktams susid\u0117ti ir ilgaam\u017e\u0117.<\/p>\n<p>Plotis 59,6 cm Gylis 1,8 cm Auk\u0161tis 11 cm Gaminio svoris su pakuote 1,65 kg Gamintojo kodas \/ simbolis MD17 Kolekcijos pavadinimas MODENA KITCHEN Gaminio pakuo\u010di\u0173 skai\u010dius 1 Stilius UNIVERSAL \u012eranga Surinkimo instrukcijos \/ surinkimo priedai Surinkimas Savaranki\u0161kam surinkimui Priekin\u0117s spalvos BALTA BLIZGI \/ GRAFITAS Priekin\u0117s apdailos med\u017eiaga \/ tipas \/ storis mdf 18 mm<\/p>","protected":false},"excerpt":{"rendered":"<p>Apatin\u0117 spintel\u0117 MD17\/D60SP yra i\u0161 \u201eModena\u201c virtuv\u0117s bald\u0173 kolekcijos. \u0160i \u012fmontuojama orkait\u0117s spintel\u0117 puikiai dera prie vis\u0173 j\u016bs\u0173 bald\u0173 ir prietais\u0173 tuo pa\u010diu stiliumi. Priekinis dangtis montuojamas be atidarymo galimyb\u0117s. 60 cm plo\u010dio ir 82 cm auk\u0161\u010dio, jis puikiai dera prie apatin\u0117s virtuv\u0117s spintel\u0117s. [\u2026]<\/p>","protected":false},"featured_media":255897,"comment_status":"open","ping_status":"open","template":"","meta":[],"product_brand":[],"product_cat":[1043,2457],"product_tag":[],"class_list":{"0":"post-255896","1":"product","2":"type-product","3":"status-publish","4":"has-post-thumbnail","6":"product_cat-extras","7":"product_cat-liveo","9":"first","10":"instock","11":"purchasable","12":"product-type-simple"},"_links":{"self":[{"href":"https:\/\/baldumarket.lt\/lt\/wp-json\/wp\/v2\/product\/255896","targetHints":{"allow":["GET"]}}],"collection":[{"href":"https:\/\/baldumarket.lt\/lt\/wp-json\/wp\/v2\/product"}],"about":[{"href":"https:\/\/baldumarket.lt\/lt\/wp-json\/wp\/v2\/types\/product"}],"replies":[{"embeddable":true,"href":"https:\/\/baldumarket.lt\/lt\/wp-json\/wp\/v2\/comments?post=255896"}],"wp:featuredmedia":[{"embeddable":true,"href":"https:\/\/baldumarket.lt\/lt\/wp-json\/wp\/v2\/media\/255897"}],"wp:attachment":[{"href":"https:\/\/baldumarket.lt\/lt\/wp-json\/wp\/v2\/media?parent=255896"}],"wp:term":[{"taxonomy":"product_brand","embeddable":true,"href":"https:\/\/baldumarket.lt\/lt\/wp-json\/wp\/v2\/product_brand?post=255896"},{"taxonomy":"product_cat","embeddable":true,"href":"https:\/\/baldumarket.lt\/lt\/wp-json\/wp\/v2\/product_cat?post=255896"},{"taxonomy":"product_tag","embeddable":true,"href":"https:\/\/baldumarket.lt\/lt\/wp-json\/wp\/v2\/product_tag?post=255896"}],"curies":[{"name":"wp","href":"https:\/\/api.w.org\/{rel}","templated":true}]}}