{"id":25585,"date":"2025-11-14T16:50:58","date_gmt":"2025-11-14T13:50:58","guid":{"rendered":"https:\/\/baldumarket.lt\/product\/lanzzi-120-witryna-czarny-mat-czarny-mat\/"},"modified":"2026-03-24T18:20:05","modified_gmt":"2026-03-24T15:20:05","slug":"lanzzi-120-witryna-czarny-mat-czarny-mat","status":"publish","type":"product","link":"https:\/\/baldumarket.lt\/lt\/product\/lanzzi-120-witryna-czarny-mat-czarny-mat\/","title":{"rendered":"Lanzzi 120 vitrina, matin\u0117 juoda\/matin\u0117 juoda"},"content":{"rendered":"<p>\u201eLanzzi\u201c vitrina sutvarkys j\u016bs\u0173 erdv\u0119 ir suteiks \u017eavingo stiliaus prisilietimo. Visa tai d\u0117ka penki\u0173 lentyn\u0173 dizaino (keturios u\u017edaros ir vienas atviras) ir erdvaus stal\u010diaus su \u0161velnaus u\u017edarymo funkcija. \u0160i moderni ir stilinga vitrina gali b\u016bti naudojama svetain\u0117je, miegamajame ar koridoriuje. D\u0117l daugyb\u0117s u\u017edar\u0173 lentyn\u0173 ji puikiai tinka darbo kambariui ar biurui. Matmenys: 120 x 40 x 150 cm. \u201eBalduMarket\u201c \u201eLanzzi\u201c kolekcijos vitrina su juodo metalo r\u0117mu ir laminuota MDF plok\u0161te \u2013 patvaria med\u017eiaga, atspari pa\u017eeidimams ir sukurta tarnauti daugel\u012f met\u0173. \u201eLanzzi\u201c vitrinos yra dviej\u0173 versij\u0173: juodos su auksin\u0117mis ranken\u0117l\u0117mis arba juodos su \u0105\u017euolo spalvos priekiu, tod\u0117l galite pritaikyti bald\u0173 spalv\u0105 pagal savo poreikius. Galima rinktis i\u0161 dviej\u0173 spalv\u0173 variant\u0173. Auk\u0161tis: 150 cm Gylis: 40 cm Plotis: 120 cm Svoris: 62 kg R\u0117mo spalva: juoda Med\u017eiagos konfig\u016bracija: matin\u0117 juoda + meni\u0161kas \u0105\u017euolas \/ matin\u0117 juoda + matin\u0117 juoda Med\u017eiaga: MDF Kojel\u0117s: metalin\u0117s Kojeli\u0173 auk\u0161tis: 20 cm Dur\u0173 skai\u010dius: 2 Lentyn\u0173 skai\u010dius: 5 Stal\u010di\u0173 skai\u010dius: 1 Atvir\u0173 lentyn\u0173 skai\u010dius: 1<\/p>","protected":false},"excerpt":{"rendered":"<p>\u201eLanzzi\u201c vitrina sutvarkys j\u016bs\u0173 erdv\u0119 ir suteiks \u017eavingo stiliaus. Visa tai d\u0117ka penki\u0173 lentyn\u0173 (keturios u\u017edarytos ir viena atvira) ir erdvaus stal\u010diaus su \u0161velnaus u\u017edarymo funkcija. \u0160i moderni ir stilinga vitrina gali b\u016bti naudojama svetain\u0117je, miegamajame ar koridoriuje. Ji puikiai tinka [\u2026]<\/p>","protected":false},"featured_media":25586,"comment_status":"open","ping_status":"open","template":"","meta":[],"product_brand":[],"product_cat":[2012,1177],"product_tag":[],"class_list":{"0":"post-25585","1":"product","2":"type-product","3":"status-publish","4":"has-post-thumbnail","6":"product_cat-eltap","7":"product_cat-wardrobes","8":"pa_frame-material-undefined","9":"pa_frame-material-type-undefined","10":"pa_leg-color-undefined","11":"pa_leg-material-undefined","12":"pa_linen-box-undefined","13":"pa_main-color-black","14":"pa_price-group-basic","15":"pa_seat-depth-undefined","16":"pa_seat-width-undefined","17":"pa_sleep-function-undefined","18":"pa_sleeping-area-length-undefined","19":"pa_sleeping-area-width-undefined","20":"pa_style-undefined","21":"pa_textile-czarny-mat","22":"pa_upholstery-material-undefined","24":"first","25":"instock","26":"purchasable","27":"product-type-simple"},"_links":{"self":[{"href":"https:\/\/baldumarket.lt\/lt\/wp-json\/wp\/v2\/product\/25585","targetHints":{"allow":["GET"]}}],"collection":[{"href":"https:\/\/baldumarket.lt\/lt\/wp-json\/wp\/v2\/product"}],"about":[{"href":"https:\/\/baldumarket.lt\/lt\/wp-json\/wp\/v2\/types\/product"}],"replies":[{"embeddable":true,"href":"https:\/\/baldumarket.lt\/lt\/wp-json\/wp\/v2\/comments?post=25585"}],"wp:featuredmedia":[{"embeddable":true,"href":"https:\/\/baldumarket.lt\/lt\/wp-json\/wp\/v2\/media\/25586"}],"wp:attachment":[{"href":"https:\/\/baldumarket.lt\/lt\/wp-json\/wp\/v2\/media?parent=25585"}],"wp:term":[{"taxonomy":"product_brand","embeddable":true,"href":"https:\/\/baldumarket.lt\/lt\/wp-json\/wp\/v2\/product_brand?post=25585"},{"taxonomy":"product_cat","embeddable":true,"href":"https:\/\/baldumarket.lt\/lt\/wp-json\/wp\/v2\/product_cat?post=25585"},{"taxonomy":"product_tag","embeddable":true,"href":"https:\/\/baldumarket.lt\/lt\/wp-json\/wp\/v2\/product_tag?post=25585"}],"curies":[{"name":"wp","href":"https:\/\/api.w.org\/{rel}","templated":true}]}}