{"id":255818,"date":"2026-01-10T22:38:32","date_gmt":"2026-01-10T19:38:32","guid":{"rendered":"https:\/\/baldumarket.lt\/product\/modena-md12d30s1-front-kpl-rijeka-ciemna-rijeka-jasna\/"},"modified":"2026-02-11T18:30:48","modified_gmt":"2026-02-11T15:30:48","slug":"modena-md12d30s1-front-kpl-rijeka-ciemna-rijeka-jasna","status":"publish","type":"product","link":"https:\/\/baldumarket.lt\/lt\/product\/modena-md12d30s1-front-kpl-rijeka-ciemna-rijeka-jasna\/","title":{"rendered":"MODENA MD12|D30S1 PRIEKINIS KPL. RIJEKA DARK \/ RIJEKA LIGHT"},"content":{"rendered":"<p>Apatin\u0117 spintel\u0117 MD12\/D30S1 yra i\u0161 \u201eModena\u201c virtuv\u0117s kolekcijos. \u0160i vienpus\u0117 spintel\u0117 su stal\u010diumi, atsidaran\u010diu \u012f kair\u0119 arba \u012f de\u0161in\u0119, ir dviem ni\u0161omis tikrai tilps ma\u017ei indai ir virtuv\u0117s reikmenys, kuriuos pravartu tur\u0117ti po ranka. 30 cm plo\u010dio ir 82 cm auk\u0161\u010dio ji puikiai papildo apatin\u0119 virtuv\u0117s spintel\u0119. Spintel\u0119 reikia \u012fsigyti dviem atskiromis dalimis (priekine ir korpusu). Priekin\u0117 dalis yra \u0161viesios \u201eRijeka\u201c, tamsios \u201eRijeka\u201c, buko \/ blizgios baltos ir blizgios baltos \/ matin\u0117s grafito spalvos, o korpusas \u2013 \u0161viesios \u201eRijeka\u201c spalvos. Galimos priekin\u0117s dalies spalvos leid\u017eia pritaikyti dizain\u0105 pagal individualius poreikius. Vis\u0105 kolekcij\u0105 sudaro atskiri elementai, kuriuos galite pasirinkti ir surinkti patys arba rinktis i\u0161 keli\u0173 jau paruo\u0161t\u0173 rinkini\u0173. Papildomi kolekcijos privalumai: reguliuojamos apatini\u0173 spinteli\u0173 kojel\u0117s, trima\u010diai reguliuojami vir\u0161utini\u0173 spinteli\u0173 pakabos laikikliai ir auk\u0161tos kokyb\u0117s priedai. Spintel\u0117, kaip ir visa \u201eModena\u201c bald\u0173 kolekcija, buvo kruop\u0161\u010diai suprojektuota, siekiant u\u017etikrinti didel\u0119 daikt\u0173 laikymo erdv\u0119 ir ilgalaik\u012f naudojim\u0105.<\/p>\n<p>Plotis 30 cm Gylis 1,5 cm Auk\u0161tis 71,3 cm Produkto svoris su pakuote 3,55 kg Gamintojo kodas \/ simbolis MD12 Kolekcijos pavadinimas MODENA KITCHEN Produkto pakuo\u010di\u0173 skai\u010dius 1 Stilius UNIVERSAL \u012eranga Surinkimo instrukcijos \/ surinkimo priedai Surinkimas Savaranki\u0161kam surinkimui Priekin\u0117s spalvos RIJEKA DARK \/ RIJEKA LIGHT Priekin\u0117s apdailos med\u017eiaga \/ tipas \/ storis laminuota med\u017eio dro\u017eli\u0173 plok\u0161t\u0117 15 mm Priekin\u0117 rankena \/ apdaila \/ spalvos plastikas \/ aliuminis<\/p>","protected":false},"excerpt":{"rendered":"<p>Apatin\u0117 spintel\u0117 MD12\/D30S1 yra i\u0161 \u201eModena\u201c virtuv\u0117s kolekcijos. \u0160ioje vienpus\u0117je spintel\u0117je su stal\u010diumi, atidaromu \u012f kair\u0119 arba \u012f de\u0161in\u0119, ir dviem ni\u0161omis tikrai tilps ma\u017ei indai ir virtuv\u0117s reikmenys, kuriuos pravartu tur\u0117ti po ranka. 30 cm plo\u010dio ir 82 cm auk\u0161\u010dio ji puikiai dera prie apatin\u0117s virtuv\u0117s spintel\u0117s. [\u2026]<\/p>","protected":false},"featured_media":252852,"comment_status":"open","ping_status":"open","template":"","meta":[],"product_brand":[],"product_cat":[1043,2457],"product_tag":[],"class_list":{"0":"post-255818","1":"product","2":"type-product","3":"status-publish","4":"has-post-thumbnail","6":"product_cat-extras","7":"product_cat-liveo","9":"first","10":"instock","11":"purchasable","12":"product-type-simple"},"_links":{"self":[{"href":"https:\/\/baldumarket.lt\/lt\/wp-json\/wp\/v2\/product\/255818","targetHints":{"allow":["GET"]}}],"collection":[{"href":"https:\/\/baldumarket.lt\/lt\/wp-json\/wp\/v2\/product"}],"about":[{"href":"https:\/\/baldumarket.lt\/lt\/wp-json\/wp\/v2\/types\/product"}],"replies":[{"embeddable":true,"href":"https:\/\/baldumarket.lt\/lt\/wp-json\/wp\/v2\/comments?post=255818"}],"wp:featuredmedia":[{"embeddable":true,"href":"https:\/\/baldumarket.lt\/lt\/wp-json\/wp\/v2\/media\/252852"}],"wp:attachment":[{"href":"https:\/\/baldumarket.lt\/lt\/wp-json\/wp\/v2\/media?parent=255818"}],"wp:term":[{"taxonomy":"product_brand","embeddable":true,"href":"https:\/\/baldumarket.lt\/lt\/wp-json\/wp\/v2\/product_brand?post=255818"},{"taxonomy":"product_cat","embeddable":true,"href":"https:\/\/baldumarket.lt\/lt\/wp-json\/wp\/v2\/product_cat?post=255818"},{"taxonomy":"product_tag","embeddable":true,"href":"https:\/\/baldumarket.lt\/lt\/wp-json\/wp\/v2\/product_tag?post=255818"}],"curies":[{"name":"wp","href":"https:\/\/api.w.org\/{rel}","templated":true}]}}