{"id":255803,"date":"2026-01-10T22:38:22","date_gmt":"2026-01-10T19:38:22","guid":{"rendered":"https:\/\/baldumarket.lt\/product\/modena-md10g60nw-korpus-kpl-rijeka-jasna\/"},"modified":"2026-02-11T18:30:48","modified_gmt":"2026-02-11T15:30:48","slug":"modena-md10g60nw-korpus-kpl-rijeka-jasna","status":"publish","type":"product","link":"https:\/\/baldumarket.lt\/lt\/product\/modena-md10g60nw-korpus-kpl-rijeka-jasna\/","title":{"rendered":"MODENA MD10|G60NW K\u0116bulo komplektas. RIJEKA JASNA"},"content":{"rendered":"<p>Vir\u0161utin\u0117 spintel\u0117 K\/D MD10\/G60NW i\u0161 \u201eModena\u201c virtuv\u0117s kolekcijos. \u0160i vienpus\u0117 kampin\u0117 spintel\u0117, atsidaranti \u012f kair\u0119 arba \u012f de\u0161in\u0119, turi dvi lentynas, kuriose tikrai tilps visi j\u016bs\u0173 reikalingi virtuv\u0117s reikmenys. 60 cm gylio ir 72 cm auk\u0161\u010dio ji puikiai papildo vir\u0161utin\u012f virtuv\u0117s bald\u0105 kampin\u0117s virtuv\u0117s koncepcijoje. Spintel\u0119 reikia \u012fsigyti dviem atskiromis dalimis (priekine dalimi ir korpusu). Priekin\u0117 dalis yra \u0161viesios \u201eRijeka\u201c, tamsios \u201eRijeka\u201c, buko \/ blizgios baltos ir blizgios baltos \/ matin\u0117s grafito spalvos, o korpusas \u2013 \u0161viesios \u201eRijeka\u201c spalvos. Galimos priekin\u0117s dalies spalvos leid\u017eia pritaikyti dizain\u0105 pagal individualius poreikius. Vis\u0105 kolekcij\u0105 sudaro atskiri elementai, kuriuos galite pasirinkti ir surinkti patys arba rinktis i\u0161 keli\u0173 jau paruo\u0161t\u0173 rinkini\u0173. Papildomi kolekcijos privalumai: reguliuojamos kojel\u0117s ant pagrindini\u0173 spinteli\u0173, trima\u010diai reguliuojami pakabos laikikliai ant vir\u0161utini\u0173 spinteli\u0173 ir auk\u0161tos kokyb\u0117s priedai. Spintel\u0117, kaip ir visa \u201eModena\u201c bald\u0173 kolekcija, buvo kruop\u0161\u010diai suprojektuota, siekiant u\u017etikrinti didel\u0119 daikt\u0173 laikymo erdv\u0119 ir ilgalaik\u012f naudojim\u0105.<\/p>\n<p>Plotis 42,9 cm Gylis 60 cm Auk\u0161tis 71,3 cm Produkto svoris su pakuote 18,15 kg Gamintojo kodas \/ simbolis MD10 Kolekcijos pavadinimas MODENA KITCHEN Produkto pakuo\u010di\u0173 skai\u010dius 1 Stilius UNIVERSAL \u012eranga Surinkimo instrukcijos \/ surinkimo priedai Surinkimas Savaranki\u0161kam surinkimui Korpuso spalva RIJEKA JASNA Korpuso med\u017eiaga \/ tipas \/ storis laminuota med\u017eio dro\u017eli\u0173 plok\u0161t\u0117 15 mm Lentyn\u0173 spalva balta Lentyn\u0173 med\u017eiaga \/ tipas \/ storis laminuota med\u017eio dro\u017eli\u0173 plok\u0161t\u0117 15 mm Lentyn\u0173 kiekis 2 Galin\u0117s sienel\u0117s matomos dalies spalva balta<\/p>","protected":false},"excerpt":{"rendered":"<p>Vir\u0161utin\u0117 spintel\u0117 K\/D MD10\/G60NW yra i\u0161 \u201eModena\u201c virtuv\u0117s kolekcijos. \u0160i vienpus\u0117 kampin\u0117 spintel\u0117, atsidaranti \u012f kair\u0119 arba \u012f de\u0161in\u0119, turi dvi lentynas, kuriose tikrai tilps visi j\u016bs\u0173 reikalingi virtuv\u0117s reikmenys. 60 cm gylio ir 72 cm auk\u0161\u010dio ji puikiai papildo vir\u0161utin\u012f virtuv\u0117s bald\u0105 kampin\u0117s virtuv\u0117s koncepcijoje. Spintel\u0117 turi [\u2026]<\/p>","protected":false},"featured_media":252986,"comment_status":"open","ping_status":"open","template":"","meta":[],"product_brand":[],"product_cat":[1043,2457],"product_tag":[],"class_list":{"0":"post-255803","1":"product","2":"type-product","3":"status-publish","4":"has-post-thumbnail","6":"product_cat-extras","7":"product_cat-liveo","9":"first","10":"instock","11":"purchasable","12":"product-type-simple"},"_links":{"self":[{"href":"https:\/\/baldumarket.lt\/lt\/wp-json\/wp\/v2\/product\/255803","targetHints":{"allow":["GET"]}}],"collection":[{"href":"https:\/\/baldumarket.lt\/lt\/wp-json\/wp\/v2\/product"}],"about":[{"href":"https:\/\/baldumarket.lt\/lt\/wp-json\/wp\/v2\/types\/product"}],"replies":[{"embeddable":true,"href":"https:\/\/baldumarket.lt\/lt\/wp-json\/wp\/v2\/comments?post=255803"}],"wp:featuredmedia":[{"embeddable":true,"href":"https:\/\/baldumarket.lt\/lt\/wp-json\/wp\/v2\/media\/252986"}],"wp:attachment":[{"href":"https:\/\/baldumarket.lt\/lt\/wp-json\/wp\/v2\/media?parent=255803"}],"wp:term":[{"taxonomy":"product_brand","embeddable":true,"href":"https:\/\/baldumarket.lt\/lt\/wp-json\/wp\/v2\/product_brand?post=255803"},{"taxonomy":"product_cat","embeddable":true,"href":"https:\/\/baldumarket.lt\/lt\/wp-json\/wp\/v2\/product_cat?post=255803"},{"taxonomy":"product_tag","embeddable":true,"href":"https:\/\/baldumarket.lt\/lt\/wp-json\/wp\/v2\/product_tag?post=255803"}],"curies":[{"name":"wp","href":"https:\/\/api.w.org\/{rel}","templated":true}]}}