{"id":255786,"date":"2026-01-10T22:38:08","date_gmt":"2026-01-10T19:38:08","guid":{"rendered":"https:\/\/baldumarket.lt\/product\/modena-md1-g20nz-szafka-gorna-narozna-uniwersalna-rijeka-jasna\/"},"modified":"2026-02-11T18:30:48","modified_gmt":"2026-02-11T15:30:48","slug":"modena-md1-g20nz-szafka-gorna-narozna-uniwersalna-rijeka-jasna","status":"publish","type":"product","link":"https:\/\/baldumarket.lt\/lt\/product\/modena-md1-g20nz-szafka-gorna-narozna-uniwersalna-rijeka-jasna\/","title":{"rendered":"MODENA MD1\/G20NZ VIR\u0160UTINIS KAMPNIS UNIVERSALI SPINTEL\u0116 RIJEKA LIGHT"},"content":{"rendered":"<p>Vir\u0161utin\u0117 spintel\u0117 MD1\/G20NZ priklauso \u201eModena\u201c virtuv\u0117s kolekcijai. \u0160i atvira kampin\u0117 spintel\u0117 turi dvi lentynas, kuriose galite susid\u0117ti smulkius daiktus ar dekoracijas, kurias patogu laikyti po ranka. 19 cm plo\u010dio ir 72 cm auk\u0161\u010dio ji puikiai papildo vir\u0161utin\u012f virtuv\u0117s bald\u0105. Galima \u012fsigyti \u0161viesios \u201eRijeka\u201c spalvos. Vis\u0105 kolekcij\u0105 sudaro atskiri elementai, kuriuos galite surinkti patys arba pasirinkti i\u0161 keli\u0173 jau paruo\u0161t\u0173 rinkini\u0173. Papildomos kolekcijos savyb\u0117s: reguliuojamo auk\u0161\u010dio apatini\u0173 spinteli\u0173 kojel\u0117s, trima\u010diai reguliuojami vir\u0161utini\u0173 spinteli\u0173 pakabos ir auk\u0161tos kokyb\u0117s aksesuarai. \u0160i spintel\u0117, kaip ir visa \u201eModena\u201c bald\u0173 kolekcija, buvo kruop\u0161\u010diai sukurta taip, kad b\u016bt\u0173 pakankamai vietos daiktams susid\u0117ti ir ilgaam\u017e\u0117.<\/p>\n<p>Plotis 19 cm Gylis 30 cm Auk\u0161tis 72 cm Produkto svoris su pakuote 5,25 kg Gamintojo kodas \/ simbolis MD01 Kolekcijos pavadinimas MODENA KITCHEN Produkto pakuo\u010di\u0173 skai\u010dius 1 Stilius UNIVERSAL \u012eranga Surinkimo instrukcijos \/ surinkimo priedai Surinkimas Savaranki\u0161kam surinkimui Spalvos RIJEKA LIGHT Korpuso med\u017eiaga \/ tipas \/ storis laminuota MED\u017dIO PLOK\u0160T\u0116 15 MM Lentyn\u0173 spalva RIJEKA LIGHT Lentyn\u0173 med\u017eiaga \/ tipas \/ storis laminuota MED\u017dIO PLOK\u0160T\u0116 15 MM Lentyn\u0173 kiekis 2<\/p>","protected":false},"excerpt":{"rendered":"<p>Vir\u0161utin\u0117 spintel\u0117 MD1\/G20NZ yra i\u0161 \u201eModena\u201c virtuv\u0117s kolekcijos. \u0160i atvira kampin\u0117 spintel\u0117 turi dvi lentynas, kuriose galite susid\u0117ti smulkius daiktus ar dekoracijas, kad jas b\u016bt\u0173 patogu laikyti ranka pasiekiamoje vietoje. 19 cm plo\u010dio ir 72 cm auk\u0161\u010dio ji puikiai dera prie vir\u0161utinio virtuv\u0117s spintel\u0117s. Galima \u012fsigyti \u0161viesios \u201eRijeka\u201c spalvos. Visa kolekcija [\u2026]<\/p>","protected":false},"featured_media":252886,"comment_status":"open","ping_status":"open","template":"","meta":[],"product_brand":[],"product_cat":[9118,2457],"product_tag":[],"class_list":{"0":"post-255786","1":"product","2":"type-product","3":"status-publish","4":"has-post-thumbnail","6":"product_cat-kitchen-cabinets","7":"product_cat-liveo","9":"first","10":"instock","11":"purchasable","12":"product-type-simple"},"_links":{"self":[{"href":"https:\/\/baldumarket.lt\/lt\/wp-json\/wp\/v2\/product\/255786","targetHints":{"allow":["GET"]}}],"collection":[{"href":"https:\/\/baldumarket.lt\/lt\/wp-json\/wp\/v2\/product"}],"about":[{"href":"https:\/\/baldumarket.lt\/lt\/wp-json\/wp\/v2\/types\/product"}],"replies":[{"embeddable":true,"href":"https:\/\/baldumarket.lt\/lt\/wp-json\/wp\/v2\/comments?post=255786"}],"wp:featuredmedia":[{"embeddable":true,"href":"https:\/\/baldumarket.lt\/lt\/wp-json\/wp\/v2\/media\/252886"}],"wp:attachment":[{"href":"https:\/\/baldumarket.lt\/lt\/wp-json\/wp\/v2\/media?parent=255786"}],"wp:term":[{"taxonomy":"product_brand","embeddable":true,"href":"https:\/\/baldumarket.lt\/lt\/wp-json\/wp\/v2\/product_brand?post=255786"},{"taxonomy":"product_cat","embeddable":true,"href":"https:\/\/baldumarket.lt\/lt\/wp-json\/wp\/v2\/product_cat?post=255786"},{"taxonomy":"product_tag","embeddable":true,"href":"https:\/\/baldumarket.lt\/lt\/wp-json\/wp\/v2\/product_tag?post=255786"}],"curies":[{"name":"wp","href":"https:\/\/api.w.org\/{rel}","templated":true}]}}