{"id":255781,"date":"2026-01-10T22:38:06","date_gmt":"2026-01-10T19:38:06","guid":{"rendered":"https:\/\/baldumarket.lt\/product\/modena-listwa-przyblatowa-30\/"},"modified":"2026-02-11T18:30:49","modified_gmt":"2026-02-11T15:30:49","slug":"modena-listwa-przyblatowa-30","status":"publish","type":"product","link":"https:\/\/baldumarket.lt\/lt\/product\/modena-listwa-przyblatowa-30\/","title":{"rendered":"MODENA STALVIR\u0160IO JUOSTEL\u0116 3.0"},"content":{"rendered":"<p>3 m ilgio stalvir\u0161io juostel\u0117 pad\u0117s apdailinti virtuv\u0117s pavir\u0161i\u0173 ir apsaugos stalvir\u0161\u012f nuo dr\u0117gm\u0117s bei ne\u0161varum\u0173, prasiskverbian\u010di\u0173 tarp sienos ir spintel\u0117s.<\/p>\n<p>\u012eranga Surinkimo instrukcijos \/ tvirtinimo priedai Surinkimas Savaranki\u0161kam surinkimui<\/p>","protected":false},"excerpt":{"rendered":"<p>3 m ilgio stalvir\u0161io juostel\u0117 pad\u0117s apdailinti virtuv\u0117s pavir\u0161i\u0173 ir apsaugos stalvir\u0161\u012f nuo dr\u0117gm\u0117s bei ne\u0161varum\u0173, prasiskverbian\u010di\u0173 tarp sienos ir spintel\u0117s. \u012eranga Surinkimo instrukcijos \/ tvirtinimo priedai Surinkimas Savaranki\u0161kam surinkimui<\/p>","protected":false},"featured_media":255782,"comment_status":"open","ping_status":"open","template":"","meta":[],"product_brand":[],"product_cat":[1043,2457],"product_tag":[],"class_list":{"0":"post-255781","1":"product","2":"type-product","3":"status-publish","4":"has-post-thumbnail","6":"product_cat-extras","7":"product_cat-liveo","9":"first","10":"instock","11":"purchasable","12":"product-type-simple"},"_links":{"self":[{"href":"https:\/\/baldumarket.lt\/lt\/wp-json\/wp\/v2\/product\/255781","targetHints":{"allow":["GET"]}}],"collection":[{"href":"https:\/\/baldumarket.lt\/lt\/wp-json\/wp\/v2\/product"}],"about":[{"href":"https:\/\/baldumarket.lt\/lt\/wp-json\/wp\/v2\/types\/product"}],"replies":[{"embeddable":true,"href":"https:\/\/baldumarket.lt\/lt\/wp-json\/wp\/v2\/comments?post=255781"}],"wp:featuredmedia":[{"embeddable":true,"href":"https:\/\/baldumarket.lt\/lt\/wp-json\/wp\/v2\/media\/255782"}],"wp:attachment":[{"href":"https:\/\/baldumarket.lt\/lt\/wp-json\/wp\/v2\/media?parent=255781"}],"wp:term":[{"taxonomy":"product_brand","embeddable":true,"href":"https:\/\/baldumarket.lt\/lt\/wp-json\/wp\/v2\/product_brand?post=255781"},{"taxonomy":"product_cat","embeddable":true,"href":"https:\/\/baldumarket.lt\/lt\/wp-json\/wp\/v2\/product_cat?post=255781"},{"taxonomy":"product_tag","embeddable":true,"href":"https:\/\/baldumarket.lt\/lt\/wp-json\/wp\/v2\/product_tag?post=255781"}],"curies":[{"name":"wp","href":"https:\/\/api.w.org\/{rel}","templated":true}]}}