{"id":255755,"date":"2026-01-10T22:37:52","date_gmt":"2026-01-10T19:37:52","guid":{"rendered":"https:\/\/baldumarket.lt\/product\/milton-ml10-polka-wiszaca-uniwersalna-lewostronna-prawostronna\/"},"modified":"2026-02-11T18:30:49","modified_gmt":"2026-02-11T15:30:49","slug":"milton-ml10-polka-wiszaca-uniwersalna-lewostronna-prawostronna","status":"publish","type":"product","link":"https:\/\/baldumarket.lt\/lt\/product\/milton-ml10-polka-wiszaca-uniwersalna-lewostronna-prawostronna\/","title":{"rendered":"MILTON ML10 UNIVERSALI PAKABINAMA LENTYNA KAIR\u0116\/DE\u0160IN\u0116"},"content":{"rendered":"<p>Pakabinama lentyna \u201eMILTON ML10\u201c \u2013 tai modernus baldas, harmoningai derinantis funkcionalum\u0105 ir elegancij\u0105. Pagaminta i\u0161 \u201eCremona Torro Oak\u201c medienos, ji yra dviej\u0173 lygi\u0173, tod\u0117l si\u016blo prakti\u0161k\u0105 erdv\u0119 knygoms, dekoracijoms ar smulkiems kasdieniams daiktams laikyti ar eksponuoti. I\u0161skirtinis lentynos bruo\u017eas \u2013 dekoratyvin\u0117 jungiamoji plok\u0161t\u0117, si\u016bloma keli\u0173 matini\u0173 spalv\u0173, suteikianti visam baldui modernumo ir sukurianti \u012fdom\u0173 kontrast\u0105 su \u0161iltu med\u017eio dekoru. \u0160is subtilus med\u017eiag\u0173 ir spalv\u0173 derinys leid\u017eia baldui puikiai der\u0117ti prie \u012fvairi\u0173 interjer\u0173 \u2013 nuo minimalistinio iki klasikinio. D\u0117l paprasto, bet i\u0161rai\u0161kingo dizaino \u201eMILTON ML10\u201c puikiai tinka svetainei, valgomajam, miegamajam ar nam\u0173 biurui \u2013 visur, kur svarbiausia estetika, tvarka ir funkcionalumas.<\/p>\n<p>Plotis 138 cm Gylis 23 cm Auk\u0161tis 46,5 cm Produkto svoris su pakuote 9,70 kg Gamintojo kodas \/ simbolis ML10 Kolekcijos pavadinimas MILTON Pavadinimas b2b sistemoje MILTON ML10 CREM OAK TORRO WHITE LENTYN\u0172 KOMPLEKTAS Produkto pakuo\u010di\u0173 skai\u010dius 2 Stilius Modernus \u012eranga Surinkimo instrukcijos \/ surinkimo priedai Surinkimas Savaranki\u0161kam surinkimui Spalvos Cremona Torro \u0105\u017euolas \/ Matin\u0117 balta Korpuso med\u017eiaga \/ tipas \/ storis 16 mm baldin\u0117 plok\u0161t\u0117 Korpuso vir\u0161utin\u0117s dalies med\u017eiaga \/ tipas \/ storis 16 mm baldin\u0117 plok\u0161t\u0117 Lentynos priekin\u0117s dalies med\u017eiaga \/ tipas \/ storis 18 mm MDF baldin\u0117 plok\u0161t\u0117 Lentynos priekin\u0117 dalis universali, kair\u0117 \/ de\u0161in\u0117 TAIP Korpuso \u012franga Reguliuojami bald\u0173 pakabos<\/p>","protected":false},"excerpt":{"rendered":"<p>Pakabinama lentyna \u201eMILTON ML10\u201c \u2013 tai modernus baldas, harmoningai derinantis funkcionalum\u0105 ir elegancij\u0105. Pagaminta i\u0161 \u201eCremona Torro Oak\u201c medienos, ji yra dviej\u0173 lygi\u0173, tod\u0117l si\u016blo prakti\u0161k\u0105 erdv\u0119 knygoms, dekoracijoms ar smulkiems kasdieniams daiktams laikyti ar eksponuoti. I\u0161skirtinis lentynos bruo\u017eas \u2013 dekoratyvin\u0117 jungiamoji plok\u0161t\u0117, kuri\u0105 galima \u012fsigyti keli\u0173 matini\u0173 spalv\u0173, [\u2026]<\/p>","protected":false},"featured_media":255756,"comment_status":"open","ping_status":"open","template":"","meta":[],"product_brand":[],"product_cat":[1174,2457],"product_tag":[],"class_list":{"0":"post-255755","1":"product","2":"type-product","3":"status-publish","4":"has-post-thumbnail","6":"product_cat-hanging-shelves","7":"product_cat-liveo","9":"first","10":"instock","11":"purchasable","12":"product-type-simple"},"_links":{"self":[{"href":"https:\/\/baldumarket.lt\/lt\/wp-json\/wp\/v2\/product\/255755","targetHints":{"allow":["GET"]}}],"collection":[{"href":"https:\/\/baldumarket.lt\/lt\/wp-json\/wp\/v2\/product"}],"about":[{"href":"https:\/\/baldumarket.lt\/lt\/wp-json\/wp\/v2\/types\/product"}],"replies":[{"embeddable":true,"href":"https:\/\/baldumarket.lt\/lt\/wp-json\/wp\/v2\/comments?post=255755"}],"wp:featuredmedia":[{"embeddable":true,"href":"https:\/\/baldumarket.lt\/lt\/wp-json\/wp\/v2\/media\/255756"}],"wp:attachment":[{"href":"https:\/\/baldumarket.lt\/lt\/wp-json\/wp\/v2\/media?parent=255755"}],"wp:term":[{"taxonomy":"product_brand","embeddable":true,"href":"https:\/\/baldumarket.lt\/lt\/wp-json\/wp\/v2\/product_brand?post=255755"},{"taxonomy":"product_cat","embeddable":true,"href":"https:\/\/baldumarket.lt\/lt\/wp-json\/wp\/v2\/product_cat?post=255755"},{"taxonomy":"product_tag","embeddable":true,"href":"https:\/\/baldumarket.lt\/lt\/wp-json\/wp\/v2\/product_tag?post=255755"}],"curies":[{"name":"wp","href":"https:\/\/api.w.org\/{rel}","templated":true}]}}