{"id":255748,"date":"2026-01-10T22:37:49","date_gmt":"2026-01-10T19:37:49","guid":{"rendered":"https:\/\/baldumarket.lt\/product\/milton-ml09-polka-wiszaca\/"},"modified":"2026-02-11T18:30:49","modified_gmt":"2026-02-11T15:30:49","slug":"milton-ml09-polka-wiszaca","status":"publish","type":"product","link":"https:\/\/baldumarket.lt\/lt\/product\/milton-ml09-polka-wiszaca\/","title":{"rendered":"MILTON ML09 PAKABINAMA LENTYNA"},"content":{"rendered":"<p>Pakabinama lentyna MILTON ML09, pagaminta i\u0161 \u201eCremona Torro Oak\u201c spalvos, yra paprastas, ta\u010diau eleganti\u0161kas pasirinkimas, puikiai papildantis modern\u0173 interjer\u0105. Nat\u016bralus \u0105\u017euolo atspalvis suteikia erdvei \u0161ilt\u0105 ir jauki\u0105 atmosfer\u0105, o minimalistinis dizainas \u2013 universalus baldas, lengvai pritaikomas \u012fvairiems interjero stiliams. Lentyna suteikia prakti\u0161k\u0105 erdv\u0119 dekoracijoms, knygoms ar kitiems nieku\u010diams eksponuoti, subtiliai papuo\u0161dama bet kur\u012f kambar\u012f.<\/p>\n<p>Plotis 163,5 cm Gylis 23,5 cm Auk\u0161tis 22 cm Produkto svoris su pakuote 9,35 kg Gamintojo kodas \/ simbolis ML09 Kolekcijos pavadinimas MILTON Pavadinimas b2b sistemoje MILTON ML09 CREM OAK TORRO LENTYN\u0172 KOMPLEKTAS Produkto pakuo\u010di\u0173 skai\u010dius 1 Stilius Modernus \u012eranga Surinkimo instrukcijos \/ surinkimo priedai Surinkimas Savaranki\u0161kam surinkimui Spalvos Cremona Torro Oak Korpuso med\u017eiaga \/ tipas \/ storis 16 mm bald\u0173 plok\u0161t\u0117 Korpuso vir\u0161utin\u0117s dalies med\u017eiaga \/ tipas \/ storis 16 mm bald\u0173 plok\u0161t\u0117 Korpuso \u012franga Reguliuojami bald\u0173 pakabos<\/p>","protected":false},"excerpt":{"rendered":"<p>Pakabinama lentyna MILTON ML09 i\u0161 \u201eCremona Torro Oak\u201c \u2013 tai paprastas, bet eleganti\u0161kas pasirinkimas, puikiai papildantis modern\u0173 interjer\u0105. Nat\u016bralus \u0105\u017euolo atspalvis suteikia erdvei \u0161ilt\u0105 ir jauki\u0105 atmosfer\u0105, o minimalistinis dizainas \u2013 universalus baldas, lengvai pritaikomas \u012fvairiems interjero stiliams. Lentyna suteikia prakti\u0161k\u0105 erdv\u0119 [\u2026]<\/p>","protected":false},"featured_media":255696,"comment_status":"open","ping_status":"open","template":"","meta":[],"product_brand":[],"product_cat":[1174,2457],"product_tag":[],"class_list":{"0":"post-255748","1":"product","2":"type-product","3":"status-publish","4":"has-post-thumbnail","6":"product_cat-hanging-shelves","7":"product_cat-liveo","9":"first","10":"instock","11":"purchasable","12":"product-type-simple"},"_links":{"self":[{"href":"https:\/\/baldumarket.lt\/lt\/wp-json\/wp\/v2\/product\/255748","targetHints":{"allow":["GET"]}}],"collection":[{"href":"https:\/\/baldumarket.lt\/lt\/wp-json\/wp\/v2\/product"}],"about":[{"href":"https:\/\/baldumarket.lt\/lt\/wp-json\/wp\/v2\/types\/product"}],"replies":[{"embeddable":true,"href":"https:\/\/baldumarket.lt\/lt\/wp-json\/wp\/v2\/comments?post=255748"}],"wp:featuredmedia":[{"embeddable":true,"href":"https:\/\/baldumarket.lt\/lt\/wp-json\/wp\/v2\/media\/255696"}],"wp:attachment":[{"href":"https:\/\/baldumarket.lt\/lt\/wp-json\/wp\/v2\/media?parent=255748"}],"wp:term":[{"taxonomy":"product_brand","embeddable":true,"href":"https:\/\/baldumarket.lt\/lt\/wp-json\/wp\/v2\/product_brand?post=255748"},{"taxonomy":"product_cat","embeddable":true,"href":"https:\/\/baldumarket.lt\/lt\/wp-json\/wp\/v2\/product_cat?post=255748"},{"taxonomy":"product_tag","embeddable":true,"href":"https:\/\/baldumarket.lt\/lt\/wp-json\/wp\/v2\/product_tag?post=255748"}],"curies":[{"name":"wp","href":"https:\/\/api.w.org\/{rel}","templated":true}]}}