{"id":255720,"date":"2026-01-10T22:37:37","date_gmt":"2026-01-10T19:37:37","guid":{"rendered":"https:\/\/baldumarket.lt\/product\/milton-ml08-szafa\/"},"modified":"2026-02-11T18:30:49","modified_gmt":"2026-02-11T15:30:49","slug":"milton-ml08-szafa","status":"publish","type":"product","link":"https:\/\/baldumarket.lt\/lt\/product\/milton-ml08-szafa\/","title":{"rendered":"MILTON ML08 DRABU\u017dIN\u0116"},"content":{"rendered":"<p>Drabu\u017ein\u0117 MILTON ML08 2-D \u2013 eleganti\u0161kas ir funkcionalus MILTON kolekcijos papildymas, sukurtas galvojant apie modern\u0173 ir stiling\u0105 interjer\u0105. D\u0117l apgalvoto dizaino ji maksimaliai i\u0161naudoja erdv\u0119 daiktams susid\u0117ti \u2013 viduje yra drabu\u017ei\u0173 kabykla, puikiai tinkanti pakaboms, ir prakti\u0161kos lentynos, padedan\u010dios sutvarkyti drabu\u017eius ir kitus kasdienius daiktus. Matin\u0117s MDF plok\u0161t\u0117s fasadai, si\u016blomi \u012fvairi\u0173 spalv\u0173, atrodo eleganti\u0161kai ir subtiliai, o d\u0117l savo paprastumo lengvai integruojasi tiek \u012f minimalistin\u012f, tiek \u012f klasikin\u012f interjer\u0105. Modernios auksin\u0117s ranken\u0117l\u0117s suteikia stiling\u0105 akcent\u0105. \u201eCremona Torro Oak\u201c apdaila suteikia drabu\u017eiui nat\u016bralumo, \u0161ilumos, harmoningai kontrastuoja su fasad\u0173 spalvomis. D\u0117l \u0161velnaus u\u017edarymo sistemos spintos durys u\u017esidaro skland\u017eiai ir tyliai, tod\u0117l kasdienis naudojimas yra patogesnis. Drabu\u017ein\u0117 ML08 puikiai tinka tiek miegamajam, tiek prie\u0161kambariui, derindama estetik\u0105 su prakti\u0161kumu.<\/p>\n<p>Plotis 95 cm Gylis 55,5 cm Auk\u0161tis 193,5 cm Produkto svoris su pakuote 84,60 kg Gamintojo kodas \/ simbolis ML08 Kolekcijos pavadinimas MILTON Pavadinimas b2b sistemoje MILTON ML08 CREM OAK TORRO ANTHACITE WARDROBE 2D SET Produkto pakuo\u010di\u0173 skai\u010dius 3 Stilius Modernus \u012eranga Surinkimo instrukcijos \/ surinkimo priedai Surinkimas Savaranki\u0161kam surinkimui Korpuso spalva Cremona Torro Oak Korpuso med\u017eiaga \/ tipas \/ storis 16 mm baldin\u0117 plok\u0161t\u0117 Vir\u0161utinio korpuso vir\u0161utinio sluoksnio med\u017eiaga \/ tipas \/ storis 16 mm baldin\u0117 plok\u0161t\u0117 Apatinio korpuso vir\u0161utinio sluoksnio med\u017eiaga \/ tipas \/ storis 16 mm baldin\u0117 plok\u0161t\u0117 Korpuso pagrindo med\u017eiaga \/ tipas \/ storis 32 mm baldin\u0117 plok\u0161t\u0117 (2 x 16) Lentyn\u0173 spalva Cremona Torro Oak Lentyn\u0173 med\u017eiaga \/ tipas \/ storis 16 mm baldin\u0117 plok\u0161t\u0117 Lentyn\u0173 kiekis 2 Galin\u0117s sienel\u0117s med\u017eiaga \/ tipas \/ storis 2,5 mm HDF baldin\u0117 plok\u0161t\u0117 Galin\u0117s sienel\u0117s matomos dalies spalva Artisan Oak Priekin\u0117 spalva Matin\u0117 antracito spalvos Priekin\u0117s apdailos med\u017eiaga \/ tipas \/ storis 18 mm MDF baldin\u0117 plok\u0161t\u0117 Priekinis vyris \u2300 35 mm, reguliuojamas trijose plok\u0161tumose Priekin\u0117 rankena \/ apdaila \/ spalva Aliuminis \/ Auksin\u0117 \u0160velnaus u\u017edarymo dur\u0173 sistema Standarti\u0161kai Kojel\u0117 \/ apdaila \/ spalva Nereguliuojama \/ Bald\u0173 slankiklis \/ plastikas \/ Juoda Dureli\u0173 skai\u010dius 4 U\u017edar\u0173 ni\u0161\u0173 skai\u010dius 5 Korpuso \u012franga Standarti\u0161kai 1 pakaba<\/p>","protected":false},"excerpt":{"rendered":"<p>MILTON ML08 2-D spinta yra eleganti\u0161kas ir funkcionalus MILTON kolekcijos papildymas, sukurtas galvojant apie modern\u0173 ir stiling\u0105 interjer\u0105. Jos apgalvotas dizainas maksimaliai padidina erdv\u0119 daiktams susid\u0117ti \u2013 viduje yra drabu\u017ei\u0173 kabykla, puikiai tinkanti pakaboms, ir prakti\u0161kos lentynos, kurios padeda sutvarkyti drabu\u017eius ir kitus kasdienius daiktus. Matiniai MDF fasadai, prieinami [\u2026]<\/p>","protected":false},"featured_media":255721,"comment_status":"open","ping_status":"open","template":"","meta":[],"product_brand":[],"product_cat":[2457,1177],"product_tag":[],"class_list":{"0":"post-255720","1":"product","2":"type-product","3":"status-publish","4":"has-post-thumbnail","6":"product_cat-liveo","7":"product_cat-wardrobes","9":"first","10":"instock","11":"purchasable","12":"product-type-simple"},"_links":{"self":[{"href":"https:\/\/baldumarket.lt\/lt\/wp-json\/wp\/v2\/product\/255720","targetHints":{"allow":["GET"]}}],"collection":[{"href":"https:\/\/baldumarket.lt\/lt\/wp-json\/wp\/v2\/product"}],"about":[{"href":"https:\/\/baldumarket.lt\/lt\/wp-json\/wp\/v2\/types\/product"}],"replies":[{"embeddable":true,"href":"https:\/\/baldumarket.lt\/lt\/wp-json\/wp\/v2\/comments?post=255720"}],"wp:featuredmedia":[{"embeddable":true,"href":"https:\/\/baldumarket.lt\/lt\/wp-json\/wp\/v2\/media\/255721"}],"wp:attachment":[{"href":"https:\/\/baldumarket.lt\/lt\/wp-json\/wp\/v2\/media?parent=255720"}],"wp:term":[{"taxonomy":"product_brand","embeddable":true,"href":"https:\/\/baldumarket.lt\/lt\/wp-json\/wp\/v2\/product_brand?post=255720"},{"taxonomy":"product_cat","embeddable":true,"href":"https:\/\/baldumarket.lt\/lt\/wp-json\/wp\/v2\/product_cat?post=255720"},{"taxonomy":"product_tag","embeddable":true,"href":"https:\/\/baldumarket.lt\/lt\/wp-json\/wp\/v2\/product_tag?post=255720"}],"curies":[{"name":"wp","href":"https:\/\/api.w.org\/{rel}","templated":true}]}}