{"id":255689,"date":"2026-01-10T22:37:24","date_gmt":"2026-01-10T19:37:24","guid":{"rendered":"https:\/\/baldumarket.lt\/product\/milton-ml07-szafka-l-p\/"},"modified":"2026-02-11T18:30:49","modified_gmt":"2026-02-11T15:30:49","slug":"milton-ml07-szafka-l-p","status":"publish","type":"product","link":"https:\/\/baldumarket.lt\/lt\/product\/milton-ml07-szafka-l-p\/","title":{"rendered":"MILTON ML07 SPINTEL\u0116 K\/D"},"content":{"rendered":"<p>\u201eMILTON ML07\u201c spintel\u0117 \u2013 eleganti\u0161kas ir funkcionalus \u201eMILTON\u201c kolekcijos papildymas, puikiai tinkantis moderniam interjerui, kuriame dera erdv\u0117 ir estetika. Auk\u0161ta, rakinama konstrukcija sukurta maksimaliam talpumui \u2013 vidin\u0117s lentynos puikiai tinka knygoms, dokumentams ir kasdieniams aksesuarams laikyti, u\u017etikrinant tvark\u0105 ir lengv\u0105 prieig\u0105 prie turinio. Matiniai MDF fasadai, si\u016blomi \u012fvairi\u0173 prislopint\u0173 spalv\u0173, pasi\u017eymi subtiliu frezavimu, kuris pabr\u0117\u017eia modern\u0173, ta\u010diau nesenstant\u012f baldo charakter\u012f. Stilingos auksin\u0117s ranken\u0117l\u0117s suteikia eleganti\u0161k\u0105 apdail\u0105. \u201eCremona Torro Oak\u201c korpusas suteikia erdvei nat\u016bralios \u0161ilumos ir harmoningai papildo fasad\u0173 spalvas, sukurdamas moderni\u0105, ta\u010diau jauki\u0105 kompozicij\u0105. Spintel\u0117 apr\u016bpinta \u0161velnaus u\u017edarymo sistema, u\u017etikrinan\u010dia i\u0161skirtin\u012f komfort\u0105. Tai puikus pasirinkimas svetainei, biurui ar prie\u0161kambariui \u2013 visur, kur svarbiausia yra stilius, funkcionalumas ir auk\u0161tos kokyb\u0117s meistri\u0161kumas.<\/p>\n<p>Plotis 54,5 cm Gylis 40,5 cm Auk\u0161tis 193,5 cm Produkto svoris su pakuote 49,00 kg Gamintojo kodas \/ simbolis ML07 Kolekcijos pavadinimas MILTON Pavadinimas b2b sistemoje MILTON ML07 KREMINIS \u0104\u017dUOLAS TORRO PILKAS SPINTEL\u0116 L\/P KOMPLEKTAS Produkto pakuo\u010di\u0173 skai\u010dius 3 Stilius Modernus \u012eranga Surinkimo instrukcijos \/ surinkimo priedai Surinkimui Savaranki\u0161kam surinkimui Korpuso spalva Cremona Torro Oak Korpuso med\u017eiaga \/ tipas \/ storis 16 mm baldin\u0117 plok\u0161t\u0117 Vir\u0161utinio korpuso vir\u0161utinio sluoksnio med\u017eiaga \/ tipas \/ storis 16 mm baldin\u0117 plok\u0161t\u0117 Apatinio korpuso vir\u0161utinio sluoksnio med\u017eiaga \/ tipas \/ storis 16 mm baldin\u0117 plok\u0161t\u0117 Korpuso pagrindo med\u017eiaga \/ tipas \/ storis 32 mm baldin\u0117 plok\u0161t\u0117 (2 x 16) Lentyn\u0173 spalva Cremona Torro Oak Lentyn\u0173 med\u017eiaga \/ tipas \/ storis 16 mm baldin\u0117 plok\u0161t\u0117 Lentyn\u0173 kiekis 3 Galin\u0117s sienel\u0117s med\u017eiaga \/ tipas \/ storis 2,5 mm HDF baldin\u0117 plok\u0161t\u0117 Galin\u0117s sienel\u0117s matomos dalies spalva Artisan Oak Priekin\u0117 spalva Matin\u0117 pilka Priekin\u0117s apdailos med\u017eiaga \/ tipas \/ storis 18 mm MDF baldin\u0117 plok\u0161t\u0117 Priekinis vyris \u2300 35 mm reguliuojamas trijose plok\u0161tumose Priekinis universalus atidarymas kairysis \/ de\u0161in\u0117je TAIP Priekin\u0117 rankena \/ apdaila \/ spalva Aliuminis \/ Auksin\u0117 \u0160velnaus u\u017edarymo dur\u0173 sistema Standartin\u0117 komplektacija Kojel\u0117 \/ apdaila \/ spalva Nereguliuojama \/ Bald\u0173 b\u0117gelis \/ plastikin\u0117 \/ Juoda Dureli\u0173 skai\u010dius 2 U\u017edar\u0173 ni\u0161\u0173 skai\u010dius 5<\/p>","protected":false},"excerpt":{"rendered":"<p>MILTON ML07 spintel\u0117 yra eleganti\u0161kas ir funkcionalus MILTON kolekcijos papildymas, puikiai tinkantis moderniam interjerui, kuriame dera erdv\u0117 ir estetika. Auk\u0161ta, rakinama konstrukcija sukurta maksimaliam talpumui \u2013 vidin\u0117s lentynos puikiai tinka knygoms, dokumentams ir kasdieniams aksesuarams laikyti, u\u017etikrinant tvark\u0105 ir lengv\u0105 prieig\u0105 prie turinio. Matinis [\u2026]<\/p>","protected":false},"featured_media":255690,"comment_status":"open","ping_status":"open","template":"","meta":[],"product_brand":[],"product_cat":[2457,1177],"product_tag":[],"class_list":{"0":"post-255689","1":"product","2":"type-product","3":"status-publish","4":"has-post-thumbnail","6":"product_cat-liveo","7":"product_cat-wardrobes","9":"first","10":"instock","11":"purchasable","12":"product-type-simple"},"_links":{"self":[{"href":"https:\/\/baldumarket.lt\/lt\/wp-json\/wp\/v2\/product\/255689","targetHints":{"allow":["GET"]}}],"collection":[{"href":"https:\/\/baldumarket.lt\/lt\/wp-json\/wp\/v2\/product"}],"about":[{"href":"https:\/\/baldumarket.lt\/lt\/wp-json\/wp\/v2\/types\/product"}],"replies":[{"embeddable":true,"href":"https:\/\/baldumarket.lt\/lt\/wp-json\/wp\/v2\/comments?post=255689"}],"wp:featuredmedia":[{"embeddable":true,"href":"https:\/\/baldumarket.lt\/lt\/wp-json\/wp\/v2\/media\/255690"}],"wp:attachment":[{"href":"https:\/\/baldumarket.lt\/lt\/wp-json\/wp\/v2\/media?parent=255689"}],"wp:term":[{"taxonomy":"product_brand","embeddable":true,"href":"https:\/\/baldumarket.lt\/lt\/wp-json\/wp\/v2\/product_brand?post=255689"},{"taxonomy":"product_cat","embeddable":true,"href":"https:\/\/baldumarket.lt\/lt\/wp-json\/wp\/v2\/product_cat?post=255689"},{"taxonomy":"product_tag","embeddable":true,"href":"https:\/\/baldumarket.lt\/lt\/wp-json\/wp\/v2\/product_tag?post=255689"}],"curies":[{"name":"wp","href":"https:\/\/api.w.org\/{rel}","templated":true}]}}