{"id":255682,"date":"2026-01-10T22:37:21","date_gmt":"2026-01-10T19:37:21","guid":{"rendered":"https:\/\/baldumarket.lt\/product\/milton-ml06-witryna-4\/"},"modified":"2026-02-11T18:30:50","modified_gmt":"2026-02-11T15:30:50","slug":"milton-ml06-witryna-4","status":"publish","type":"product","link":"https:\/\/baldumarket.lt\/lt\/product\/milton-ml06-witryna-4\/","title":{"rendered":"MILTON ML06 VITRINA"},"content":{"rendered":"<p>\u201eMILTON\u201c kolekcijos vitrina \u201eML06\u201c yra i\u0161pl\u0117stin\u0117 \u201eML05\u201c modelio versija, kurioje dera modernus dizainas ir maksimalus funkcionalumas. Matin\u0117s MDF plok\u0161t\u0117s, kurias galima \u012fsigyti \u012fvairi\u0173 spalv\u0173, apa\u010dioje yra subtilios vertikalios frezos, suteikian\u010dios elegancijos. Minimalistin\u0117s auksin\u0117s ranken\u0117l\u0117s suteikia stiling\u0105 u\u017ebaigtum\u0105, o pasirenkamas LED ap\u0161vietimas vitrinos srityje pabr\u0117\u017eia moderni\u0105 form\u0105 ir sukuria jauki\u0105 atmosfer\u0105. Stiklin\u0117 vir\u0161utin\u0117 dalis puikiai tinka dekoracijoms, stikliniams indams ar kolekciniams daiktams eksponuoti, o u\u017erakinamos apatin\u0117s spintel\u0117s suteikia daug vietos daiktams susid\u0117ti, padedan\u010dios visk\u0105 tvarkingai laikyti. \u201eCremona Torro Oak\u201c apdaila suteikia vizualin\u0117s \u0161ilumos ir gra\u017eiai dera su bet kokia fasad\u0173 spalva, sukurdama darni\u0105 ir eleganti\u0161k\u0105 kompozicij\u0105. D\u0117l \u0161velnaus u\u017edarymo sistemos vitrina yra patogi ir tyli naudoti. \u0160is baldas puikiai tiks svetain\u0117je, valgomajame ar modernioje virtuv\u0117je, suteikdamas interjerui harmonijos, klas\u0117s ir nesenstan\u010dio stiliaus.<\/p>\n<p>Plotis 88,5 cm Gylis 40,5 cm Auk\u0161tis 193,5 cm Produkto svoris su pakuote 73,65 kg Gamintojo kodas \/ simbolis ML06 Kolekcijos pavadinimas MILTON Pavadinimas b2b sistemoje MILTON ML06 \u0104\u017dUOLO KREMO TORRO KA\u0160MYRO VITRININ\u0116 SPINTEL\u0116 KOMPLEKTAS Produkto pakuo\u010di\u0173 skai\u010dius 3 Stilius Moderni \u012franga Surinkimo instrukcijos \/ surinkimo priedai Surinkimas Savaranki\u0161kam surinkimui Korpuso spalva Cremona Torro Oak Korpuso med\u017eiaga \/ tipas \/ storis Bald\u0173 plok\u0161t\u0117 16 mm Vir\u0161utinio korpuso vir\u0161utinio sluoksnio med\u017eiaga \/ tipas \/ storis Bald\u0173 plok\u0161t\u0117 16 mm Apatinio korpuso vir\u0161utinio sluoksnio med\u017eiaga \/ tipas \/ storis Bald\u0173 plok\u0161t\u0117 16 mm Pagrindo korpuso med\u017eiaga \/ tipas \/ storis Bald\u0173 plok\u0161t\u0117 (2 x 16) 32 mm Lentyn\u0173 spalva Cremona Torro Oak Lentyn\u0173 med\u017eiaga \/ tipas \/ storis Bald\u0173 plok\u0161t\u0117 16 mm Lentyn\u0173 kiekis 4 Galin\u0117s sienel\u0117s med\u017eiaga \/ tipas \/ storis: 2,5 mm HDF bald\u0173 plok\u0161t\u0117 Galin\u0117 sienel\u0117 \u2013 matoma dalis \u2013 Artisan Oak spalva Priekin\u0117 sienel\u0117 \u2013 Ka\u0161myro matin\u0117 spalva Priekin\u0117 apdaila \u2013 med\u017eiaga \/ tipas \/ storis: 18 mm MDF bald\u0173 plok\u0161t\u0117 Priekinis vyris \u2300 35 mm, Reguliuojama trijose plok\u0161tumose Priekin\u0117 rankena \/ apdaila \/ spalva Aliuminis \/ Auksin\u0117 Glaz\u016bruota priekin\u0117 apdaila \/ stiklo spalva Gr\u016bdintas \/ Antisol grafitas Glaz\u016bruota priekin\u0117 dalis \u2013 stiklo storis 4 mm Stiklin\u0117 lentyna \u2013 stiklo spalva Bespalv\u0117 Stiklin\u0117 lentyna \u2013 stiklo storis 5 mm Stiklini\u0173 lentyn\u0173 kiekis 2 \u0160velnaus u\u017edarymo dureli\u0173 sistema Standartin\u0117 komplektacija Kojel\u0117 \/ apdaila \/ spalva Nereguliuojama \/ Bald\u0173 slankiklis \/ plastikas \/ juoda Dureli\u0173 skai\u010dius 4 U\u017edar\u0173 ni\u0161\u0173 skai\u010dius u\u017e priekinio stiklo 3 U\u017edar\u0173 ni\u0161\u0173 skai\u010dius 7<\/p>","protected":false},"excerpt":{"rendered":"<p>\u201eMILTON\u201c kolekcijos vitrina \u201eML06\u201c yra i\u0161pl\u0117stin\u0117 \u201eML05\u201c modelio versija, kurioje modernus dizainas derinamas su maksimaliu funkcionalumu. Matiniai MDF fasadai \u2013 \u012fvairi\u0173 spalv\u0173 \u2013 apa\u010dioje puo\u0161ti subtiliu vertikaliu frezavimu, suteikian\u010diu elegancijos. Minimalistin\u0117s auksin\u0117s ranken\u0117l\u0117s suteikia stiling\u0105 u\u017ebaigtum\u0105, [\u2026]<\/p>","protected":false},"featured_media":255683,"comment_status":"open","ping_status":"open","template":"","meta":[],"product_brand":[],"product_cat":[2457,2006],"product_tag":[],"class_list":{"0":"post-255682","1":"product","2":"type-product","3":"status-publish","4":"has-post-thumbnail","6":"product_cat-liveo","7":"product_cat-vitrines","9":"first","10":"instock","11":"purchasable","12":"product-type-simple"},"_links":{"self":[{"href":"https:\/\/baldumarket.lt\/lt\/wp-json\/wp\/v2\/product\/255682","targetHints":{"allow":["GET"]}}],"collection":[{"href":"https:\/\/baldumarket.lt\/lt\/wp-json\/wp\/v2\/product"}],"about":[{"href":"https:\/\/baldumarket.lt\/lt\/wp-json\/wp\/v2\/types\/product"}],"replies":[{"embeddable":true,"href":"https:\/\/baldumarket.lt\/lt\/wp-json\/wp\/v2\/comments?post=255682"}],"wp:featuredmedia":[{"embeddable":true,"href":"https:\/\/baldumarket.lt\/lt\/wp-json\/wp\/v2\/media\/255683"}],"wp:attachment":[{"href":"https:\/\/baldumarket.lt\/lt\/wp-json\/wp\/v2\/media?parent=255682"}],"wp:term":[{"taxonomy":"product_brand","embeddable":true,"href":"https:\/\/baldumarket.lt\/lt\/wp-json\/wp\/v2\/product_brand?post=255682"},{"taxonomy":"product_cat","embeddable":true,"href":"https:\/\/baldumarket.lt\/lt\/wp-json\/wp\/v2\/product_cat?post=255682"},{"taxonomy":"product_tag","embeddable":true,"href":"https:\/\/baldumarket.lt\/lt\/wp-json\/wp\/v2\/product_tag?post=255682"}],"curies":[{"name":"wp","href":"https:\/\/api.w.org\/{rel}","templated":true}]}}