{"id":255654,"date":"2026-01-10T22:37:07","date_gmt":"2026-01-10T19:37:07","guid":{"rendered":"https:\/\/baldumarket.lt\/product\/milton-ml05-witryna-l-p-4\/"},"modified":"2026-02-11T18:30:50","modified_gmt":"2026-02-11T15:30:50","slug":"milton-ml05-witryna-l-p-4","status":"publish","type":"product","link":"https:\/\/baldumarket.lt\/lt\/product\/milton-ml05-witryna-l-p-4\/","title":{"rendered":"MILTON ML05 EKRANAS K\/D"},"content":{"rendered":"<p>\u201eMILTON\u201c kolekcijos \u201eML05\u201c vitrina yra auk\u0161tesn\u0117s klas\u0117s \u201eML04\u201c modelio versija, pasi\u017eyminti dar daugiau elegancijos ir funkcionalumo. Matiniai MDF fasadai, si\u016blomi \u012fvairi\u0173 mading\u0173 spalv\u0173, apa\u010dioje pary\u0161kinti subtiliu vertikaliu frezavimu, suteikian\u010diu baldui modern\u0173, ta\u010diau rafinuot\u0105 charakter\u012f. Minimalistin\u0117s auksin\u0117s ranken\u0117l\u0117s suteikia elegancijos, o pasirenkamas LED ap\u0161vietimas vitrinos srityje sukuria maloni\u0105, atmosferin\u0119 atmosfer\u0105. Vir\u0161utin\u0117, \u012fstiklinta spintel\u0117s dalis leid\u017eia efektyviai eksponuoti dekoracijas, stiklinius indus ar atminimo daiktus, o u\u017erakinamos spintel\u0117s apatin\u0117je dalyje si\u016blo erdvi\u0105 ir prakti\u0161k\u0105 daikt\u0173 laikymo viet\u0105. \u201eCremona Torro Oak\u201c korpusas suteikia \u0161ilt\u0105, nat\u016bral\u0173 akcent\u0105 ir dera prie bet kokios fasad\u0173 spalv\u0173 schemos, sukurdamas harmoning\u0105 ir esteti\u0161kai patraukli\u0105 visum\u0105. Vitrina apr\u016bpinta \u0161velnaus u\u017edarymo sistema, u\u017etikrinan\u010dia auk\u0161t\u0105 naudojimo komfort\u0105. Tai puikus baldas svetainei, valgomajam ar virtuvei, derinantis stili\u0173, funkcionalum\u0105 ir nesenstant\u012f elegancij\u0105.<\/p>\n<p>Plotis 54,5 cm Gylis 40,5 cm Auk\u0161tis 193,5 cm Produkto svoris su pakuote 47,25 kg Gamintojo kodas \/ simbolis ML05 Kolekcijos pavadinimas MILTON Pavadinimas b2b sistemoje MILTON ML05 \u0104\u017dUOLO KREMINIO TORRO KA\u0160MYRO VITRININ\u0116 SPINTEL\u0116 L\/P KOMPLEKTAS Produkto pakuo\u010di\u0173 skai\u010dius 3 Stilius Moderni \u012franga Surinkimo instrukcijos \/ surinkimo priedai Surinkimui Savaranki\u0161kam surinkimui Korpuso spalva Cremona Torro Oak Korpuso med\u017eiaga \/ tipas \/ storis 16 mm baldin\u0117 plok\u0161t\u0117 Vir\u0161utinio korpuso vir\u0161utinio sluoksnio med\u017eiaga \/ tipas \/ storis 16 mm baldin\u0117 plok\u0161t\u0117 Apatinio korpuso vir\u0161utinio sluoksnio med\u017eiaga \/ tipas \/ storis 16 mm baldin\u0117 plok\u0161t\u0117 Pagrindo med\u017eiaga \/ tipas \/ storis 32 mm baldin\u0117 plok\u0161t\u0117 (2 x 16) Lentyn\u0173 spalva Cremona Torro Oak Lentyn\u0173 med\u017eiaga \/ tipas \/ storis 16 mm baldin\u0117 plok\u0161t\u0117 Lentyn\u0173 kiekis 1 Galin\u0117s sienel\u0117s med\u017eiaga \/ tipas \/ storis HDF baldin\u0117 plok\u0161t\u0117 2,5 mm Galin\u0117s sienel\u0117s matomos dalies spalva Artisan Oak Priekin\u0117 spalva Cashmere Matt Priekin\u0117 med\u017eiaga \/ tipas \/ storis MDF baldin\u0117 plok\u0161t\u0117 18 mm Priekinis vyris \u2300 35 mm, reguliuojamas trijose plok\u0161tumose Priekinis Universalus atidarymas kairysis \/ de\u0161inysis TAIP Priekin\u0117 rankena \/ med\u017eiaga \/ spalva Aliuminis \/ Auksas Glaz\u016bruotos priekin\u0117s dalies med\u017eiaga \/ stiklo spalva Gr\u016bdintas \/ Antisol grafitas Glaz\u016bruoto priekinio stiklo storis 4 mm Stiklin\u0117s lentynos stiklo spalva Bespalv\u0117 Stiklin\u0117s lentynos stiklo storis 5 mm Stiklini\u0173 lentyn\u0173 kiekis 2 \u0160velnaus u\u017edarymo dureli\u0173 sistema Standartinis komplektas Kojel\u0117 \/ med\u017eiaga \/ spalva Nereguliuojama \/ Bald\u0173 slankiklis \/ plastikas \/ Juoda Dureli\u0173 skai\u010dius 2 U\u017edar\u0173 ni\u0161\u0173 skai\u010dius u\u017e priekinio stiklo 3 U\u017edar\u0173 ni\u0161\u0173 skai\u010dius 2<\/p>","protected":false},"excerpt":{"rendered":"<p>\u201eMILTON\u201c kolekcijos vitrina \u201eML05\u201c yra auk\u0161tesn\u0117s klas\u0117s \u201eML04\u201c modelio versija, pasi\u017eyminti dar daugiau elegancijos ir funkcionalumo. Matiniai MDF fasadai, kuriuos galima \u012fsigyti \u012fvairi\u0173 mading\u0173 spalv\u0173, apa\u010dioje yra pary\u0161kinti subtiliu, vertikaliu frezavimu, suteikian\u010diu baldui modern\u0173, ta\u010diau rafinuot\u0105 charakter\u012f. Minimalistin\u0117s auksin\u0117s ranken\u0117l\u0117s suteikia elegancijos, o pasirinktinai [\u2026]<\/p>","protected":false},"featured_media":255655,"comment_status":"open","ping_status":"open","template":"","meta":[],"product_brand":[],"product_cat":[2457,2006],"product_tag":[],"class_list":{"0":"post-255654","1":"product","2":"type-product","3":"status-publish","4":"has-post-thumbnail","6":"product_cat-liveo","7":"product_cat-vitrines","9":"first","10":"instock","11":"purchasable","12":"product-type-simple"},"_links":{"self":[{"href":"https:\/\/baldumarket.lt\/lt\/wp-json\/wp\/v2\/product\/255654","targetHints":{"allow":["GET"]}}],"collection":[{"href":"https:\/\/baldumarket.lt\/lt\/wp-json\/wp\/v2\/product"}],"about":[{"href":"https:\/\/baldumarket.lt\/lt\/wp-json\/wp\/v2\/types\/product"}],"replies":[{"embeddable":true,"href":"https:\/\/baldumarket.lt\/lt\/wp-json\/wp\/v2\/comments?post=255654"}],"wp:featuredmedia":[{"embeddable":true,"href":"https:\/\/baldumarket.lt\/lt\/wp-json\/wp\/v2\/media\/255655"}],"wp:attachment":[{"href":"https:\/\/baldumarket.lt\/lt\/wp-json\/wp\/v2\/media?parent=255654"}],"wp:term":[{"taxonomy":"product_brand","embeddable":true,"href":"https:\/\/baldumarket.lt\/lt\/wp-json\/wp\/v2\/product_brand?post=255654"},{"taxonomy":"product_cat","embeddable":true,"href":"https:\/\/baldumarket.lt\/lt\/wp-json\/wp\/v2\/product_cat?post=255654"},{"taxonomy":"product_tag","embeddable":true,"href":"https:\/\/baldumarket.lt\/lt\/wp-json\/wp\/v2\/product_tag?post=255654"}],"curies":[{"name":"wp","href":"https:\/\/api.w.org\/{rel}","templated":true}]}}