{"id":255625,"date":"2026-01-10T22:36:54","date_gmt":"2026-01-10T19:36:54","guid":{"rendered":"https:\/\/baldumarket.lt\/product\/milton-ml04-witryna-niska-4\/"},"modified":"2026-02-11T18:30:50","modified_gmt":"2026-02-11T15:30:50","slug":"milton-ml04-witryna-niska-4","status":"publish","type":"product","link":"https:\/\/baldumarket.lt\/lt\/product\/milton-ml04-witryna-niska-4\/","title":{"rendered":"\u017dEMA VITRINA MILTON ML04"},"content":{"rendered":"<p>MILTON kolekcijos vitrina ML04 \u2013 tai tobulas estetikos ir funkcionalumo derinys, sukurtas galvojant apie modern\u0173 interjer\u0105. Matin\u0117s MDF plok\u0161t\u0117s fasadai, si\u016blomi \u012fvairi\u0173 eleganti\u0161k\u0173 spalv\u0173, apa\u010dioje puo\u0161ti subtiliais, vertikaliais frezavimais, kurie traukia d\u0117mes\u012f ir suteikia baldui unikal\u0173 charakter\u012f. Minimalistin\u0117s auksin\u0117s ranken\u0117l\u0117s pabr\u0117\u017eia rafinuot\u0105 stili\u0173, o pasirenkamas LED ap\u0161vietimas vitrinos srityje sukuria jauki\u0105 atmosfer\u0105. Stiklin\u0117 vir\u0161utin\u0117 dalis puikiai tinka stalo \u012frankiams, stikliniams indams ar dekoratyviniams aksesuarams eksponuoti, o apatin\u0117je dalyje esan\u010dios u\u017erakinamos spintel\u0117s si\u016blo funkcionali\u0105 daikt\u0173 laikymo viet\u0105. \u201eCremona Torro Oak\u201c korpusas suteikia \u0161ilumos bendrai kompozicijai ir puikiai papildo \u012fvairi\u0105 fasad\u0173 spalv\u0173 palet\u0119, sukurdamas darni\u0105 ir harmoning\u0105 visum\u0105. Vitrina apr\u016bpinta \u0161velnaus u\u017edarymo sistema, u\u017etikrinan\u010dia patog\u0173 kasdien\u012f naudojim\u0105. Ji idealiai tiks svetainei, valgomajam ar erdviai virtuvei, suteikdama interjerui stiliaus, elegancijos ir prakti\u0161kumo.<\/p>\n<p>Plotis 95 cm Gylis 40,5 cm Auk\u0161tis 135 cm Produkto svoris su pakuote 55,00 kg Gamintojo kodas \/ simbolis ML04 Kolekcijos pavadinimas MILTON Pavadinimas b2b sistemoje MILTON ML04 \u0104\u017dUOLO KREMIN\u0116 TORRO KA\u0160MYRO \u017dEMA VITRIN\u0116 K Produkto pakuo\u010di\u0173 skai\u010dius 3 Stilius Moderni \u012franga Surinkimo instrukcijos \/ surinkimo priedai Surinkimas Savaranki\u0161kam surinkimui Korpuso spalva Cremona Torro Oak Korpuso med\u017eiaga \/ tipas \/ storis 16 mm baldin\u0117 plok\u0161t\u0117 Vir\u0161utinio korpuso vir\u0161utinio sluoksnio med\u017eiaga \/ tipas \/ storis 16 mm baldin\u0117 plok\u0161t\u0117 Apatinio korpuso vir\u0161utinio sluoksnio med\u017eiaga \/ tipas \/ storis 16 mm baldin\u0117 plok\u0161t\u0117 Pagrindo med\u017eiaga \/ tipas \/ storis 32 mm baldin\u0117 plok\u0161t\u0117 (2 x 16) Lentynos spalva Cremona Torro Oak Lentynos med\u017eiaga \/ tipas \/ storis 16 mm baldin\u0117 plok\u0161t\u0117 Kar\u016bnuotos lentynos kiekis 1 Galin\u0117s sienel\u0117s med\u017eiaga \/ tipas \/ storis HDF baldin\u0117 plok\u0161t\u0117 2,5 mm Galin\u0117s sienel\u0117s matomos dalies spalva Artisan Oak Priekin\u0117 spalva Cashmere Matt Priekin\u0117 med\u017eiaga \/ tipas \/ storis MDF baldin\u0117 plok\u0161t\u0117 18 mm Priekinis vyris \u2300 35 mm, reguliuojamas trijose plok\u0161tumose Priekin\u0117 rankena \/ apdaila \/ Spalva Aliuminis \/ Auksin\u0117 Glaz\u016bruota priekin\u0117 apdaila \/ stiklo spalva Gr\u016bdintas \/ Antisol grafitas Glaz\u016bruoto priekinio stiklo storis 4 mm Stiklin\u0117s lentynos stiklo spalva Bespalv\u0117 Stiklin\u0117s lentynos stiklo storis 5 mm Stiklini\u0173 lentyn\u0173 kiekis 2 \u0160velnaus u\u017edarymo dureli\u0173 sistema Standartin\u0117 komplektacija Kojel\u0117 \/ apdaila \/ spalva Nereguliuojama \/ Bald\u0173 slankiklis \/ plastikas \/ Juoda Dureli\u0173 skai\u010dius 4 U\u017edar\u0173 ni\u0161\u0173 skai\u010dius u\u017e priekinio stiklo 4 U\u017edar\u0173 ni\u0161\u0173 skai\u010dius 2<\/p>","protected":false},"excerpt":{"rendered":"<p>MILTON kolekcijos vitrina ML04 \u2013 tai tobulas estetikos ir funkcionalumo derinys, sukurta galvojant apie modern\u0173 interjer\u0105. Matiniai MDF fasadai, si\u016blomi \u012fvairi\u0173 eleganti\u0161k\u0173 spalv\u0173, apa\u010dioje puo\u0161ti subtiliu, vertikaliu frezavimu, kuris traukia d\u0117mes\u012f ir suteikia baldui unikal\u0173 charakter\u012f. Minimalistin\u0117s auksin\u0117s ranken\u0117l\u0117s pabr\u0117\u017eia rafinuot\u0105 [\u2026]<\/p>","protected":false},"featured_media":255626,"comment_status":"open","ping_status":"open","template":"","meta":[],"product_brand":[],"product_cat":[2457,2006],"product_tag":[],"class_list":{"0":"post-255625","1":"product","2":"type-product","3":"status-publish","4":"has-post-thumbnail","6":"product_cat-liveo","7":"product_cat-vitrines","9":"first","10":"instock","11":"purchasable","12":"product-type-simple"},"_links":{"self":[{"href":"https:\/\/baldumarket.lt\/lt\/wp-json\/wp\/v2\/product\/255625","targetHints":{"allow":["GET"]}}],"collection":[{"href":"https:\/\/baldumarket.lt\/lt\/wp-json\/wp\/v2\/product"}],"about":[{"href":"https:\/\/baldumarket.lt\/lt\/wp-json\/wp\/v2\/types\/product"}],"replies":[{"embeddable":true,"href":"https:\/\/baldumarket.lt\/lt\/wp-json\/wp\/v2\/comments?post=255625"}],"wp:featuredmedia":[{"embeddable":true,"href":"https:\/\/baldumarket.lt\/lt\/wp-json\/wp\/v2\/media\/255626"}],"wp:attachment":[{"href":"https:\/\/baldumarket.lt\/lt\/wp-json\/wp\/v2\/media?parent=255625"}],"wp:term":[{"taxonomy":"product_brand","embeddable":true,"href":"https:\/\/baldumarket.lt\/lt\/wp-json\/wp\/v2\/product_brand?post=255625"},{"taxonomy":"product_cat","embeddable":true,"href":"https:\/\/baldumarket.lt\/lt\/wp-json\/wp\/v2\/product_cat?post=255625"},{"taxonomy":"product_tag","embeddable":true,"href":"https:\/\/baldumarket.lt\/lt\/wp-json\/wp\/v2\/product_tag?post=255625"}],"curies":[{"name":"wp","href":"https:\/\/api.w.org\/{rel}","templated":true}]}}