{"id":255571,"date":"2026-01-10T22:36:32","date_gmt":"2026-01-10T19:36:32","guid":{"rendered":"https:\/\/baldumarket.lt\/product\/milton-ml03-komoda\/"},"modified":"2026-02-11T18:30:51","modified_gmt":"2026-02-11T15:30:51","slug":"milton-ml03-komoda","status":"publish","type":"product","link":"https:\/\/baldumarket.lt\/lt\/product\/milton-ml03-komoda\/","title":{"rendered":"MILTON ML03 komoda su stal\u010diais"},"content":{"rendered":"<p>Moderni MILTON kolekcijos komoda ML03 \u2013 puikus pasirinkimas ie\u0161kantiems funkcionali\u0173 sprendim\u0173 su eleganti\u0161ku prisilietimu. Matin\u0117s apdailos MDF fasadai yra \u012fvairi\u0173 spalv\u0173, o j\u0173 vertikalus frezavimas suteikia subtilios dinamikos ir unikalaus charakterio. Auksin\u0117s ranken\u0117l\u0117s suteikia skoningo akcento, pabr\u0117\u017eian\u010dio modern\u0173 bald\u0173 stili\u0173. Komoda buvo sukurta atsi\u017evelgiant \u012f prakti\u0161kum\u0105 \u2013 ji si\u016blo erdv\u0173 interjer\u0105, kuriame tilps tiek tekstil\u0117, tiek kasdieniai reikmenys, i\u0161laikant tvarking\u0105 ir tvarking\u0105 i\u0161vaizd\u0105. \u201eCremona Torro Oak\u201c korpusas suteikia erdvei nat\u016bralios \u0161ilumos ir sukuria patraukl\u0173 kontrast\u0105 su pasirinktos spalvos fasadais. Papildomai pasirenkamas LED ap\u0161vietimas komodos apa\u010dioje suteikia \u0161viesumo ir sukuria jauki\u0105 atmosfer\u0105. ML03 modelis puikiai tinka svetainei, valgomajam, miegamajam ar prie\u0161kambariui, papildydamas tiek modern\u0173, tiek klasikin\u012f interjer\u0105.<\/p>\n<p>Plotis 163,5 cm Gylis 40,5 cm Auk\u0161tis 88 cm Produkto svoris su pakuote 66,35 kg Gamintojo kodas \/ simbolis ML03 Kolekcijos pavadinimas MILTON Pavadinimas b2b sistemoje MILTON ML03 KREMINIO \u0104\u017dUOLO TORRO KA\u0160MYRO KOMOD\u0172 RINKINYS Produkto pakuo\u010di\u0173 skai\u010dius 3 Stilius Moderni \u012franga Surinkimo instrukcijos \/ surinkimo priedai Surinkimui Savaranki\u0161kam surinkimui Korpuso spalva Cremona Torro Oak Korpuso med\u017eiaga \/ tipas \/ storis 16 mm baldin\u0117 plok\u0161t\u0117 Vir\u0161utinio korpuso vir\u0161utinio sluoksnio med\u017eiaga \/ tipas \/ storis 16 mm baldin\u0117 plok\u0161t\u0117 Apatinio korpuso vir\u0161utinio sluoksnio med\u017eiaga \/ tipas \/ storis 16 mm baldin\u0117 plok\u0161t\u0117 Korpuso pagrindo med\u017eiaga \/ tipas \/ storis 32 mm baldin\u0117 plok\u0161t\u0117 (2 x 16) Lentyn\u0173 spalva Cremona Torro Oak Lentyn\u0173 med\u017eiaga \/ tipas \/ storis 16 mm baldin\u0117 plok\u0161t\u0117 Lentyn\u0173 kiekis 3 Galin\u0117s sienel\u0117s med\u017eiaga \/ tipas \/ storis Plok\u0161t\u0117 2,5 mm HDF baldin\u0117 plok\u0161t\u0117 Galin\u0117s sienel\u0117s matomos dalies spalva Artisan Oak Priekin\u0117 spalva Cashmere Matt Priekin\u0117s apdailos med\u017eiaga \/ tipas \/ storis 18 mm MDF baldin\u0117 plok\u0161t\u0117 Priekinis vyris \u2300 35 mm, reguliuojamas trijose plok\u0161tumose Priekin\u0117 rankena \/ Apdaila \/ spalva Aliuminis \/ Auksin\u0117 \u0160velnaus u\u017edarymo dureli\u0173 sistema Standartin\u0117 Pilno i\u0161traukimo stal\u010di\u0173 b\u0117geliai Papildoma koja \/ apdaila \/ spalva Reguliuojama vidurin\u0117 koja \/ plastikin\u0117 \/ Juoda Kojel\u0117 \/ apdaila \/ spalva Nereguliuojama \/ Bald\u0173 b\u0117gelis \/ plastikin\u0117 \/ Juoda Dureli\u0173 skai\u010dius 3 Stal\u010di\u0173 skai\u010dius 3 U\u017edar\u0173 ni\u0161\u0173 skai\u010dius 6<\/p>","protected":false},"excerpt":{"rendered":"<p>Moderni MILTON kolekcijos komoda ML03 \u2013 puikus pasirinkimas ie\u0161kantiems funkcionali\u0173 sprendim\u0173 su eleganti\u0161ku prisilietimu. Matin\u0117s apdailos MDF fasadai yra \u012fvairi\u0173 spalv\u0173, o j\u0173 vertikalus frezavimas suteikia subtilios dinamikos ir unikalaus charakterio. Auksin\u0117s ranken\u0117l\u0117s suteikia skoning\u0105 akcent\u0105, pabr\u0117\u017eiant modern\u0173 baldo [\u2026]<\/p>","protected":false},"featured_media":255572,"comment_status":"open","ping_status":"open","template":"","meta":[],"product_brand":[],"product_cat":[1173,2457],"product_tag":[],"class_list":{"0":"post-255571","1":"product","2":"type-product","3":"status-publish","4":"has-post-thumbnail","6":"product_cat-chests-of-drawers","7":"product_cat-liveo","9":"first","10":"instock","11":"purchasable","12":"product-type-simple"},"_links":{"self":[{"href":"https:\/\/baldumarket.lt\/lt\/wp-json\/wp\/v2\/product\/255571","targetHints":{"allow":["GET"]}}],"collection":[{"href":"https:\/\/baldumarket.lt\/lt\/wp-json\/wp\/v2\/product"}],"about":[{"href":"https:\/\/baldumarket.lt\/lt\/wp-json\/wp\/v2\/types\/product"}],"replies":[{"embeddable":true,"href":"https:\/\/baldumarket.lt\/lt\/wp-json\/wp\/v2\/comments?post=255571"}],"wp:featuredmedia":[{"embeddable":true,"href":"https:\/\/baldumarket.lt\/lt\/wp-json\/wp\/v2\/media\/255572"}],"wp:attachment":[{"href":"https:\/\/baldumarket.lt\/lt\/wp-json\/wp\/v2\/media?parent=255571"}],"wp:term":[{"taxonomy":"product_brand","embeddable":true,"href":"https:\/\/baldumarket.lt\/lt\/wp-json\/wp\/v2\/product_brand?post=255571"},{"taxonomy":"product_cat","embeddable":true,"href":"https:\/\/baldumarket.lt\/lt\/wp-json\/wp\/v2\/product_cat?post=255571"},{"taxonomy":"product_tag","embeddable":true,"href":"https:\/\/baldumarket.lt\/lt\/wp-json\/wp\/v2\/product_tag?post=255571"}],"curies":[{"name":"wp","href":"https:\/\/api.w.org\/{rel}","templated":true}]}}