{"id":255547,"date":"2026-01-10T22:36:22","date_gmt":"2026-01-10T19:36:22","guid":{"rendered":"https:\/\/baldumarket.lt\/product\/milton-ml02-komoda-2\/"},"modified":"2026-02-11T18:30:51","modified_gmt":"2026-02-11T15:30:51","slug":"milton-ml02-komoda-2","status":"publish","type":"product","link":"https:\/\/baldumarket.lt\/lt\/product\/milton-ml02-komoda-2\/","title":{"rendered":"MILTON ML02 komoda"},"content":{"rendered":"<p>Moderni MILTON kolekcijos ML02 indauja \u2013 puikus pasirinkimas tiems, kurie vertina apgalvotus sprendimus ir rafinuot\u0105 stili\u0173. Matiniai MDF fasadai, si\u016blomi keli\u0173 eleganti\u0161k\u0173 spalv\u0173, puo\u0161ti subtiliu, vertikaliu frezavimu, kuris traukia ak\u012f ir pabr\u0117\u017eia modern\u0173 baldo charakter\u012f. Auksin\u0117s ranken\u0117l\u0117s suteikia elegancijos ir rafinuotumo. Indaujas puo\u0161tas prakti\u0161komis lentynomis ir stal\u010diais ant rutulini\u0173 guoli\u0173 b\u0117geli\u0173, kurie \u2013 d\u0117l \u0161velnaus u\u017edarymo sistemos \u2013 u\u017etikrina patog\u0173 naudojim\u0105 ir tyl\u0173 veikim\u0105. Tai puiki vieta laikyti stalo \u012frankius, tekstil\u0119 ar nam\u0173 apyvokos daiktus. \u201eCremona Torro Oak\u201c korpusas suteikia nat\u016bralios \u0161ilumos, sukurdamas jauki\u0105, ta\u010diau moderni\u0105 kompozicij\u0105. Papildomai pasirenkamas LED ap\u0161vietimas spintel\u0117s apa\u010dioje sukuria maloni\u0105 atmosfer\u0105 ir pabr\u0117\u017eia jos \u0161viesi\u0105, stiling\u0105 form\u0105. MILTON indauja puikiai tinka svetainei, valgomajam, prie\u0161kambariui ar net moderniam biurui \u2013 auk\u0161\u010diausiu lygiu derina funkcionalum\u0105, komfort\u0105 ir estetik\u0105. Bald\u0173 viduje yra prakti\u0161kos lentynos ir stal\u010diais ant rutulini\u0173 guoli\u0173 b\u0117geli\u0173, kurie \u2013 kartu su tylaus u\u017edarymo sistema \u2013 u\u017etikrina auk\u0161t\u0105 naudojimo komfort\u0105 ir tyl\u0173 veikim\u0105.<\/p>\n<p>Plotis 95 cm Gylis 40,5 cm Auk\u0161tis 88 cm Produkto svoris su pakuote 41,75 kg Gamintojo kodas \/ simbolis ML02 Kolekcijos pavadinimas MILTON Pavadinimas b2b sistemoje MILTON ML02 KREMINIO \u0104\u017dUOLO TORRO PILKO KOMODOS KOMPLEKTAS Produkto pakuo\u010di\u0173 skai\u010dius 3 Stilius Modernus \u012eranga Surinkimo instrukcijos \/ surinkimo priedai Surinkimui Savaranki\u0161kam surinkimui Korpuso spalva Cremona Torro Oak Korpuso med\u017eiaga \/ tipas \/ storis 16 mm baldin\u0117 plok\u0161t\u0117 Vir\u0161utinio korpuso vir\u0161utinio sluoksnio med\u017eiaga \/ tipas \/ storis 16 mm baldin\u0117 plok\u0161t\u0117 Apatinio korpuso vir\u0161utinio sluoksnio med\u017eiaga \/ tipas \/ storis 16 mm baldin\u0117 plok\u0161t\u0117 Korpuso pagrindo med\u017eiaga \/ tipas \/ storis 32 mm baldin\u0117 plok\u0161t\u0117 (2 x 16) Lentyn\u0173 spalva Cremona Torro Oak Lentyn\u0173 med\u017eiaga \/ tipas \/ storis 16 mm baldin\u0117 plok\u0161t\u0117 Lentyn\u0173 kiekis 2 Galin\u0117s sienel\u0117s med\u017eiaga \/ tipas \/ storis HDF baldin\u0117 plok\u0161t\u0117 2,5 mm Galin\u0117s sienel\u0117s matomos dalies spalva Artisan Oak Priekin\u0117 spalva Matin\u0117 pilka Priekin\u0117s apdailos med\u017eiaga \/ tipas \/ storis 18 mm MDF baldin\u0117 plok\u0161t\u0117 Priekinis vyris \u2300 35 mm reguliuojamas trijose plok\u0161tumose Priekin\u0117 rankena \/ apdaila \/ spalva Aliuminis \/ Auksin\u0117 \u0160velnaus u\u017edarymo dureli\u0173 sistema Standartin\u0117 komplektacija Pilnai i\u0161traukiamos stal\u010di\u0173 b\u0117gel\u0117s Kojel\u0117 \/ apdaila \/ spalva Nereguliuojama \/ Bald\u0173 b\u0117gelis \/ plastikas \/ juoda Dureli\u0173 skai\u010dius 2 Stal\u010di\u0173 skai\u010dius 2 U\u017edar\u0173 ni\u0161\u0173 skai\u010dius 4<\/p>","protected":false},"excerpt":{"rendered":"<p>Moderni MILTON kolekcijos ML02 indauja \u2013 puikus pasirinkimas tiems, kurie vertina apgalvotus sprendimus ir rafinuot\u0105 stili\u0173. Matiniai MDF fasadai, si\u016blomi keli\u0173 eleganti\u0161k\u0173 spalv\u0173, puo\u0161ti subtiliu, vertikaliu frezavimu, kuris patraukia ak\u012f ir pabr\u0117\u017eia modern\u0173 baldo charakter\u012f. Auksin\u0117s ranken\u0117l\u0117s suteikia jaukumo [\u2026]<\/p>","protected":false},"featured_media":255548,"comment_status":"open","ping_status":"open","template":"","meta":[],"product_brand":[],"product_cat":[1173,2457],"product_tag":[],"class_list":{"0":"post-255547","1":"product","2":"type-product","3":"status-publish","4":"has-post-thumbnail","6":"product_cat-chests-of-drawers","7":"product_cat-liveo","9":"first","10":"instock","11":"purchasable","12":"product-type-simple"},"_links":{"self":[{"href":"https:\/\/baldumarket.lt\/lt\/wp-json\/wp\/v2\/product\/255547","targetHints":{"allow":["GET"]}}],"collection":[{"href":"https:\/\/baldumarket.lt\/lt\/wp-json\/wp\/v2\/product"}],"about":[{"href":"https:\/\/baldumarket.lt\/lt\/wp-json\/wp\/v2\/types\/product"}],"replies":[{"embeddable":true,"href":"https:\/\/baldumarket.lt\/lt\/wp-json\/wp\/v2\/comments?post=255547"}],"wp:featuredmedia":[{"embeddable":true,"href":"https:\/\/baldumarket.lt\/lt\/wp-json\/wp\/v2\/media\/255548"}],"wp:attachment":[{"href":"https:\/\/baldumarket.lt\/lt\/wp-json\/wp\/v2\/media?parent=255547"}],"wp:term":[{"taxonomy":"product_brand","embeddable":true,"href":"https:\/\/baldumarket.lt\/lt\/wp-json\/wp\/v2\/product_brand?post=255547"},{"taxonomy":"product_cat","embeddable":true,"href":"https:\/\/baldumarket.lt\/lt\/wp-json\/wp\/v2\/product_cat?post=255547"},{"taxonomy":"product_tag","embeddable":true,"href":"https:\/\/baldumarket.lt\/lt\/wp-json\/wp\/v2\/product_tag?post=255547"}],"curies":[{"name":"wp","href":"https:\/\/api.w.org\/{rel}","templated":true}]}}