{"id":255531,"date":"2026-01-10T22:36:15","date_gmt":"2026-01-10T19:36:15","guid":{"rendered":"https:\/\/baldumarket.lt\/product\/milton-ml01-rtv-4\/"},"modified":"2026-02-11T18:30:51","modified_gmt":"2026-02-11T15:30:51","slug":"milton-ml01-rtv-4","status":"publish","type":"product","link":"https:\/\/baldumarket.lt\/lt\/product\/milton-ml01-rtv-4\/","title":{"rendered":"MILTON ML01 RTV"},"content":{"rendered":"<p>\u201eMILTON\u201c kolekcijos \u201eML01\u201c televizoriaus staliukas \u2013 tai unikalus modernaus dizaino ir nesenstan\u010dios elegancijos derinys. MDF fasadai su madingu matiniu pavir\u0161iumi yra \u012fvairi\u0173 stiling\u0173 spalv\u0173 \u2013 nuo \u0161viesi\u0173 iki sodri\u0173 \u2013 ir yra pary\u0161kinti subtiliu vertikaliu frezavimu, suteikian\u010diu baldui rafinuot\u0105 charakter\u012f. Auksin\u0117s ranken\u0117l\u0117s suteikia elegancijos, o papildomas LED ap\u0161vietimas apa\u010dioje sukuria nuotaik\u0105 ir pabr\u0117\u017eia formos lengvum\u0105. \u201eCremona Torro Oak\u201c apdailos korpusas suteikia interjerui nat\u016bralios \u0161ilumos ir puikiai papildo \u012fvairi\u0105 fasad\u0173 spalv\u0173 palet\u0119, sukurdamas harmoning\u0105, moderni\u0105 kompozicij\u0105. Baldas suteikia prakti\u0161k\u0105 viet\u0105 televizoriaus ir multimedijos priedams laikyti, i\u0161laikant erdv\u0117s estetik\u0105. Tai idealus pasirinkimas tiems, kurie vertina funkcionalum\u0105 ir stili\u0173, puikiai papildantis tiek minimalistin\u012f, tiek klasikin\u012f svetain\u0117s dizain\u0105.<\/p>\n<p>Plotis 163,5 cm Gylis 40,5 cm Auk\u0161tis 58,5 cm Produkto svoris su pakuote 42,05 kg Gamintojo kodas \/ simbolis ML01 Kolekcijos pavadinimas MILTON Pavadinimas b2b sistemoje MILTON ML01 OAK CREM TORRO CASHMERE RTV KPL Produkto pakuo\u010di\u0173 skai\u010dius 3 Stilius Modernus \u012eranga Surinkimo instrukcijos \/ surinkimo priedai Surinkimas Savaranki\u0161kam surinkimui Korpuso spalva Cremona Torro Oak Korpuso med\u017eiaga \/ tipas \/ storis 16 mm baldin\u0117 plok\u0161t\u0117 Vir\u0161utin\u0117s korpuso dalies med\u017eiaga \/ tipas \/ storis 16 mm baldin\u0117 plok\u0161t\u0117 Apatin\u0117s korpuso dalies med\u017eiaga \/ tipas \/ storis 16 mm baldin\u0117 plok\u0161t\u0117 Pagrindo med\u017eiaga \/ tipas \/ storis 32 mm baldin\u0117 plok\u0161t\u0117 (2 x 16) Galin\u0117s sienel\u0117s med\u017eiaga \/ tipas \/ storis 2,5 mm HDF baldin\u0117 plok\u0161t\u0117 Galin\u0117s sienel\u0117s matomos dalies spalva Artisan Oak Priekin\u0117s spalvos Cashmere Matt Priekin\u0117s med\u017eiagos \/ tipas \/ storis 18 mm MDF baldin\u0117 plok\u0161t\u0117 Priekinis vyris \u2300 35 mm, reguliuojamas trijose plok\u0161tumose Priekin\u0117 rankena \/ apdaila \/ spalva Aliuminis \/ Auksin\u0117 \u0160velnaus u\u017edarymo sistema Standartin\u0117 Papildoma koja \/ apdaila \/ spalva Reguliuojama vidurin\u0117 koja \/ plastikas \/ Juoda Kojel\u0117 \/ apdaila \/ spalva Nereguliuojama \/ Bald\u0173 slydiklis \/ plastikas \/ juoda Dureli\u0173 skai\u010dius 3 U\u017edar\u0173 ni\u0161\u0173 skai\u010dius 3<\/p>","protected":false},"excerpt":{"rendered":"<p>MILTON kolekcijos ML01 televizoriaus staliukas \u2013 tai unikalus modernaus dizaino ir nesenstan\u010dios elegancijos derinys. MDF fasadai su madingu matiniu pavir\u0161iumi yra \u012fvairi\u0173 stiling\u0173 spalv\u0173 \u2013 nuo \u0161viesi\u0173 iki sodri\u0173 atspalvi\u0173 \u2013 ir yra pary\u0161kinti subtiliu, vertikaliu frezavimu, suteikian\u010diu baldui rafinuot\u0105 charakter\u012f. [\u2026]<\/p>","protected":false},"featured_media":255532,"comment_status":"open","ping_status":"open","template":"","meta":[],"product_brand":[],"product_cat":[2457,1175],"product_tag":[],"class_list":{"0":"post-255531","1":"product","2":"type-product","3":"status-publish","4":"has-post-thumbnail","6":"product_cat-liveo","7":"product_cat-tv-stands","9":"first","10":"instock","11":"purchasable","12":"product-type-simple"},"_links":{"self":[{"href":"https:\/\/baldumarket.lt\/lt\/wp-json\/wp\/v2\/product\/255531","targetHints":{"allow":["GET"]}}],"collection":[{"href":"https:\/\/baldumarket.lt\/lt\/wp-json\/wp\/v2\/product"}],"about":[{"href":"https:\/\/baldumarket.lt\/lt\/wp-json\/wp\/v2\/types\/product"}],"replies":[{"embeddable":true,"href":"https:\/\/baldumarket.lt\/lt\/wp-json\/wp\/v2\/comments?post=255531"}],"wp:featuredmedia":[{"embeddable":true,"href":"https:\/\/baldumarket.lt\/lt\/wp-json\/wp\/v2\/media\/255532"}],"wp:attachment":[{"href":"https:\/\/baldumarket.lt\/lt\/wp-json\/wp\/v2\/media?parent=255531"}],"wp:term":[{"taxonomy":"product_brand","embeddable":true,"href":"https:\/\/baldumarket.lt\/lt\/wp-json\/wp\/v2\/product_brand?post=255531"},{"taxonomy":"product_cat","embeddable":true,"href":"https:\/\/baldumarket.lt\/lt\/wp-json\/wp\/v2\/product_cat?post=255531"},{"taxonomy":"product_tag","embeddable":true,"href":"https:\/\/baldumarket.lt\/lt\/wp-json\/wp\/v2\/product_tag?post=255531"}],"curies":[{"name":"wp","href":"https:\/\/api.w.org\/{rel}","templated":true}]}}