{"id":255501,"date":"2026-01-10T22:36:02","date_gmt":"2026-01-10T19:36:02","guid":{"rendered":"https:\/\/baldumarket.lt\/product\/mati-mi19-szafka-nocna-uniwersalna-lewostronna-prawostronna\/"},"modified":"2026-02-11T18:30:51","modified_gmt":"2026-02-11T15:30:51","slug":"mati-mi19-szafka-nocna-uniwersalna-lewostronna-prawostronna","status":"publish","type":"product","link":"https:\/\/baldumarket.lt\/lt\/product\/mati-mi19-szafka-nocna-uniwersalna-lewostronna-prawostronna\/","title":{"rendered":"MATI MI19 UNIVERSALUS NAKTINIS STILIUKAS KAIR\u0116\/DE\u0160IN\u0116"},"content":{"rendered":"<p>Stilingas ir funkcionalus MI19 naktinis staliukas i\u0161 \u201eCremona Cotta\u201c \u0105\u017euolo su juodomis kojel\u0117mis puikiai papildys \u201eMati\u201c kolekcijos miegam\u0105j\u012f. Minimalistinis dizainas ir \u0161iltas \u0105\u017euolo atspalvis kartu su eleganti\u0161komis juodomis kojel\u0117mis sukuria harmoning\u0105 visum\u0105, kuri puikiai dera su tos pa\u010dios kolekcijos lovomis. Tur\u0117damas vien\u0105 erdv\u0173 stal\u010di\u0173, jis si\u016blo patog\u0173 smulki\u0173 daikt\u0173 laikym\u0105. Tvirta konstrukcija u\u017etikrina patvarum\u0105 ir eleganti\u0161k\u0105 i\u0161vaizd\u0105, kuri papuo\u0161 bet kok\u012f interjer\u0105.<\/p>\n<p>Plotis 53,5 cm Gylis 40 cm Auk\u0161tis 61,5 cm Produkto svoris su pakuote 18,40 kg Gamintojo kodas \/ simbolis MI19 Kolekcijos pavadinimas MATI Pavadinimas b2b sistemoje MATI MI19 \u0104\u017dUOLO KREMO COTTA\/CZ NAKTIN\u0116 SPINTEL\u0116 L\/P KOMPLEKTAS Produkto pakuo\u010di\u0173 skai\u010dius 2 Stilius Moderni \u012franga Surinkimo instrukcijos \/ surinkimo priedai Surinkimas Savaranki\u0161kam surinkimui Korpuso spalva Kremonos cotta \u0105\u017euolas \/ Juoda Korpuso med\u017eiaga \/ tipas \/ storis 16 mm bald\u0173 plok\u0161t\u0117 \/ lentjuost\u0117s 16 mm MDF bald\u0173 plok\u0161t\u0117 Korpuso vir\u0161utin\u0117 dalis \/ med\u017eiaga \/ tipas \/ storis 16 mm bald\u0173 plok\u0161t\u0117 Korpuso apa\u010dia \/ med\u017eiaga \/ tipas \/ storis 16 mm bald\u0173 plok\u0161t\u0117 Korpuso pagrindo dalis \/ med\u017eiaga \/ tipas \/ storis 16 mm bald\u0173 plok\u0161t\u0117 Galin\u0117s sienel\u0117s med\u017eiaga \/ tipas \/ storis 2,5 mm HDF bald\u0173 plok\u0161t\u0117 Matoma galin\u0117s sienel\u0117s dalis \u0104\u017euolas Cotta Priekin\u0117s spalvos Kremonos cotta \u0105\u017euolas Priekin\u0117s apdailos med\u017eiaga \/ tipas \/ storis 16 mm bald\u0173 plok\u0161t\u0117 Priekin\u0117 rankena \/ apdaila \/ spalva Plastikin\u0117 \/ juoda Pilno i\u0161traukimo stal\u010diaus b\u0117geliai Kojel\u0117 \/ apdaila \/ spalva Nereguliuojami \/ metaliniai \/ juoda Kojel\u0117s auk\u0161tis 150 mm Stal\u010di\u0173 skai\u010dius 1 Atvir\u0173 ni\u0161\u0173 skai\u010dius 1 Universalus korpusas (kairinis \/ de\u0161ininis) TAIP<\/p>","protected":false},"excerpt":{"rendered":"<p>Stilingas ir funkcionalus MI19 naktinis staliukas i\u0161 \u201eCremona Cotta\u201c \u0105\u017euolo su juodomis kojel\u0117mis puikiai dera prie \u201eMati\u201c kolekcijos miegamojo. Minimalistinis dizainas ir \u0161iltas \u0105\u017euolo atspalvis kartu su eleganti\u0161komis juodomis kojel\u0117mis sukuria harmoning\u0105 visum\u0105, kuri puikiai dera su tos pa\u010dios kolekcijos lovomis. Su vienu erdviu stal\u010diumi, jis si\u016blo patog\u0173 daikt\u0173 laikym\u0105 [\u2026]<\/p>","protected":false},"featured_media":255455,"comment_status":"open","ping_status":"open","template":"","meta":[],"product_brand":[],"product_cat":[1176,2457],"product_tag":[],"class_list":{"0":"post-255501","1":"product","2":"type-product","3":"status-publish","4":"has-post-thumbnail","6":"product_cat-bedside-tables","7":"product_cat-liveo","9":"first","10":"instock","11":"purchasable","12":"product-type-simple"},"_links":{"self":[{"href":"https:\/\/baldumarket.lt\/lt\/wp-json\/wp\/v2\/product\/255501","targetHints":{"allow":["GET"]}}],"collection":[{"href":"https:\/\/baldumarket.lt\/lt\/wp-json\/wp\/v2\/product"}],"about":[{"href":"https:\/\/baldumarket.lt\/lt\/wp-json\/wp\/v2\/types\/product"}],"replies":[{"embeddable":true,"href":"https:\/\/baldumarket.lt\/lt\/wp-json\/wp\/v2\/comments?post=255501"}],"wp:featuredmedia":[{"embeddable":true,"href":"https:\/\/baldumarket.lt\/lt\/wp-json\/wp\/v2\/media\/255455"}],"wp:attachment":[{"href":"https:\/\/baldumarket.lt\/lt\/wp-json\/wp\/v2\/media?parent=255501"}],"wp:term":[{"taxonomy":"product_brand","embeddable":true,"href":"https:\/\/baldumarket.lt\/lt\/wp-json\/wp\/v2\/product_brand?post=255501"},{"taxonomy":"product_cat","embeddable":true,"href":"https:\/\/baldumarket.lt\/lt\/wp-json\/wp\/v2\/product_cat?post=255501"},{"taxonomy":"product_tag","embeddable":true,"href":"https:\/\/baldumarket.lt\/lt\/wp-json\/wp\/v2\/product_tag?post=255501"}],"curies":[{"name":"wp","href":"https:\/\/api.w.org\/{rel}","templated":true}]}}