{"id":25550,"date":"2025-11-14T16:49:49","date_gmt":"2025-11-14T13:49:49","guid":{"rendered":"https:\/\/baldumarket.lt\/product\/lanzzi-120-polka-czarny-mat-czarny-mat\/"},"modified":"2026-03-24T18:20:13","modified_gmt":"2026-03-24T15:20:13","slug":"lanzzi-120-polka-czarny-mat-czarny-mat","status":"publish","type":"product","link":"https:\/\/baldumarket.lt\/lt\/product\/lanzzi-120-polka-czarny-mat-czarny-mat\/","title":{"rendered":"Lanzzi 120 lentyn\u0117l\u0117, matin\u0117 juoda\/matin\u0117 juoda"},"content":{"rendered":"<p>Pakabinama lentyna \u201eLanzzi\u201c \u2013 tai unikalus baldas su \u012fleid\u017eiama vidine dalimi, vitrina ir dviem spintel\u0117mis su stumiant atidaromomis durel\u0117mis. 120 cm plo\u010dio ir 25 cm gylio lentyna puikiai tinka laikyti kelis smulkius daiktus. Prakti\u0161ki \u012fd\u0117klai paslepia smulkius daiktus ir padeda i\u0161laikyti \u0161var\u0105 bei tvark\u0105 bet kuriame kambaryje. Pridedami i\u0161sipl\u0117timo kam\u0161\u010diai, reikalingi lentynos pakabinimui. Baldas pagamintas i\u0161 MDF ir laminuotos plok\u0161t\u0117s. Did\u017eiausia pakabinamos spintel\u0117s \u201eLanzzi\u201c apkrova priklauso nuo sienos med\u017eiagos, ant kurios ji tvirtinama. Galima rinktis i\u0161 dviej\u0173 spalv\u0173. Lengvas surinkimas. Visos dalys yra komplekte. Auk\u0161tis: 20 cm. Gylis: 25 cm. Plotis: 120 cm. Svoris: 11 kg. Med\u017eiag\u0173 konfig\u016bracija: matin\u0117 juoda + meni\u0161kas \u0105\u017euolas \/ matin\u0117 juoda + matin\u0117 juoda. R\u0117mo spalva: juoda. Med\u017eiaga: MDF. Dur\u0173 skai\u010dius: 2. Lentyn\u0173 skai\u010dius: 3.<\/p>","protected":false},"excerpt":{"rendered":"<p>Pakabinama lentyna \u201eLanzzi\u201c \u2013 tai unikalus baldas su \u012fgilintu vidumi, vitrina ir dviem spintel\u0117mis su stumiant atidaromomis durel\u0117mis. 120 cm plo\u010dio ir 25 cm gylio lentyna puikiai tinka laikyti \u012fvairius smulkius daiktus. Prakti\u0161ki \u012fd\u0117klai paslepia smulkius daiktus ir padeda i\u0161laikyti \u0161vari\u0105 ir tvarking\u0105 i\u0161vaizd\u0105 [\u2026]<\/p>","protected":false},"featured_media":25551,"comment_status":"open","ping_status":"open","template":"","meta":[],"product_brand":[],"product_cat":[2012,9169,1174],"product_tag":[],"class_list":{"0":"post-25550","1":"product","2":"type-product","3":"status-publish","4":"has-post-thumbnail","6":"product_cat-eltap","7":"product_cat-polki-eltap","8":"product_cat-hanging-shelves","9":"pa_frame-material-undefined","10":"pa_frame-material-type-undefined","11":"pa_leg-color-undefined","12":"pa_leg-material-undefined","13":"pa_linen-box-undefined","14":"pa_main-color-black","15":"pa_price-group-basic","16":"pa_seat-depth-undefined","17":"pa_seat-width-undefined","18":"pa_sleep-function-undefined","19":"pa_sleeping-area-length-undefined","20":"pa_sleeping-area-width-undefined","21":"pa_style-undefined","22":"pa_textile-czarny-mat","23":"pa_upholstery-material-undefined","25":"first","26":"instock","27":"purchasable","28":"product-type-simple"},"_links":{"self":[{"href":"https:\/\/baldumarket.lt\/lt\/wp-json\/wp\/v2\/product\/25550","targetHints":{"allow":["GET"]}}],"collection":[{"href":"https:\/\/baldumarket.lt\/lt\/wp-json\/wp\/v2\/product"}],"about":[{"href":"https:\/\/baldumarket.lt\/lt\/wp-json\/wp\/v2\/types\/product"}],"replies":[{"embeddable":true,"href":"https:\/\/baldumarket.lt\/lt\/wp-json\/wp\/v2\/comments?post=25550"}],"wp:featuredmedia":[{"embeddable":true,"href":"https:\/\/baldumarket.lt\/lt\/wp-json\/wp\/v2\/media\/25551"}],"wp:attachment":[{"href":"https:\/\/baldumarket.lt\/lt\/wp-json\/wp\/v2\/media?parent=25550"}],"wp:term":[{"taxonomy":"product_brand","embeddable":true,"href":"https:\/\/baldumarket.lt\/lt\/wp-json\/wp\/v2\/product_brand?post=25550"},{"taxonomy":"product_cat","embeddable":true,"href":"https:\/\/baldumarket.lt\/lt\/wp-json\/wp\/v2\/product_cat?post=25550"},{"taxonomy":"product_tag","embeddable":true,"href":"https:\/\/baldumarket.lt\/lt\/wp-json\/wp\/v2\/product_tag?post=25550"}],"curies":[{"name":"wp","href":"https:\/\/api.w.org\/{rel}","templated":true}]}}