{"id":255495,"date":"2026-01-10T22:35:59","date_gmt":"2026-01-10T19:35:59","guid":{"rendered":"https:\/\/baldumarket.lt\/product\/mati-mi18-160-s-p-loze-z-pojemnikiem-na-posciel\/"},"modified":"2026-02-11T18:30:51","modified_gmt":"2026-02-11T15:30:51","slug":"mati-mi18-160-s-p-loze-z-pojemnikiem-na-posciel","status":"publish","type":"product","link":"https:\/\/baldumarket.lt\/lt\/product\/mati-mi18-160-s-p-loze-z-pojemnikiem-na-posciel\/","title":{"rendered":"MATI MI18\/160 SP Lova su patalyn\u0117s d\u0117\u017ee"},"content":{"rendered":"<p>160 cm plo\u010dio \u201eMati MI18\u201c lova \u2013 tai tobulas modernaus dizaino ir funkcionalumo derinys. D\u0117l \u012fmontuoto patalyn\u0117s skyriaus ji suteikia papildomos vietos daiktams susid\u0117ti, o tai ypa\u010d praver\u010dia tvarkant miegam\u0105j\u012f. Stilinga \u201eCremona\u201c \u0105\u017euolo spalv\u0173 gama su juodais akcentais suteikia jai eleganti\u0161k\u0105 ir \u0161iuolaiki\u0161k\u0105 i\u0161vaizd\u0105, kuri puikiai dera prie modernaus interjero. \u0160i lova si\u016blo patog\u0173 ir prakti\u0161k\u0105 sprendim\u0105 tiek erdviems miegamiesiems, tiek tiems, kurie nori sutaupyti vietos.<\/p>\n<p>Plotis 167 cm Ilgis 218 cm Auk\u0161tis 108 cm Miegamoji erdv\u0117 160 cm x 200 cm Gaminio svoris su pakuote 121,15 kg Gamintojo kodas \/ simbolis MI18\/160S.P. Kolekcijos pavadinimas MATI Pavadinimas b2b sistemoje MATI MI18\/160 \u0104\u017dUOLO KREMIN\u0116 COTTA\/CZ LOVA 160 su SiP KPL Produkt\u0173 pakuo\u010di\u0173 skai\u010dius 6 Stilius Moderni \u012eranga Surinkimo instrukcijos \/ surinkimo priedai Surinkimas Savaranki\u0161kam surinkimui Spalvos Kremonos cotta \u0105\u017euolas \/ Juoda Vir\u0161utin\u0117s dalies med\u017eiaga \/ tipas \/ storis 16 mm bald\u0173 lenta \/ 28 mm bald\u0173 lenta \/ lentjuost\u0117s 16 mm MDF bald\u0173 lenta Kair\u0117s ir de\u0161in\u0117s pusi\u0173 med\u017eiaga \/ tipas \/ storis 28 mm bald\u0173 lenta Dugno med\u017eiaga \/ tipas \/ storis 28 mm bald\u0173 lenta Pagrindo med\u017eiaga \/ tipas \/ storis 16 mm bald\u0173 lenta Kojel\u0117 \/ med\u017eiaga \/ spalva Nereguliuojama \/ Bald\u0173 slydiklis \/ plastikas \/ Juoda R\u0117mas Standartinis R\u0117mo med\u017eiaga Metalinis r\u0117mas \/ medin\u0117s lentjuost\u0117s R\u0117mo lentjuos\u010di\u0173 skai\u010dius 48 Patalyn\u0117 Standartinis Vidinis konteinerio tipas lovoje U\u017edar\u0173 ertmi\u0173 skai\u010dius: 2<\/p>","protected":false},"excerpt":{"rendered":"<p>160 cm plo\u010dio \u201eMati MI18\u201c lova \u2013 tai tobulas modernaus dizaino ir funkcionalumo derinys. D\u0117l \u012fmontuoto patalyn\u0117s skyriaus ji suteikia papildomos vietos daiktams susid\u0117ti, o tai ypa\u010d naudinga tvarkant miegam\u0105j\u012f. Stilinga \u201eCremona\u201c \u0105\u017euolo spalv\u0173 gama su juodais akcentais suteikia jai eleganti\u0161k\u0105 ir \u0161iuolaiki\u0161k\u0105 i\u0161vaizd\u0105, kuri puikiai dera su [\u2026]<\/p>","protected":false},"featured_media":255454,"comment_status":"open","ping_status":"open","template":"","meta":[],"product_brand":[],"product_cat":[505,2457],"product_tag":[],"class_list":{"0":"post-255495","1":"product","2":"type-product","3":"status-publish","4":"has-post-thumbnail","6":"product_cat-bedroom-beds","7":"product_cat-liveo","9":"first","10":"instock","11":"purchasable","12":"product-type-simple"},"_links":{"self":[{"href":"https:\/\/baldumarket.lt\/lt\/wp-json\/wp\/v2\/product\/255495","targetHints":{"allow":["GET"]}}],"collection":[{"href":"https:\/\/baldumarket.lt\/lt\/wp-json\/wp\/v2\/product"}],"about":[{"href":"https:\/\/baldumarket.lt\/lt\/wp-json\/wp\/v2\/types\/product"}],"replies":[{"embeddable":true,"href":"https:\/\/baldumarket.lt\/lt\/wp-json\/wp\/v2\/comments?post=255495"}],"wp:featuredmedia":[{"embeddable":true,"href":"https:\/\/baldumarket.lt\/lt\/wp-json\/wp\/v2\/media\/255454"}],"wp:attachment":[{"href":"https:\/\/baldumarket.lt\/lt\/wp-json\/wp\/v2\/media?parent=255495"}],"wp:term":[{"taxonomy":"product_brand","embeddable":true,"href":"https:\/\/baldumarket.lt\/lt\/wp-json\/wp\/v2\/product_brand?post=255495"},{"taxonomy":"product_cat","embeddable":true,"href":"https:\/\/baldumarket.lt\/lt\/wp-json\/wp\/v2\/product_cat?post=255495"},{"taxonomy":"product_tag","embeddable":true,"href":"https:\/\/baldumarket.lt\/lt\/wp-json\/wp\/v2\/product_tag?post=255495"}],"curies":[{"name":"wp","href":"https:\/\/api.w.org\/{rel}","templated":true}]}}