{"id":255489,"date":"2026-01-10T22:35:55","date_gmt":"2026-01-10T19:35:55","guid":{"rendered":"https:\/\/baldumarket.lt\/product\/mati-mi18-140-s-p-loze-z-pojemnikiem-na-posciel\/"},"modified":"2026-02-11T18:30:51","modified_gmt":"2026-02-11T15:30:51","slug":"mati-mi18-140-s-p-loze-z-pojemnikiem-na-posciel","status":"publish","type":"product","link":"https:\/\/baldumarket.lt\/lt\/product\/mati-mi18-140-s-p-loze-z-pojemnikiem-na-posciel\/","title":{"rendered":"MATI MI18\/140 SP Lova su patalyn\u0117s d\u0117\u017ee"},"content":{"rendered":"<p>140 cm plo\u010dio \u201eMati MI18\u201c lova \u2013 puikus pasirinkimas ie\u0161kantiems patogios miegojimo vietos, kuri kartu leist\u0173 optimaliai i\u0161naudoti erdv\u0119. D\u0117l patalyn\u0117s skyriaus lovoje yra papildomos vietos daiktams susid\u0117ti, o tai ypa\u010d praver\u010dia ma\u017eesniuose kambariuose. Modernus dizainas su eleganti\u0161ka \u201eCremona\u201c \u0105\u017euolo apdaila ir juodais akcentais paver\u010dia \u0161i\u0105 lov\u0105 puikiu papildymu paauglio kambaryje. Tai funkcionalumo ir stiliaus derinys, kuris patenkins tiek paauglius, tiek suaugusiuosius, vertinan\u010dius modernius sprendimus.<\/p>\n<p>Plotis 147 cm Ilgis 218 cm Auk\u0161tis 108 cm Miegamoji erdv\u0117 140 cm x 200 cm Gaminio svoris su pakuote 111,95 kg Gamintojo kodas \/ simbolis MI18\/140S.P. Kolekcijos pavadinimas MATI Pavadinimas b2b sistemoje MATI MI18\/140 \u0104\u017dUOLO KREMIN\u0116 COTTA\/CZ LOVA 140 su SiP KPL Produkt\u0173 pakuo\u010di\u0173 skai\u010dius 6 Stilius Moderni \u012eranga Surinkimo instrukcijos \/ surinkimo priedai Surinkimas Savaranki\u0161kam surinkimui Spalvos Kremonos cotta \u0105\u017euolas \/ Juoda Vir\u0161utin\u0117s dalies med\u017eiaga \/ tipas \/ storis 16 mm bald\u0173 lenta \/ 28 mm bald\u0173 lenta \/ lentjuost\u0117s 16 mm MDF bald\u0173 lenta Kair\u0117s ir de\u0161in\u0117s pusi\u0173 med\u017eiaga \/ tipas \/ storis 28 mm bald\u0173 lenta Dugno med\u017eiaga \/ tipas \/ storis 28 mm bald\u0173 lenta Pagrindo med\u017eiaga \/ tipas \/ storis 16 mm bald\u0173 lenta Kojel\u0117 \/ med\u017eiaga \/ spalva Nereguliuojama \/ Bald\u0173 slydiklis \/ plastikas \/ Juoda R\u0117mas Standartinis R\u0117mo med\u017eiaga Metalinis r\u0117mas \/ medin\u0117s lentjuost\u0117s R\u0117mo lentjuos\u010di\u0173 skai\u010dius 48 Patalyn\u0117 Standartinis Vidinio konteinerio tipas lovoje U\u017edar\u0173 ertmi\u0173 skai\u010dius: 2<\/p>","protected":false},"excerpt":{"rendered":"<p>140 cm plo\u010dio \u201eMati MI18\u201c lova \u2013 puikus pasirinkimas ie\u0161kantiems patogios miegojimo vietos, kuri kartu leist\u0173 optimaliai i\u0161naudoti erdv\u0119. D\u0117l patalyn\u0117s skyriaus lovoje yra papildomos vietos daiktams susid\u0117ti, o tai ypa\u010d naudinga ma\u017eesniuose kambariuose. Jos modernus dizainas su eleganti\u0161ka \u201eCremona\u201c \u0105\u017euolo apdaila ir juoda [\u2026]<\/p>","protected":false},"featured_media":255443,"comment_status":"open","ping_status":"open","template":"","meta":[],"product_brand":[],"product_cat":[505,2457],"product_tag":[],"class_list":{"0":"post-255489","1":"product","2":"type-product","3":"status-publish","4":"has-post-thumbnail","6":"product_cat-bedroom-beds","7":"product_cat-liveo","9":"first","10":"instock","11":"purchasable","12":"product-type-simple"},"_links":{"self":[{"href":"https:\/\/baldumarket.lt\/lt\/wp-json\/wp\/v2\/product\/255489","targetHints":{"allow":["GET"]}}],"collection":[{"href":"https:\/\/baldumarket.lt\/lt\/wp-json\/wp\/v2\/product"}],"about":[{"href":"https:\/\/baldumarket.lt\/lt\/wp-json\/wp\/v2\/types\/product"}],"replies":[{"embeddable":true,"href":"https:\/\/baldumarket.lt\/lt\/wp-json\/wp\/v2\/comments?post=255489"}],"wp:featuredmedia":[{"embeddable":true,"href":"https:\/\/baldumarket.lt\/lt\/wp-json\/wp\/v2\/media\/255443"}],"wp:attachment":[{"href":"https:\/\/baldumarket.lt\/lt\/wp-json\/wp\/v2\/media?parent=255489"}],"wp:term":[{"taxonomy":"product_brand","embeddable":true,"href":"https:\/\/baldumarket.lt\/lt\/wp-json\/wp\/v2\/product_brand?post=255489"},{"taxonomy":"product_cat","embeddable":true,"href":"https:\/\/baldumarket.lt\/lt\/wp-json\/wp\/v2\/product_cat?post=255489"},{"taxonomy":"product_tag","embeddable":true,"href":"https:\/\/baldumarket.lt\/lt\/wp-json\/wp\/v2\/product_tag?post=255489"}],"curies":[{"name":"wp","href":"https:\/\/api.w.org\/{rel}","templated":true}]}}